{"id":1037,"date":"2018-07-30T10:14:01","date_gmt":"2018-07-30T10:14:01","guid":{"rendered":"http:\/\/www.culture-sorbonne.fr\/scholars\/?page_id=1037"},"modified":"2018-07-30T10:14:01","modified_gmt":"2018-07-30T10:14:01","slug":"dossier-de-presse","status":"publish","type":"page","link":"https:\/\/sorbonnescholars.sorbonne-universite.fr\/?page_id=1037","title":{"rendered":"Dossier de Presse"},"content":{"rendered":"<p>Dossier de presse ann\u00e9e 2017-2018 :<\/p>\n<p><strong>Les 500 ans du Codex Medicis<\/strong><\/p>\n<p><a href=\"https:\/\/sorbonnescholars.sorbonne-universite.fr\/wp-content\/uploads\/2018\/07\/Capturepresse.jpg\"><img loading=\"lazy\" decoding=\"async\" class=\"alignnone size-medium wp-image-1042\" src=\"http:\/\/www.culture-sorbonne.fr\/scholars\/files\/2018\/07\/Capturepresse-213x300.jpg\" alt=\"\" width=\"213\" height=\"300\" srcset=\"https:\/\/sorbonnescholars.sorbonne-universite.fr\/wp-content\/uploads\/2018\/07\/Capturepresse-213x300.jpg 213w, https:\/\/sorbonnescholars.sorbonne-universite.fr\/wp-content\/uploads\/2018\/07\/Capturepresse.jpg 552w\" sizes=\"auto, (max-width: 213px) 100vw, 213px\" \/><\/a><\/p>\n<h2><a href=\"https:\/\/sorbonnescholars.sorbonne-universite.fr\/wp-content\/uploads\/2018\/08\/Dossierdepresse2018_audio.pdf\">Dossierdepresse2018_audio<\/a><\/h2>\n<audio class=\"wp-audio-shortcode\" id=\"audio-1037-1\" preload=\"none\" style=\"width: 100%;\" controls=\"controls\"><source type=\"audio\/mpeg\" src=\"https:\/\/sorbonnescholars.sorbonne-universite.fr\/wp-content\/uploads\/2018\/08\/07_Exalta_Regina_Galliae.mp3?_=1\" \/><a href=\"https:\/\/sorbonnescholars.sorbonne-universite.fr\/wp-content\/uploads\/2018\/08\/07_Exalta_Regina_Galliae.mp3\">https:\/\/sorbonnescholars.sorbonne-universite.fr\/wp-content\/uploads\/2018\/08\/07_Exalta_Regina_Galliae.mp3<\/a><\/audio>\n<p>Exalta regina Galli\u00e6 de Jean Mouton, ex\u00e9cut\u00e9 \u00e0 Saint-Jacques-du-Haut-Pas<br \/>\nEnregistrement : Andrea Moneti<\/p>\n","protected":false},"excerpt":{"rendered":"<p>Dossier de presse ann\u00e9e 2017-2018 : Les 500 ans du Codex Medicis Dossierdepresse2018_audio Exalta regina Galli\u00e6 de Jean Mouton, ex\u00e9cut\u00e9 \u00e0 Saint-Jacques-du-Haut-Pas Enregistrement : Andrea Moneti<\/p>\n","protected":false},"author":6,"featured_media":0,"parent":0,"menu_order":0,"comment_status":"closed","ping_status":"closed","template":"","meta":{"footnotes":""},"class_list":["post-1037","page","type-page","status-publish","hentry"],"_links":{"self":[{"href":"https:\/\/sorbonnescholars.sorbonne-universite.fr\/index.php?rest_route=\/wp\/v2\/pages\/1037","targetHints":{"allow":["GET"]}}],"collection":[{"href":"https:\/\/sorbonnescholars.sorbonne-universite.fr\/index.php?rest_route=\/wp\/v2\/pages"}],"about":[{"href":"https:\/\/sorbonnescholars.sorbonne-universite.fr\/index.php?rest_route=\/wp\/v2\/types\/page"}],"author":[{"embeddable":true,"href":"https:\/\/sorbonnescholars.sorbonne-universite.fr\/index.php?rest_route=\/wp\/v2\/users\/6"}],"replies":[{"embeddable":true,"href":"https:\/\/sorbonnescholars.sorbonne-universite.fr\/index.php?rest_route=%2Fwp%2Fv2%2Fcomments&post=1037"}],"version-history":[{"count":0,"href":"https:\/\/sorbonnescholars.sorbonne-universite.fr\/index.php?rest_route=\/wp\/v2\/pages\/1037\/revisions"}],"wp:attachment":[{"href":"https:\/\/sorbonnescholars.sorbonne-universite.fr\/index.php?rest_route=%2Fwp%2Fv2%2Fmedia&parent=1037"}],"curies":[{"name":"wp","href":"https:\/\/api.w.org\/{rel}","templated":true}]}}