{"id":1385,"date":"2012-05-09T08:05:37","date_gmt":"2012-05-09T08:05:37","guid":{"rendered":"http:\/\/www.culture-sorbonne.fr\/scholars\/?page_id=2"},"modified":"2025-07-01T15:13:00","modified_gmt":"2025-07-01T15:13:00","slug":"presentation","status":"publish","type":"page","link":"https:\/\/sorbonnescholars.sorbonne-universite.fr\/?page_id=1385","title":{"rendered":"Pr\u00e9sentation"},"content":{"rendered":"<p><span style=\"font-size: 12px;\"><span style=\"font-family: lucida sans unicode,lucida grande,sans-serif;\">Les <strong>Sorbonne Scholars<\/strong> sont un ensemble universitaire sp\u00e9cialis\u00e9 dans la musique de la Renaissance, anglaise et europ\u00e9enne, qui rassemble chanteurs et instrumentistes, amateurs et professionnels, \u00e9tudiants, enseignants-chercheurs et membres de la vie civile.<\/span><\/span><\/p>\n<p><img loading=\"lazy\" decoding=\"async\" class=\"alignnone size-medium wp-image-2354 aligncenter\" src=\"https:\/\/sorbonnescholars.sorbonne-universite.fr\/wp-content\/uploads\/2025\/07\/IMG_2880-300x192.jpeg\" alt=\"\" width=\"300\" height=\"192\" srcset=\"https:\/\/sorbonnescholars.sorbonne-universite.fr\/wp-content\/uploads\/2025\/07\/IMG_2880-300x192.jpeg 300w, https:\/\/sorbonnescholars.sorbonne-universite.fr\/wp-content\/uploads\/2025\/07\/IMG_2880-1024x655.jpeg 1024w, https:\/\/sorbonnescholars.sorbonne-universite.fr\/wp-content\/uploads\/2025\/07\/IMG_2880-768x491.jpeg 768w, https:\/\/sorbonnescholars.sorbonne-universite.fr\/wp-content\/uploads\/2025\/07\/IMG_2880-1536x982.jpeg 1536w, https:\/\/sorbonnescholars.sorbonne-universite.fr\/wp-content\/uploads\/2025\/07\/IMG_2880-2048x1310.jpeg 2048w\" sizes=\"auto, (max-width: 300px) 100vw, 300px\" \/><\/p>\n<p><span style=\"font-size: 12px;\"><span style=\"font-family: lucida sans unicode,lucida grande,sans-serif;\">Constitu\u00e9s en association en 1998, \u00a0les <strong>Sorbonne Scholars<\/strong> sont, \u00e0 l&rsquo;<\/span><\/span><span style=\"font-size: 12px;\"><span style=\"font-family: lucida sans unicode,lucida grande,sans-serif;\">origine, des universitaires issus du s\u00e9minaire de litt\u00e9rature \u00e9lisab\u00e9thaine dirig\u00e9 par Pierre Iselin, Professeur de litt\u00e9rature anglaise et sp\u00e9cialiste des rapports entre th\u00e9\u00e2tre et musique \u00e0 l&rsquo;\u00e9poque de Shakespeare.\u00a0 L&rsquo;agr\u00e9gation progressive de\u00a0 musiciens sp\u00e9cialis\u00e9s dans la pratique des instruments anciens et de chanteurs int\u00e9ress\u00e9s par le r\u00e9pertoire de la renaissance anglaise a diversifi\u00e9 la composition du groupe, qui comprend actuellement une cinquanttaine de chanteurs et instrumentistes. L&rsquo;objet des Scholars est non seulement le travail sur l&rsquo;interpr\u00e9tation, l&rsquo;ex\u00e9cution et la repr\u00e9sentation de la musique de la Renaissance, anglaise et europ\u00e9enne, mais aussi la mise en relation de cette musique (vocale, instrumentale, sacr\u00e9e, profane) avec une repr\u00e9sentation, une id\u00e9e, un \u00e9v\u00e9nement de l&rsquo;\u00e9poque. D&rsquo;o\u00f9 l&rsquo;importance de la recherche, de nature universitaire, sur les contextes historique, politique, id\u00e9ologique et artistique. <\/span><\/span><\/p>\n<p><span style=\"font-size: 12px;\"><span style=\"font-family: lucida sans unicode,lucida grande,sans-serif;\">Le r\u00e9poertoire des <strong>Sorbonne Scholars<\/strong> est fait de programmes th\u00e9matiques ou historiques (Musiques de guerre de la Renaissance europ\u00e9enne, Le Concile de Trente et la musique, Le Codex Medicis et ses implications politiques, La musique des \u00ab\u00a0r\u00e9cusant\u00a0\u00bb anglais au temps d&rsquo;Elisabeth 1\u00e8re, Le psaume de l&rsquo;exil dans tous ses \u00e9tats, Marignan &#8230;), et de programmes centr\u00e9s sur un compositeur anglais ou europ\u00e9en (Orlando Gibbons, William Byrd, Thomas Weelkes, Thomas Tallis, Orlando Lassus, Heinrich Sch\u00fctz et ses pr\u00e9d\u00e9cesseurs &#8230;).<\/span><\/span><\/p>\n<p><span style=\"font-size: 12px;\"><span style=\"font-family: lucida sans unicode,lucida grande,sans-serif;\">Les formations vocales comprennent un choeur mixte, un ensemble de voix d&rsquo;hommes, un quintette vocal et des voix solistes. Actuellement la formation instrumentale comprend un consort de violes de gambe, des ensembles de fl\u00fbtes, d&rsquo;anches, d&#8217;embouchures et plusieurs claviers. Cette diversit\u00e9 permet au groupe d\u2019aborder le r\u00e9pertoire tr\u00e8s important des \u00ab consorts \u00bb, \u00ab broken consorts \u00bb et \u00ab consort songs \u00bb.<\/span><\/span><\/p>\n<p style=\"text-align: justify;\"><span style=\"font-size: 12px;\"><span style=\"font-family: lucida sans unicode,lucida grande,sans-serif;\"><strong>Les Sorbonne Scholars<\/strong> se produisent r\u00e9guli\u00e8rement en Sorbonne, dans des colloques universitaires et festivals, \u00e0 Paris et en province, ainsi qu\u2019\u00e0 l\u2019\u00e9tranger, parfois en collaboration avec d&rsquo;autres ensembles. Ils recrutent tout au long de l&rsquo;ann\u00e9e des chanteurs et instrumentistes int\u00e9ress\u00e9s par ce r\u00e9pertoire.\u00a0<\/span><\/span><\/p>\n<p style=\"text-align: center;\"><img loading=\"lazy\" decoding=\"async\" class=\"alignnone size-medium wp-image-2355\" src=\"https:\/\/sorbonnescholars.sorbonne-universite.fr\/wp-content\/uploads\/2025\/07\/IMG_5586-300x205.jpeg\" alt=\"\" width=\"300\" height=\"205\" srcset=\"https:\/\/sorbonnescholars.sorbonne-universite.fr\/wp-content\/uploads\/2025\/07\/IMG_5586-300x205.jpeg 300w, https:\/\/sorbonnescholars.sorbonne-universite.fr\/wp-content\/uploads\/2025\/07\/IMG_5586-1024x698.jpeg 1024w, https:\/\/sorbonnescholars.sorbonne-universite.fr\/wp-content\/uploads\/2025\/07\/IMG_5586-768x524.jpeg 768w, https:\/\/sorbonnescholars.sorbonne-universite.fr\/wp-content\/uploads\/2025\/07\/IMG_5586-1536x1048.jpeg 1536w, https:\/\/sorbonnescholars.sorbonne-universite.fr\/wp-content\/uploads\/2025\/07\/IMG_5586-2048x1397.jpeg 2048w\" sizes=\"auto, (max-width: 300px) 100vw, 300px\" \/><\/p>\n<p style=\"text-align: center;\"><span style=\"font-size: 12px;\"><span style=\"font-family: lucida sans unicode,lucida grande,sans-serif;\">2024 &#8211; Photo H\u00f4tel de la Marine \/ CMN<\/span><\/span><\/p>\n\n\n<p><\/p>\n","protected":false},"excerpt":{"rendered":"<p>Les Sorbonne Scholars sont un ensemble universitaire sp\u00e9cialis\u00e9 dans la musique de la Renaissance, anglaise et europ\u00e9enne, qui rassemble chanteurs et instrumentistes, amateurs et professionnels, \u00e9tudiants, enseignants-chercheurs et membres de la vie civile. Constitu\u00e9s en association en 1998, \u00a0les Sorbonne Scholars sont, \u00e0 l&rsquo;origine, des universitaires issus du s\u00e9minaire de litt\u00e9rature \u00e9lisab\u00e9thaine dirig\u00e9 par Pierre [&hellip;]<\/p>\n","protected":false},"author":4,"featured_media":174,"parent":0,"menu_order":0,"comment_status":"closed","ping_status":"closed","template":"","meta":{"footnotes":""},"class_list":["post-1385","page","type-page","status-publish","has-post-thumbnail","hentry"],"_links":{"self":[{"href":"https:\/\/sorbonnescholars.sorbonne-universite.fr\/index.php?rest_route=\/wp\/v2\/pages\/1385","targetHints":{"allow":["GET"]}}],"collection":[{"href":"https:\/\/sorbonnescholars.sorbonne-universite.fr\/index.php?rest_route=\/wp\/v2\/pages"}],"about":[{"href":"https:\/\/sorbonnescholars.sorbonne-universite.fr\/index.php?rest_route=\/wp\/v2\/types\/page"}],"author":[{"embeddable":true,"href":"https:\/\/sorbonnescholars.sorbonne-universite.fr\/index.php?rest_route=\/wp\/v2\/users\/4"}],"replies":[{"embeddable":true,"href":"https:\/\/sorbonnescholars.sorbonne-universite.fr\/index.php?rest_route=%2Fwp%2Fv2%2Fcomments&post=1385"}],"version-history":[{"count":6,"href":"https:\/\/sorbonnescholars.sorbonne-universite.fr\/index.php?rest_route=\/wp\/v2\/pages\/1385\/revisions"}],"predecessor-version":[{"id":2359,"href":"https:\/\/sorbonnescholars.sorbonne-universite.fr\/index.php?rest_route=\/wp\/v2\/pages\/1385\/revisions\/2359"}],"wp:featuredmedia":[{"embeddable":true,"href":"https:\/\/sorbonnescholars.sorbonne-universite.fr\/index.php?rest_route=\/wp\/v2\/media\/174"}],"wp:attachment":[{"href":"https:\/\/sorbonnescholars.sorbonne-universite.fr\/index.php?rest_route=%2Fwp%2Fv2%2Fmedia&parent=1385"}],"curies":[{"name":"wp","href":"https:\/\/api.w.org\/{rel}","templated":true}]}}