{"id":1455,"date":"2021-11-08T19:02:18","date_gmt":"2021-11-08T19:02:18","guid":{"rendered":"https:\/\/sorbonnescholars.sorbonne-universite.fr\/?page_id=1455"},"modified":"2025-07-04T08:50:34","modified_gmt":"2025-07-04T08:50:34","slug":"concerts-2019-2020","status":"publish","type":"page","link":"https:\/\/sorbonnescholars.sorbonne-universite.fr\/?page_id=1455","title":{"rendered":"Concerts 2019-2020"},"content":{"rendered":"<p><strong><u>Les saisons 2019-2020 et automne 2021<\/u><\/strong><\/p>\n<p><strong><u>\u00a0<\/u><\/strong><\/p>\n<p>\u00ab\u00a0Costanzo Festa, compositeur italien de la Renaissance\u00a0\u00bb<br \/>\nle 15 novembre\u00a02019 \u2013 \u00c9glise protestante unie de Passy-Annonciation, Paris 16<sup>e<\/sup>.<br \/>\nConcert\u00a0pr\u00e9sent\u00e9 par <em>Musacor\u00a0<\/em>et le 16 novembre \u2013 \u00c9glise St-Sulpice, Nogent-le-Roi (28210, pr\u00e8s de Dreux)<\/p>\n<p>\u00ab\u00a0Costanzo Festa et l\u2019\u00e2ge d\u2019or de la Renaissance italienne\u00a0\u00bb<br \/>\nle 14 janvier\u00a0 2020 \u2013 Centre universitaire de Jussieu<\/p>\n<p>\u00ab\u00a0Musique de l\u2019entrevue du Drap d\u2019or (1520)\u00a0\u00bb<br \/>\nle 3 mars 2020 \u2013 Amphith\u00e9\u00e2tre Richelieu en Sorbonne<\/p>\n<p>\u00ab\u00a0Les audaces de Thomas Weelkes (1576-1623)\u00a0\u00bb<br \/>\nle 16 novembre 2021 \u2013 Amphith\u00e9\u00e2tre Richelieu en Sorbonne<\/p>\n<p>La fin de la saison 2019-2020 ainsi que toute l\u2019ann\u00e9e universitaire 2020-2021 ont \u00e9t\u00e9 perturb\u00e9 par la situation sanitaire due \u00e0 la pand\u00e9mie de Covid-19. Nous n\u2019avons pu donner de concert entre le d\u00e9but mars 2020 et la rentr\u00e9e universitaire de 2021.<\/p>\n","protected":false},"excerpt":{"rendered":"<p>Les saisons 2019-2020 et automne 2021 \u00a0 \u00ab\u00a0Costanzo Festa, compositeur italien de la Renaissance\u00a0\u00bb le 15 novembre\u00a02019 \u2013 \u00c9glise protestante unie de Passy-Annonciation, Paris 16e. Concert\u00a0pr\u00e9sent\u00e9 par Musacor\u00a0et le 16 novembre \u2013 \u00c9glise St-Sulpice, Nogent-le-Roi (28210, pr\u00e8s de Dreux) \u00ab\u00a0Costanzo Festa et l\u2019\u00e2ge d\u2019or de la Renaissance italienne\u00a0\u00bb le 14 janvier\u00a0 2020 \u2013 Centre universitaire [&hellip;]<\/p>\n","protected":false},"author":3,"featured_media":0,"parent":14,"menu_order":13,"comment_status":"closed","ping_status":"closed","template":"","meta":{"footnotes":""},"class_list":["post-1455","page","type-page","status-publish","hentry"],"_links":{"self":[{"href":"https:\/\/sorbonnescholars.sorbonne-universite.fr\/index.php?rest_route=\/wp\/v2\/pages\/1455","targetHints":{"allow":["GET"]}}],"collection":[{"href":"https:\/\/sorbonnescholars.sorbonne-universite.fr\/index.php?rest_route=\/wp\/v2\/pages"}],"about":[{"href":"https:\/\/sorbonnescholars.sorbonne-universite.fr\/index.php?rest_route=\/wp\/v2\/types\/page"}],"author":[{"embeddable":true,"href":"https:\/\/sorbonnescholars.sorbonne-universite.fr\/index.php?rest_route=\/wp\/v2\/users\/3"}],"replies":[{"embeddable":true,"href":"https:\/\/sorbonnescholars.sorbonne-universite.fr\/index.php?rest_route=%2Fwp%2Fv2%2Fcomments&post=1455"}],"version-history":[{"count":4,"href":"https:\/\/sorbonnescholars.sorbonne-universite.fr\/index.php?rest_route=\/wp\/v2\/pages\/1455\/revisions"}],"predecessor-version":[{"id":2378,"href":"https:\/\/sorbonnescholars.sorbonne-universite.fr\/index.php?rest_route=\/wp\/v2\/pages\/1455\/revisions\/2378"}],"up":[{"embeddable":true,"href":"https:\/\/sorbonnescholars.sorbonne-universite.fr\/index.php?rest_route=\/wp\/v2\/pages\/14"}],"wp:attachment":[{"href":"https:\/\/sorbonnescholars.sorbonne-universite.fr\/index.php?rest_route=%2Fwp%2Fv2%2Fmedia&parent=1455"}],"curies":[{"name":"wp","href":"https:\/\/api.w.org\/{rel}","templated":true}]}}