{"id":1477,"date":"2021-11-16T11:11:50","date_gmt":"2021-11-16T11:11:50","guid":{"rendered":"https:\/\/sorbonnescholars.sorbonne-universite.fr\/?page_id=1477"},"modified":"2026-03-10T14:43:46","modified_gmt":"2026-03-10T14:43:46","slug":"colibri-wp","status":"publish","type":"page","link":"https:\/\/sorbonnescholars.sorbonne-universite.fr\/","title":{"rendered":"Front Page"},"content":{"rendered":"<div class=\"style-193 style-local-1477-c1 position-relative\" data-colibri-id=\"1477-c1\">\r\n<div id=\"custom\" class=\"h-section h-section-global-spacing d-flex align-items-lg-center align-items-md-center align-items-center style-199 style-local-1477-c2 position-relative\" data-colibri-component=\"section\" data-colibri-id=\"1477-c2\">\r\n<div class=\"h-section-grid-container h-section-boxed-container\">\r\n<div class=\"h-row-container gutters-row-lg-2 gutters-row-md-2 gutters-row-0 gutters-row-v-lg-2 gutters-row-v-md-2 gutters-row-v-2 style-200 style-local-1477-c6 position-relative\" data-colibri-id=\"1477-c6\">\r\n<div class=\"h-row justify-content-lg-center justify-content-md-center justify-content-center align-items-lg-stretch align-items-md-stretch align-items-stretch gutters-col-lg-2 gutters-col-md-2 gutters-col-0 gutters-col-v-lg-2 gutters-col-v-md-2 gutters-col-v-2\">\r\n<div class=\"h-column h-column-container d-flex h-col-lg-auto h-col-md-auto h-col-auto style-201-outer style-local-1477-c7-outer\">\r\n<div class=\"d-flex h-flex-basis h-column__inner h-px-lg-2 h-px-md-2 h-px-2 v-inner-lg-2 v-inner-md-2 v-inner-2 style-201 style-local-1477-c7 position-relative\" data-colibri-id=\"1477-c7\">\r\n<div class=\"w-100 h-y-container h-column__content h-column__v-align flex-basis-100 align-self-lg-start align-self-md-start align-self-start\">\r\n<div class=\"h-text h-text-component style-205 style-local-1477-c8 position-relative h-element\" data-colibri-id=\"1477-c8\">\r\n<div class=\"h-row-container gutters-row-lg-2 gutters-row-md-2 gutters-row-0 gutters-row-v-lg-2 gutters-row-v-md-2 gutters-row-v-2 style-200 style-local-1477-c6 position-relative\" data-colibri-id=\"1477-c6\">\r\n<div class=\"h-row justify-content-lg-center justify-content-md-center justify-content-center align-items-lg-stretch align-items-md-stretch align-items-stretch gutters-col-lg-2 gutters-col-md-2 gutters-col-0 gutters-col-v-lg-2 gutters-col-v-md-2 gutters-col-v-2\">\r\n<div class=\"h-column h-column-container d-flex h-col-lg-auto h-col-md-auto h-col-auto style-201-outer style-local-1477-c7-outer\">\r\n<div class=\"d-flex h-flex-basis h-column__inner h-px-lg-2 h-px-md-2 h-px-2 v-inner-lg-2 v-inner-md-2 v-inner-2 style-201 style-local-1477-c7 position-relative\" data-colibri-id=\"1477-c7\">\r\n<div class=\"w-100 h-y-container h-column__content h-column__v-align flex-basis-100 align-self-lg-start align-self-md-start align-self-start\">\r\n<div class=\"h-text h-text-component style-205 style-local-1477-c8 position-relative h-element\" data-colibri-id=\"1477-c8\">\r\n<div>\u00a0<\/div>\r\n<h2 style=\"text-align: center;\"><span style=\"color: #993366;\">Programmes de la saison 2025-2026 :\u00a0<\/span><\/h2>\r\n<p>&nbsp;<\/p>\r\n<h2 style=\"text-align: center;\"><span style=\"color: #0000ff;\"><em>Merci au public venu nombreux le 25\/11 au concert<br \/><\/em><\/span>Hommage \u00e0 Orlando Gibbons \u00e0 l&rsquo;occasion du 400e anniversaire de sa mort<\/h2>\r\n<p><img loading=\"lazy\" decoding=\"async\" class=\"alignnone size-medium wp-image-2344 aligncenter\" src=\"https:\/\/sorbonnescholars.sorbonne-universite.fr\/wp-content\/uploads\/2025\/06\/Capture-decran-2025-06-30-a-15.03.12-244x300.png\" alt=\"\" width=\"244\" height=\"300\" srcset=\"https:\/\/sorbonnescholars.sorbonne-universite.fr\/wp-content\/uploads\/2025\/06\/Capture-decran-2025-06-30-a-15.03.12-244x300.png 244w, https:\/\/sorbonnescholars.sorbonne-universite.fr\/wp-content\/uploads\/2025\/06\/Capture-decran-2025-06-30-a-15.03.12-834x1024.png 834w, https:\/\/sorbonnescholars.sorbonne-universite.fr\/wp-content\/uploads\/2025\/06\/Capture-decran-2025-06-30-a-15.03.12-768x943.png 768w, https:\/\/sorbonnescholars.sorbonne-universite.fr\/wp-content\/uploads\/2025\/06\/Capture-decran-2025-06-30-a-15.03.12.png 1114w\" sizes=\"auto, (max-width: 244px) 100vw, 244px\" \/><\/p>\r\n<h6 style=\"text-align: center;\">Anon., 17e si\u00e8cle, Oxford University<\/h6>\r\n<p style=\"text-align: center;\">&#8212;&#8212;&#8212;&#8212;&#8212;<\/p>\r\n<h1 style=\"text-align: center;\">Les rois mages en musique \u00e0 la Renaissance<\/h1>\r\n<p><img loading=\"lazy\" decoding=\"async\" class=\"alignnone size-medium wp-image-2595 aligncenter\" src=\"https:\/\/sorbonnescholars.sorbonne-universite.fr\/wp-content\/uploads\/2026\/01\/Rois-mages-tableau-300x245.png\" alt=\"\" width=\"300\" height=\"245\" srcset=\"https:\/\/sorbonnescholars.sorbonne-universite.fr\/wp-content\/uploads\/2026\/01\/Rois-mages-tableau-300x245.png 300w, https:\/\/sorbonnescholars.sorbonne-universite.fr\/wp-content\/uploads\/2026\/01\/Rois-mages-tableau-1024x837.png 1024w, https:\/\/sorbonnescholars.sorbonne-universite.fr\/wp-content\/uploads\/2026\/01\/Rois-mages-tableau-768x628.png 768w, https:\/\/sorbonnescholars.sorbonne-universite.fr\/wp-content\/uploads\/2026\/01\/Rois-mages-tableau.png 1174w\" sizes=\"auto, (max-width: 300px) 100vw, 300px\" \/><\/p>\r\n<h2 style=\"text-align: center;\">Mardi 27 janvier 2026 \u00e0 l&rsquo;Amphith\u00e9\u00e2tre Richelieu<\/h2>\r\n<h3 style=\"text-align: center;\">et\u00a0<\/h3>\r\n<h2 style=\"text-align: center;\">Samedi 31 janvier \u00e0 l&rsquo;\u00e9glise Notre Dame de Sepmes <br \/>(37800, Indre-et-Loire)<\/h2>\r\n<h3 style=\"text-align: center;\"><span style=\"color: #339966;\">Trouvez l&rsquo;Historique des Rois mages sur la page Concerts, Ann\u00e9e 2025-2026<\/span><\/h3>\r\n<p style=\"text-align: center;\">\u00a0&#8212;&#8212;&#8212;&#8212;&#8212;&#8212;&#8212;&#8212;&#8212;&#8212;&#8212;&#8212;&#8212;&#8212;&#8212;&#8212;&#8212;&#8212;&#8212;&#8212;&#8212;&#8212;&#8212;&#8212;-<\/p>\r\n<h1 style=\"text-align: center;\">Du profane au sacr\u00e9 : la messe-parodie \u00e0 la Renaissance\u00a0<\/h1>\r\n<div><img loading=\"lazy\" decoding=\"async\" class=\"alignnone size-medium wp-image-2354 aligncenter\" src=\"https:\/\/sorbonnescholars.sorbonne-universite.fr\/wp-content\/uploads\/2025\/07\/IMG_2880-300x192.jpeg\" alt=\"\" width=\"300\" height=\"192\" srcset=\"https:\/\/sorbonnescholars.sorbonne-universite.fr\/wp-content\/uploads\/2025\/07\/IMG_2880-300x192.jpeg 300w, https:\/\/sorbonnescholars.sorbonne-universite.fr\/wp-content\/uploads\/2025\/07\/IMG_2880-1024x655.jpeg 1024w, https:\/\/sorbonnescholars.sorbonne-universite.fr\/wp-content\/uploads\/2025\/07\/IMG_2880-768x491.jpeg 768w, https:\/\/sorbonnescholars.sorbonne-universite.fr\/wp-content\/uploads\/2025\/07\/IMG_2880-1536x982.jpeg 1536w, https:\/\/sorbonnescholars.sorbonne-universite.fr\/wp-content\/uploads\/2025\/07\/IMG_2880-2048x1310.jpeg 2048w\" sizes=\"auto, (max-width: 300px) 100vw, 300px\" \/><\/div>\r\n<h2 style=\"text-align: center;\">Mardi 31 mars \u00e0 l&rsquo;Amphith\u00e9\u00e2tre Richelieu.<\/h2>\r\n<h3 style=\"text-align: center;\">R\u00e9servations obligatoires en cliquant <a href=\"https:\/\/www.billetweb.fr\/du-profane-au-sacre\"><strong><span style=\"color: #ff0000;\">ici<\/span><\/strong><\/a> . <span style=\"color: #000000;\">Prix public 3 &#8211; 4 &#8211; 6\u20ac.<\/span><\/h3>\r\n<h3 style=\"text-align: center;\">et<\/h3>\r\n<h2 style=\"text-align: center;\">Dimanche 12 avril \u00e0 15 heures \u00e0 l&rsquo;\u00e9glise Saint Joseph des Carmes,<br \/>70 rue de Vaugirard, Paris 6e<\/h2>\r\n<h3 style=\"text-align: center;\">Entr\u00e9e gratuite, libre participation aux frais.\u00a0<\/h3>\r\n<\/div>\r\n<\/div>\r\n<\/div>\r\n<\/div>\r\n<\/div>\r\n<\/div>\r\n<p style=\"text-align: center;\">____________________________________________________________________<\/p>\r\n<h2 style=\"text-align: center;\"><span style=\"color: #ff0000;\"><em style=\"font-size: revert;\">Les Sorbonne Scholars recrutent sopranos. <\/em><\/span><\/h2>\r\n<h2 style=\"text-align: center;\"><span style=\"color: #ff0000;\"><em style=\"font-size: revert;\">Prenez contact \u00e0 sorbonne.scholars@gmail.com.<\/em><\/span><\/h2>\r\n<p><img loading=\"lazy\" decoding=\"async\" class=\"alignnone size-medium wp-image-2535 aligncenter\" src=\"https:\/\/sorbonnescholars.sorbonne-universite.fr\/wp-content\/uploads\/2025\/10\/2025-Scholars-recrutement-213x300.png\" alt=\"\" width=\"213\" height=\"300\" srcset=\"https:\/\/sorbonnescholars.sorbonne-universite.fr\/wp-content\/uploads\/2025\/10\/2025-Scholars-recrutement-213x300.png 213w, https:\/\/sorbonnescholars.sorbonne-universite.fr\/wp-content\/uploads\/2025\/10\/2025-Scholars-recrutement-729x1024.png 729w, https:\/\/sorbonnescholars.sorbonne-universite.fr\/wp-content\/uploads\/2025\/10\/2025-Scholars-recrutement-768x1079.png 768w, https:\/\/sorbonnescholars.sorbonne-universite.fr\/wp-content\/uploads\/2025\/10\/2025-Scholars-recrutement.png 908w\" sizes=\"auto, (max-width: 213px) 100vw, 213px\" \/><\/p>\r\n<\/div>\r\n<p>____________________________________________________________________<\/p>\r\n<div class=\"h-text h-text-component style-205 style-local-1477-c8 position-relative h-element\" data-colibri-id=\"1477-c8\">\r\n<h2 style=\"text-align: center;\"><em style=\"color: #993366; font-size: revert;\">A propos de notre programme du 18 mars 2024 :<\/em><\/h2>\r\n<h2 style=\"text-align: center;\"><strong>Les \u00ab\u00a0musiques secr\u00e8tes\u00a0\u00bb de Roland de Lassus<\/strong><\/h2>\r\n<p><img loading=\"lazy\" decoding=\"async\" class=\"alignnone size-medium wp-image-2273 aligncenter\" src=\"https:\/\/sorbonnescholars.sorbonne-universite.fr\/wp-content\/uploads\/2025\/02\/2025-Affiche_FL_Les-musiques-secre-tes-de-Roland-de-Lassus_18.03.25-212x300.jpg\" alt=\"\" width=\"212\" height=\"300\" srcset=\"https:\/\/sorbonnescholars.sorbonne-universite.fr\/wp-content\/uploads\/2025\/02\/2025-Affiche_FL_Les-musiques-secre-tes-de-Roland-de-Lassus_18.03.25-212x300.jpg 212w, https:\/\/sorbonnescholars.sorbonne-universite.fr\/wp-content\/uploads\/2025\/02\/2025-Affiche_FL_Les-musiques-secre-tes-de-Roland-de-Lassus_18.03.25-724x1024.jpg 724w, https:\/\/sorbonnescholars.sorbonne-universite.fr\/wp-content\/uploads\/2025\/02\/2025-Affiche_FL_Les-musiques-secre-tes-de-Roland-de-Lassus_18.03.25-768x1086.jpg 768w, https:\/\/sorbonnescholars.sorbonne-universite.fr\/wp-content\/uploads\/2025\/02\/2025-Affiche_FL_Les-musiques-secre-tes-de-Roland-de-Lassus_18.03.25-1086x1536.jpg 1086w, https:\/\/sorbonnescholars.sorbonne-universite.fr\/wp-content\/uploads\/2025\/02\/2025-Affiche_FL_Les-musiques-secre-tes-de-Roland-de-Lassus_18.03.25-1448x2048.jpg 1448w, https:\/\/sorbonnescholars.sorbonne-universite.fr\/wp-content\/uploads\/2025\/02\/2025-Affiche_FL_Les-musiques-secre-tes-de-Roland-de-Lassus_18.03.25-scaled.jpg 1810w\" sizes=\"auto, (max-width: 212px) 100vw, 212px\" \/><\/p>\r\n<\/div>\r\n<div class=\"h-text h-text-component style-205 style-local-1477-c8 position-relative h-element\" data-colibri-id=\"1477-c8\">\r\n<div>\r\n<div>\r\n<p style=\"text-align: center;\"><i>Il serait hors de propos dans une pr\u00e9sentation sommaire dans le programme imprim\u00e9 de r\u00e9pondre aux nombreuses questions pos\u00e9es par ce programme. Aussi, le lecteur curieux trouvera des \u00e9l\u00e9ments de r\u00e9ponse dans les documents signal\u00e9s par un QR code ci-dessous.<\/i><\/p>\r\n<p><img loading=\"lazy\" decoding=\"async\" class=\"alignnone  wp-image-2313 aligncenter\" src=\"https:\/\/sorbonnescholars.sorbonne-universite.fr\/wp-content\/uploads\/2025\/03\/QR-codes-Lassus-300x206.png\" alt=\"\" width=\"336\" height=\"231\" srcset=\"https:\/\/sorbonnescholars.sorbonne-universite.fr\/wp-content\/uploads\/2025\/03\/QR-codes-Lassus-300x206.png 300w, https:\/\/sorbonnescholars.sorbonne-universite.fr\/wp-content\/uploads\/2025\/03\/QR-codes-Lassus-1024x701.png 1024w, https:\/\/sorbonnescholars.sorbonne-universite.fr\/wp-content\/uploads\/2025\/03\/QR-codes-Lassus-768x526.png 768w, https:\/\/sorbonnescholars.sorbonne-universite.fr\/wp-content\/uploads\/2025\/03\/QR-codes-Lassus.png 1054w\" sizes=\"auto, (max-width: 336px) 100vw, 336px\" \/><\/p>\r\n<\/div>\r\n<div style=\"text-align: center;\">____________________________________________________________________<\/div>\r\n<div>\u00a0<\/div>\r\n<\/div>\r\n<\/div>\r\n<\/div>\r\n<\/div>\r\n<\/div>\r\n<\/div>\r\n<\/div>\r\n<h2 style=\"text-align: center;\"><span style=\"color: #993366;\"><em>Nouveaut\u00e9s :<\/em><\/span><\/h2>\r\n<h4 style=\"text-align: center;\">Voyez la nouvelle page M\u00e9dias pour trouver des extraits audios ou vid\u00e9os de nos concerts depuis 2018.\u00a0<\/h4>\r\n<h4 style=\"text-align: center;\"><span style=\"font-size: 18px;\">____________________________________________________________________<\/span><\/h4>\r\n<h4 style=\"text-align: center;\"><strong style=\"color: revert; font-size: revert; font-family: -apple-system, BlinkMacSystemFont, 'Segoe UI', Roboto, Oxygen-Sans, Ubuntu, Cantarell, 'Helvetica Neue', sans-serif;\"><br \/><br \/><\/strong><\/h4>\r\n<p><strong style=\"color: revert; font-size: revert; font-family: -apple-system, BlinkMacSystemFont, 'Segoe UI', Roboto, Oxygen-Sans, Ubuntu, Cantarell, 'Helvetica Neue', sans-serif;\">Contactez-nous au<br \/><\/strong><a style=\"font-size: revert; font-weight: revert; font-family: -apple-system, BlinkMacSystemFont, 'Segoe UI', Roboto, Oxygen-Sans, Ubuntu, Cantarell, 'Helvetica Neue', sans-serif;\" href=\"mailto:sorbonne.scholars@gmail.com\"><strong>sorbonne.scholars@gmail.com<\/strong><\/a><\/p>\r\n<\/div>\r\n<\/div>\r\n<div class=\"h-row-container gutters-row-lg-1 gutters-row-md-1 gutters-row-0 gutters-row-v-lg-1 gutters-row-v-md-1 gutters-row-v-1 style-206 style-local-1477-c9 position-relative\" data-colibri-id=\"1477-c9\">\r\n<div class=\"h-row justify-content-lg-center justify-content-md-center justify-content-center align-items-lg-stretch align-items-md-stretch align-items-stretch gutters-col-lg-1 gutters-col-md-1 gutters-col-0 gutters-col-v-lg-1 gutters-col-v-md-1 gutters-col-v-1\">\r\n<div class=\"h-column h-column-container d-flex h-col-lg-6 h-col-md-6 h-col-12 style-207-outer style-local-1477-c10-outer\">\r\n<div class=\"d-flex h-flex-basis h-column__inner h-px-lg-1 h-px-md-1 h-px-1 v-inner-lg-1 v-inner-md-1 v-inner-1 style-207 style-local-1477-c10 position-relative\" data-colibri-id=\"1477-c10\">\r\n<div class=\"w-100 h-y-container h-column__content h-column__v-align flex-basis-100 align-self-lg-start align-self-md-start align-self-start\">\r\n<div class=\"h-x-container style-235 style-local-1477-c11 position-relative h-element\" data-colibri-id=\"1477-c11\">\r\n<div class=\"h-x-container-inner style-dynamic-1477-c11-group style-235-spacing style-local-1477-c11-spacing\"><span class=\"h-link__outer style-236-outer style-local-1477-c12-outer d-inline-flex h-element\"><a class=\"d-flex w-100 align-items-center h-link style-236 style-local-1477-c12 position-relative\" href=\"https:\/\/sorbonnescholars.sorbonne-universite.fr\/?page_id=45\" target=\"_blank\" rel=\"noopener\" data-colibri-id=\"1477-c12\"><span class=\"h-svg-icon h-link__icon style-236-icon style-local-1477-c12-icon\"><!--Icon by Font Awesome (https:\/\/fontawesome.com)--><\/span> Voir le programme<\/a><br \/><\/span><\/div>\r\n<\/div>\r\n<\/div>\r\n<\/div>\r\n<\/div>\r\n<\/div>\r\n<\/div>\r\n<\/div>\r\n<p><!--more--><\/p>\r\n\r\n<p>&nbsp;<\/p>\r\n","protected":false},"excerpt":{"rendered":"<p>\u00a0 Programmes de la saison 2025-2026 :\u00a0 &nbsp; Merci au public venu nombreux le 25\/11 au concertHommage \u00e0 Orlando Gibbons \u00e0 l&rsquo;occasion du 400e anniversaire de sa mort Anon., 17e si\u00e8cle, Oxford University &#8212;&#8212;&#8212;&#8212;&#8212; Les rois mages en musique \u00e0 la Renaissance Mardi 27 janvier 2026 \u00e0 l&rsquo;Amphith\u00e9\u00e2tre Richelieu et\u00a0 Samedi 31 janvier \u00e0 l&rsquo;\u00e9glise [&hellip;]<\/p>\n","protected":false},"author":3,"featured_media":0,"parent":0,"menu_order":0,"comment_status":"closed","ping_status":"closed","template":"page-templates\/homepage.php","meta":{"footnotes":""},"class_list":["post-1477","page","type-page","status-publish","hentry"],"_links":{"self":[{"href":"https:\/\/sorbonnescholars.sorbonne-universite.fr\/index.php?rest_route=\/wp\/v2\/pages\/1477","targetHints":{"allow":["GET"]}}],"collection":[{"href":"https:\/\/sorbonnescholars.sorbonne-universite.fr\/index.php?rest_route=\/wp\/v2\/pages"}],"about":[{"href":"https:\/\/sorbonnescholars.sorbonne-universite.fr\/index.php?rest_route=\/wp\/v2\/types\/page"}],"author":[{"embeddable":true,"href":"https:\/\/sorbonnescholars.sorbonne-universite.fr\/index.php?rest_route=\/wp\/v2\/users\/3"}],"replies":[{"embeddable":true,"href":"https:\/\/sorbonnescholars.sorbonne-universite.fr\/index.php?rest_route=%2Fwp%2Fv2%2Fcomments&post=1477"}],"version-history":[{"count":20,"href":"https:\/\/sorbonnescholars.sorbonne-universite.fr\/index.php?rest_route=\/wp\/v2\/pages\/1477\/revisions"}],"predecessor-version":[{"id":2614,"href":"https:\/\/sorbonnescholars.sorbonne-universite.fr\/index.php?rest_route=\/wp\/v2\/pages\/1477\/revisions\/2614"}],"wp:attachment":[{"href":"https:\/\/sorbonnescholars.sorbonne-universite.fr\/index.php?rest_route=%2Fwp%2Fv2%2Fmedia&parent=1477"}],"curies":[{"name":"wp","href":"https:\/\/api.w.org\/{rel}","templated":true}]}}