{"id":19,"date":"2012-05-09T08:49:17","date_gmt":"2012-05-09T08:49:17","guid":{"rendered":"http:\/\/www.culture-sorbonne.fr\/scholars\/?page_id=19"},"modified":"2026-03-10T14:49:28","modified_gmt":"2026-03-10T14:49:28","slug":"contact","status":"publish","type":"page","link":"https:\/\/sorbonnescholars.sorbonne-universite.fr\/?page_id=19","title":{"rendered":"Informations pratiques"},"content":{"rendered":"<p style=\"text-align: center;\"><span style=\"color: #66cc66;\"><span style=\"font-family: lucida sans unicode,lucida grande,sans-serif;\"><span style=\"font-size: 14px;\"><strong>Vous souhaitez rejoindre<em> Les Sorbonne Scholars<\/em> ?<\/strong><\/span><\/span><\/span><\/p>\r\n<p style=\"text-align: center;\">Vous \u00eates chanteur, instrumentiste, et surtout passionn\u00e9 de musique &#8212;<br \/>Les Sorbonne Scholars c&rsquo;est pour vous l&rsquo;occasion de rejoindre un groupe unique et convivial,<br \/>de d\u00e9couvrir des r\u00e9pertoires musicaux riches et insolites de la Renaissance europ\u00e9enne et du premier Baroque.<\/p>\r\n<p style=\"text-align: center;\"><span style=\"font-family: lucida sans unicode,lucida grande,sans-serif;\">N&rsquo;h\u00e9sitez plus, <em>Les Sorbonne Scholars<\/em> recrutent <strong>chanteurs<\/strong> bons lecteurs dans tous les pupitres, et\u00a0<strong>instrumentistes<\/strong> d\u00e9sireux de jouer sur instruments anciens (viole de gambe, dulciane, cornet, sacqueboute, luth, etc).\u00a0<\/span><\/p>\r\n<p style=\"text-align: center;\"><span style=\"font-family: 'lucida sans unicode', 'lucida grande', sans-serif; color: #339966;\"><span style=\"font-size: 12px;\"><span style=\"font-size: 14px;\"><strong>R\u00e9p\u00e9titions : <\/strong><\/span><\/span><\/span><\/p>\r\n<p style=\"text-align: center;\"><span style=\"font-family: lucida sans unicode,lucida grande,sans-serif;\"><span style=\"font-size: 12px;\">Les r\u00e9p\u00e9titions ont lieu le <strong>mardi de 19 \u00e0 21 h 30 en Sorbonne<br \/><\/strong><\/span><\/span><\/p>\r\n<p style=\"text-align: center;\"><strong><span style=\"color: #66cc66;\"><span style=\"font-family: lucida sans unicode,lucida grande,sans-serif;\"><span style=\"font-size: 14px;\">Stage estival :<\/span><\/span><\/span><\/strong><\/p>\r\n<p style=\"text-align: center;\"><span style=\"font-size: 12px;\"><span style=\"font-family: lucida sans unicode,lucida grande,sans-serif;\">Chaque \u00e9t\u00e9, les Sorbonne Scholars se retrouvent en province la derni\u00e8re semaine de juillet \u00e0 l&rsquo;occasion d&rsquo;un stage intensif. Une belle occasion de lier passion et travail, le tout dans un cadre agr\u00e9able et reposant. <\/span><\/span><br \/><span style=\"font-size: 12px;\"><span style=\"font-family: lucida sans unicode,lucida grande,sans-serif;\">La semaine se termine par un concert de fin de stage. <\/span><\/span><\/p>\r\n<p style=\"text-align: center;\"><span style=\"font-family: lucida sans unicode,lucida grande,sans-serif;\"><span style=\"font-size: 14px;\"><strong>Contacts : <\/strong><\/span><\/span><\/p>\r\n<p style=\"text-align: center;\"><a href=\"mailto:sorbonne.scholars@gmail.com\"><span style=\"font-family: lucida sans unicode,lucida grande,sans-serif;\"><span style=\"font-size: 14px;\"><strong>sorbonne.scholars@gmail.com<\/strong><\/span><\/span><\/a><\/p>\r\n<p style=\"text-align: center;\"><span style=\"font-family: lucida sans unicode,lucida grande,sans-serif;\"><strong>Pierre Iselin<\/strong> <\/span><br \/>Pr\u00e9sident et Directeur artistique<br \/><span style=\"font-family: lucida sans unicode,lucida grande,sans-serif;\"><a href=\"mailto:iselin.pierre@gmail.com\">piselin87@gmail.com<\/a><\/span><\/p>\r\n<p style=\"text-align: center;\"><span style=\"font-family: lucida sans unicode,lucida grande,sans-serif;\"><strong>Sylvie Perrot-Bienstock<\/strong><br \/>Secr\u00e9taire<br \/>perrot.sylvie810@orange.fr<br \/><\/span><\/p>\r\n<p style=\"text-align: center;\"><span style=\"font-family: lucida sans unicode,lucida grande,sans-serif;\"><strong>Sheryl Savina<\/strong><br \/>Tr\u00e9sori\u00e8re<br \/><a href=\"mailto:savina.sheryl@gmail.com\">savina.sheryl@gmail.com<\/a><\/span><\/p>\r\n\r\n<p>&nbsp;<\/p>\r\n","protected":false},"excerpt":{"rendered":"<p>Vous souhaitez rejoindre Les Sorbonne Scholars ? Vous \u00eates chanteur, instrumentiste, et surtout passionn\u00e9 de musique &#8212;Les Sorbonne Scholars c&rsquo;est pour vous l&rsquo;occasion de rejoindre un groupe unique et convivial,de d\u00e9couvrir des r\u00e9pertoires musicaux riches et insolites de la Renaissance europ\u00e9enne et du premier Baroque. N&rsquo;h\u00e9sitez plus, Les Sorbonne Scholars recrutent chanteurs bons lecteurs dans [&hellip;]<\/p>\n","protected":false},"author":4,"featured_media":171,"parent":0,"menu_order":0,"comment_status":"closed","ping_status":"closed","template":"","meta":{"footnotes":""},"class_list":["post-19","page","type-page","status-publish","has-post-thumbnail","hentry"],"_links":{"self":[{"href":"https:\/\/sorbonnescholars.sorbonne-universite.fr\/index.php?rest_route=\/wp\/v2\/pages\/19","targetHints":{"allow":["GET"]}}],"collection":[{"href":"https:\/\/sorbonnescholars.sorbonne-universite.fr\/index.php?rest_route=\/wp\/v2\/pages"}],"about":[{"href":"https:\/\/sorbonnescholars.sorbonne-universite.fr\/index.php?rest_route=\/wp\/v2\/types\/page"}],"author":[{"embeddable":true,"href":"https:\/\/sorbonnescholars.sorbonne-universite.fr\/index.php?rest_route=\/wp\/v2\/users\/4"}],"replies":[{"embeddable":true,"href":"https:\/\/sorbonnescholars.sorbonne-universite.fr\/index.php?rest_route=%2Fwp%2Fv2%2Fcomments&post=19"}],"version-history":[{"count":3,"href":"https:\/\/sorbonnescholars.sorbonne-universite.fr\/index.php?rest_route=\/wp\/v2\/pages\/19\/revisions"}],"predecessor-version":[{"id":2616,"href":"https:\/\/sorbonnescholars.sorbonne-universite.fr\/index.php?rest_route=\/wp\/v2\/pages\/19\/revisions\/2616"}],"wp:featuredmedia":[{"embeddable":true,"href":"https:\/\/sorbonnescholars.sorbonne-universite.fr\/index.php?rest_route=\/wp\/v2\/media\/171"}],"wp:attachment":[{"href":"https:\/\/sorbonnescholars.sorbonne-universite.fr\/index.php?rest_route=%2Fwp%2Fv2%2Fmedia&parent=19"}],"curies":[{"name":"wp","href":"https:\/\/api.w.org\/{rel}","templated":true}]}}