{"id":2034,"date":"2023-09-26T15:57:53","date_gmt":"2023-09-26T15:57:53","guid":{"rendered":"https:\/\/sorbonnescholars.sorbonne-universite.fr\/?page_id=2034"},"modified":"2025-07-04T08:51:58","modified_gmt":"2025-07-04T08:51:58","slug":"concerts-2019-2022","status":"publish","type":"page","link":"https:\/\/sorbonnescholars.sorbonne-universite.fr\/?page_id=2034","title":{"rendered":"Concerts 2021-2022"},"content":{"rendered":"\n<p class=\"has-text-align-center has-medium-font-size\"><strong>La saison 2021-2022<\/strong><\/p>\n\n\n\n<p><strong>Les audaces de Thomas Weelkes (1576-1623).<\/strong> Mardi 16 novembre 2021 en Sorbonne.<\/p>\n\n\n\n<p><strong>Hommage \u00e0 Thomas Weelkes<\/strong>. Dimanche 12 d\u00e9cembre \u00e0 l\u2019Eglise Saint-Joseph-des-Carmes, Paris 6e. Concert pr\u00e9sent\u00e9 par l\u2019association Culture touch\u2019 dans le cadre de la Quinzaine culturelle de l\u2019Institut catholique de Paris.<\/p>\n\n\n\n<p><strong>Double hommage \u00e0 Josquin des Prez (c.1440-1521) et Jean Mouton (c.1459-1522).<\/strong> Mardi 29 mars 2022 en Sorbonne.<\/p>\n\n\n\n<p><strong>La musique dans le th\u00e9\u00e2tre de Shakespeare. <\/strong>Lundi 9 mai. Conf\u00e9rence par Pierre Iselin pour le Cercle culturel de l\u2019APF France Handicap, Paris 13e.<\/p>\n\n\n\n<p><strong>Hommage \u00e0 Josquin des Prez (c.1440-1521)<\/strong>. Samedi 14 mai au Mus\u00e9e des instruments \u00e0 vent, La Couture-Boussey (27750), dans le cadre de La Nuit europ\u00e9enne des mus\u00e9es 2022.<\/p>\n\n\n\n<p>Participation \u00e0 <strong><em>Da Vinci Mode<\/em><\/strong>, un d\u00e9fil\u00e9 de mode Renaissance. Vendredi 20 mai \u00e0 La Fert\u00e9-Imbault (41300).<\/p>\n\n\n\n<p>Participation au <em><strong>Massacre \u00e0 Paris<\/strong><\/em> (1593) de Christopher Marlowe. Vendredi 20 mai \u00e0 l\u2019Oratoire du Louvre, Paris 1er.<\/p>\n\n\n\n<p><strong>Messe et motets de Josquin des Prez.<\/strong> Dimanche 12 juin \u00e0 l\u2019\u00c9glise Saint-Joseph-des-Carmes, Paris 6e<\/p>\n\n\n\n<p><strong>Josquin des Prez : Messe et motets<\/strong>. Samedi 18 juin \u00e0 Acheux-en-Vimeu (80210). Concert pr\u00e9sent\u00e9 par l\u2019association A la crois\u00e9e des chemins.<\/p>\n\n\n\n<p><strong>\u00ab Mille regretz \u00bb<\/strong>. Concert vocal et instrumental de fin de stage. Vendredi 22 juillet \u00e0 l\u2019\u00e9glise de Saint-Martin-de-Jussac (87200).<\/p>\n\n\n<div class=\"wp-block-image\">\n<figure class=\"aligncenter size-full\"><img loading=\"lazy\" decoding=\"async\" width=\"838\" height=\"557\" src=\"https:\/\/sorbonnescholars.sorbonne-universite.fr\/wp-content\/uploads\/2023\/09\/image.png\" alt=\"\" class=\"wp-image-2047\" srcset=\"https:\/\/sorbonnescholars.sorbonne-universite.fr\/wp-content\/uploads\/2023\/09\/image.png 838w, https:\/\/sorbonnescholars.sorbonne-universite.fr\/wp-content\/uploads\/2023\/09\/image-300x199.png 300w, https:\/\/sorbonnescholars.sorbonne-universite.fr\/wp-content\/uploads\/2023\/09\/image-768x510.png 768w\" sizes=\"auto, (max-width: 838px) 100vw, 838px\" \/><\/figure>\n<\/div>\n\n\n<p class=\"has-text-align-center\"><em>Concert du 12 d\u00e9cembre 2021 \u00e0 St-Joseph-des Carmes<\/em><\/p>\n","protected":false},"excerpt":{"rendered":"<p>La saison 2021-2022 Les audaces de Thomas Weelkes (1576-1623). Mardi 16 novembre 2021 en Sorbonne. Hommage \u00e0 Thomas Weelkes. Dimanche 12 d\u00e9cembre \u00e0 l\u2019Eglise Saint-Joseph-des-Carmes, Paris 6e. Concert pr\u00e9sent\u00e9 par l\u2019association Culture touch\u2019 dans le cadre de la Quinzaine culturelle de l\u2019Institut catholique de Paris. Double hommage \u00e0 Josquin des Prez (c.1440-1521) et Jean Mouton [&hellip;]<\/p>\n","protected":false},"author":3,"featured_media":0,"parent":14,"menu_order":14,"comment_status":"closed","ping_status":"closed","template":"","meta":{"footnotes":""},"class_list":["post-2034","page","type-page","status-publish","hentry"],"_links":{"self":[{"href":"https:\/\/sorbonnescholars.sorbonne-universite.fr\/index.php?rest_route=\/wp\/v2\/pages\/2034","targetHints":{"allow":["GET"]}}],"collection":[{"href":"https:\/\/sorbonnescholars.sorbonne-universite.fr\/index.php?rest_route=\/wp\/v2\/pages"}],"about":[{"href":"https:\/\/sorbonnescholars.sorbonne-universite.fr\/index.php?rest_route=\/wp\/v2\/types\/page"}],"author":[{"embeddable":true,"href":"https:\/\/sorbonnescholars.sorbonne-universite.fr\/index.php?rest_route=\/wp\/v2\/users\/3"}],"replies":[{"embeddable":true,"href":"https:\/\/sorbonnescholars.sorbonne-universite.fr\/index.php?rest_route=%2Fwp%2Fv2%2Fcomments&post=2034"}],"version-history":[{"count":7,"href":"https:\/\/sorbonnescholars.sorbonne-universite.fr\/index.php?rest_route=\/wp\/v2\/pages\/2034\/revisions"}],"predecessor-version":[{"id":2380,"href":"https:\/\/sorbonnescholars.sorbonne-universite.fr\/index.php?rest_route=\/wp\/v2\/pages\/2034\/revisions\/2380"}],"up":[{"embeddable":true,"href":"https:\/\/sorbonnescholars.sorbonne-universite.fr\/index.php?rest_route=\/wp\/v2\/pages\/14"}],"wp:attachment":[{"href":"https:\/\/sorbonnescholars.sorbonne-universite.fr\/index.php?rest_route=%2Fwp%2Fv2%2Fmedia&parent=2034"}],"curies":[{"name":"wp","href":"https:\/\/api.w.org\/{rel}","templated":true}]}}