{"id":2360,"date":"2025-07-04T08:22:49","date_gmt":"2025-07-04T08:22:49","guid":{"rendered":"https:\/\/sorbonnescholars.sorbonne-universite.fr\/?page_id=2360"},"modified":"2025-07-04T09:38:17","modified_gmt":"2025-07-04T09:38:17","slug":"concerts-2022-2023","status":"publish","type":"page","link":"https:\/\/sorbonnescholars.sorbonne-universite.fr\/?page_id=2360","title":{"rendered":"Concerts 2022-2023"},"content":{"rendered":"\n<p class=\"has-text-align-center\"><strong>La saison 2022-2023<\/strong><\/p>\n\n\n\n<p><strong>\u00ab&nbsp;<em>Mille regretz<\/em>&nbsp;\u00bb&nbsp;: L\u2019Italie des ann\u00e9es 1500. <\/strong>Tourn\u00e9e en Sicile par un ensemble r\u00e9duit du 31 octobre au 6 novembre 2022, avec concerts \u00e0 Siracusa, Caltagirone, Ragusa, Noto et Catania.<\/p>\n\n\n\n<p><strong>\u00ab&nbsp;<em>Mille regretz<\/em>&nbsp;\u00bb&nbsp;: L\u2019Italie des ann\u00e9es 1500<\/strong>. Mardi 29 novembre par l\u2019ensemble au complet en Sorbonne.<\/p>\n\n\n\n<p><strong>\u00ab&nbsp;<em>In terra aliena<\/em>&nbsp;\u00bb&nbsp;: Le psaume de l\u2019exil dans tous ses \u00e9tats.<\/strong> Dimanche 12 f\u00e9vrier 2023 \u00e0 l\u2019\u00c9glise Saint-Joseph-des-Carmes, Paris 6<sup>e<\/sup>. Avec la participation de Sir Michael Edwards de l\u2019Acad\u00e9mie fran\u00e7aise.<\/p>\n\n\n\n<p><strong>\u00ab <em>Missa in tempore paschali<\/em>&nbsp;\u00bb&nbsp;(William Byrd). <\/strong>Mercredi 12 avril \u00e0 l\u2019\u00c9glise Saint-Joseph-des-Carmes, Paris 6<sup>e<\/sup>. Reconstitution d\u2019une messe de P\u00e2ques dans la communaut\u00e9 catholique anglaise au temps d\u2019Elizabeth I<sup>\u00e8re<\/sup>.<\/p>\n\n\n\n<p><strong><em>Bataille, Battaglia, Battle <\/em><\/strong><strong>: <\/strong><strong>Musiques de bataille dans l\u2019Europe de la Renaissance.&nbsp;<\/strong>Samedi 13 mai \u00e0 l\u2019\u00c9glise Saint-Louis-des-Invalides, Paris 7<sup>e<\/sup>. Concert dans le cadre de la Nuit europ\u00e9enne des mus\u00e9es.<\/p>\n\n\n\n<p><strong><em>Bataille, Battaglia, Battle <\/em><\/strong><strong>: <\/strong><strong>La guerre en musique \u00e0 la Renaissance.&nbsp;<\/strong>Concert pr\u00e9sent\u00e9 par l\u2019association A la crois\u00e9e des chemins. Samedi 17 juin \u00e0 Acheux-en-Vimeu (80210).<\/p>\n\n\n\n<p><strong>\u00ab&nbsp;Songs of sundry natures <\/strong><strong>\u00bb&nbsp;: 25 ans de musique de la Renaissance<\/strong><strong>. &nbsp;<\/strong><\/p>\n\n\n\n<p>&nbsp;Pour c\u00e9l\u00e9brer le 25<sup>\u00e8me<\/sup> anniversaire de leur cr\u00e9ation, les Sorbonne Scholars reviennent au c\u0153ur de leur r\u00e9pertoire : la musique anglaise de l\u2019\u00e9poque \u00e9lisab\u00e9thaine (Thomas Tallis et William Byrd, \u00ab&nbsp;the Father of Music&nbsp;\u00bb), et aussi celle de la Renaissance europ\u00e9enne (Janequin, Isaac, Mouton, Victoria). Mardi 20 juin en Sorbonne.<\/p>\n\n\n\n<p>&nbsp;<strong>\u00ab&nbsp;Boire \u00e0 la Renaissance&nbsp;\u00bb. <\/strong>Concert dans le cadre du colloque \u00e9ponyme. Mardi 27 juin au Centre d\u2019\u00e9tudes sup\u00e9rieures de la Renaissance, Universit\u00e9 de Tours (37000).<\/p>\n\n\n\n<p><strong><em>Bataille, Battaglia, Battle, Battala <\/em><\/strong><strong>: <\/strong><strong>La guerre en musique \u00e0 la Renaissance<\/strong> Concert de cl\u00f4ture du stage d\u2019\u00e9t\u00e9 des Scholars en Limousin. Vendredi 21 juillet \u00e0 l\u2019\u00c9glise Saint-Pierre de Carennac (46110).<\/p>\n\n\n\n<p><strong>\u00ab&nbsp;<\/strong><strong>William <\/strong><strong>Byrd&nbsp;: les musiques de l\u2019intimit\u00e9&nbsp;\u00bb<\/strong>.&nbsp; R\u00e9cital de consort songs, consorts, et de musique pour clavier de Byrd, avec la participation d&rsquo;Anne Delafosse, soprano, de C\u00e9cile Chartrain, clavecin, et du consort de violes des Sorbonne Scholars. Vendredi 17 novembre dans le cadre du colloque international \u00ab&nbsp;Byrd, notre contemporain&nbsp;\u00bb organis\u00e9 en Sorbonne les 17 et 18 novembre.<\/p>\n\n\n\n<p><strong><em>\u00ab&nbsp;<\/em>William Byrd, Gentleman of the <em>Chapel <\/em><\/strong><strong><em>Royal&nbsp;\u00bb.<\/em> <\/strong>Musiques \u00e9crites pour la liturgie naissante de l\u2019\u00e9glise d\u2019Angleterre. Mardi 28 novembre en Sorbonne.<\/p>\n\n\n<div class=\"wp-block-image\">\n<figure class=\"aligncenter size-full is-resized\"><img loading=\"lazy\" decoding=\"async\" width=\"721\" height=\"568\" src=\"https:\/\/sorbonnescholars.sorbonne-universite.fr\/wp-content\/uploads\/2025\/07\/Concert-du-13-mai-2023-a-la-Cathedrale-St-Louis-des-Invalides.jpg\" alt=\"\" class=\"wp-image-2361\" style=\"width:296px;height:auto\" srcset=\"https:\/\/sorbonnescholars.sorbonne-universite.fr\/wp-content\/uploads\/2025\/07\/Concert-du-13-mai-2023-a-la-Cathedrale-St-Louis-des-Invalides.jpg 721w, https:\/\/sorbonnescholars.sorbonne-universite.fr\/wp-content\/uploads\/2025\/07\/Concert-du-13-mai-2023-a-la-Cathedrale-St-Louis-des-Invalides-300x236.jpg 300w\" sizes=\"auto, (max-width: 721px) 100vw, 721px\" \/><\/figure>\n<\/div>\n\n\n<p class=\"has-text-align-center\">Concert du 13 mai 2023 \u00e0 la Cath\u00e9drale St-Louis-des-Invalides<\/p>\n","protected":false},"excerpt":{"rendered":"<p>La saison 2022-2023 \u00ab&nbsp;Mille regretz&nbsp;\u00bb&nbsp;: L\u2019Italie des ann\u00e9es 1500. Tourn\u00e9e en Sicile par un ensemble r\u00e9duit du 31 octobre au 6 novembre 2022, avec concerts \u00e0 Siracusa, Caltagirone, Ragusa, Noto et Catania. \u00ab&nbsp;Mille regretz&nbsp;\u00bb&nbsp;: L\u2019Italie des ann\u00e9es 1500. Mardi 29 novembre par l\u2019ensemble au complet en Sorbonne. \u00ab&nbsp;In terra aliena&nbsp;\u00bb&nbsp;: Le psaume de l\u2019exil dans [&hellip;]<\/p>\n","protected":false},"author":3,"featured_media":0,"parent":14,"menu_order":15,"comment_status":"closed","ping_status":"closed","template":"","meta":{"footnotes":""},"class_list":["post-2360","page","type-page","status-publish","hentry"],"_links":{"self":[{"href":"https:\/\/sorbonnescholars.sorbonne-universite.fr\/index.php?rest_route=\/wp\/v2\/pages\/2360","targetHints":{"allow":["GET"]}}],"collection":[{"href":"https:\/\/sorbonnescholars.sorbonne-universite.fr\/index.php?rest_route=\/wp\/v2\/pages"}],"about":[{"href":"https:\/\/sorbonnescholars.sorbonne-universite.fr\/index.php?rest_route=\/wp\/v2\/types\/page"}],"author":[{"embeddable":true,"href":"https:\/\/sorbonnescholars.sorbonne-universite.fr\/index.php?rest_route=\/wp\/v2\/users\/3"}],"replies":[{"embeddable":true,"href":"https:\/\/sorbonnescholars.sorbonne-universite.fr\/index.php?rest_route=%2Fwp%2Fv2%2Fcomments&post=2360"}],"version-history":[{"count":3,"href":"https:\/\/sorbonnescholars.sorbonne-universite.fr\/index.php?rest_route=\/wp\/v2\/pages\/2360\/revisions"}],"predecessor-version":[{"id":2430,"href":"https:\/\/sorbonnescholars.sorbonne-universite.fr\/index.php?rest_route=\/wp\/v2\/pages\/2360\/revisions\/2430"}],"up":[{"embeddable":true,"href":"https:\/\/sorbonnescholars.sorbonne-universite.fr\/index.php?rest_route=\/wp\/v2\/pages\/14"}],"wp:attachment":[{"href":"https:\/\/sorbonnescholars.sorbonne-universite.fr\/index.php?rest_route=%2Fwp%2Fv2%2Fmedia&parent=2360"}],"curies":[{"name":"wp","href":"https:\/\/api.w.org\/{rel}","templated":true}]}}