{"id":2381,"date":"2025-07-04T08:59:30","date_gmt":"2025-07-04T08:59:30","guid":{"rendered":"https:\/\/sorbonnescholars.sorbonne-universite.fr\/?page_id=2381"},"modified":"2025-07-04T09:38:26","modified_gmt":"2025-07-04T09:38:26","slug":"la-saison-2023-2024","status":"publish","type":"page","link":"https:\/\/sorbonnescholars.sorbonne-universite.fr\/?page_id=2381","title":{"rendered":"Concerts 2023-2024"},"content":{"rendered":"\n<p class=\"has-text-align-center\"><strong>La saison 2023-2024<\/strong><\/p>\n\n\n\n<p class=\"has-text-align-center\"><strong>William Byrd, les musiques de l\u2019intimit\u00e9<br>Consorts, consort songs et musique pour clavier<\/strong><\/p>\n\n\n\n<p class=\"has-text-align-center\">Vendredi 17 novembre, Chapelle du Lyc\u00e9e Henri IV, 75005 Paris<\/p>\n\n\n<div class=\"wp-block-image\">\n<figure class=\"aligncenter size-full\"><img loading=\"lazy\" decoding=\"async\" width=\"249\" height=\"180\" src=\"https:\/\/sorbonnescholars.sorbonne-universite.fr\/wp-content\/uploads\/2025\/07\/William-Byrd-les-musiques-de-lintimite-Consorts-consort-songs-et-musique-pour-clavier-.png\" alt=\"\" class=\"wp-image-2382\"\/><\/figure>\n<\/div>\n\n\n<p class=\"has-text-align-center\">Concert pr\u00e9sent\u00e9 dans le cadre du colloque \u00ab&nbsp;William Byrd, notre contemporain&nbsp;\u00bb<\/p>\n\n\n\n<p class=\"has-text-align-center\"><strong>avec la participation d&rsquo;Anne Delafosse, soprano, de C\u00e9cile Chartrain, clavecin, et du consort de violes des Sorbonne Scholars.<\/strong><\/p>\n\n\n\n<p class=\"has-text-align-center\">_____________________________________________________________________________<br><\/p>\n\n\n\n<p class=\"has-text-align-center\">William Byrd, Gentleman of the Chapel Royal<\/p>\n\n\n\n<p class=\"has-text-align-center\">Mardi 28 novembre \u00e0 l\u2019Amphith\u00e9\u00e2tre Richelieu en Sorbonne<\/p>\n\n\n<div class=\"wp-block-image\">\n<figure class=\"aligncenter size-full is-resized\"><img loading=\"lazy\" decoding=\"async\" width=\"221\" height=\"156\" src=\"https:\/\/sorbonnescholars.sorbonne-universite.fr\/wp-content\/uploads\/2025\/07\/William-Byrd-Gentleman-of-the-Chapel-Royal.jpg\" alt=\"\" class=\"wp-image-2383\" style=\"width:265px;height:auto\"\/><\/figure>\n<\/div>\n\n\n<p class=\"has-text-align-center\">Ce programme a cl\u00f4tur\u00e9 l\u2019Ann\u00e9e Byrd des Sorbonne Scholars, \u00e0 l\u2019occasion du 400e anniversaire<br>de la mort de ce grand compositeur.<\/p>\n\n\n\n<p class=\"has-text-align-center\">_____________________________________________________________________________<br><\/p>\n\n\n\n<p class=\"has-text-align-center\"><strong>Les sommets de la polyphonie renaissance<\/strong><\/p>\n\n\n\n<p class=\"has-text-align-center\">Mardi 22 mars, Eglise St-Joseph-des-Carmes, Paris 13e, et<\/p>\n\n\n\n<p class=\"has-text-align-center\">Vendredi 26 avril, Eglise protestante unie de l\u2019Annonciation, Paris 16e<\/p>\n\n\n\n<p class=\"has-text-align-center\">Concert pr\u00e9sent\u00e9 par Musacor<\/p>\n\n\n<div class=\"wp-block-image\">\n<figure class=\"aligncenter size-full is-resized\"><img loading=\"lazy\" decoding=\"async\" width=\"195\" height=\"161\" src=\"https:\/\/sorbonnescholars.sorbonne-universite.fr\/wp-content\/uploads\/2025\/07\/Les-sommets-de-la-polyphonie-renaissance.png\" alt=\"\" class=\"wp-image-2384\" style=\"width:299px;height:auto\"\/><\/figure>\n<\/div>\n\n\n<p class=\"has-text-align-center\">_____________________________________________________________________________<br><\/p>\n\n\n\n<p class=\"has-text-align-center\"><strong>Dialogue musical \u00e0 la Renaissance<\/strong><\/p>\n\n\n\n<p class=\"has-text-align-center\"><strong>dans le cadre de l\u2019exposition \u00ab&nbsp;Le Go\u00fbt de la Renaissance&nbsp;\u00bb<\/strong><\/p>\n\n\n\n<p class=\"has-text-align-center\">mardi 14 mai \u00e0 l\u2019H\u00f4tel de la Marine, Paris 8e<\/p>\n\n\n<div class=\"wp-block-image\">\n<figure class=\"aligncenter size-full\"><img loading=\"lazy\" decoding=\"async\" width=\"263\" height=\"219\" src=\"https:\/\/sorbonnescholars.sorbonne-universite.fr\/wp-content\/uploads\/2025\/07\/Dialogue-musical-a-la-Renaissance-dans-le-cadre-de-lexposition-Le-Gout-de-la-Renaissance-.png\" alt=\"\" class=\"wp-image-2385\"\/><\/figure>\n<\/div>\n\n\n<p class=\"has-text-align-center\">Concert pr\u00e9sent\u00e9 par l\u2019H\u00f4tel de la Marine \/ CMN<\/p>\n\n\n\n<p class=\"has-text-align-center\">_____________________________________________________________________________<br><\/p>\n\n\n\n<p class=\"has-text-align-center\"><strong>\u00ab&nbsp;Sing joyfully&nbsp;\u00bb : Musique sacr\u00e9e de la Renaissance<\/strong><\/p>\n\n\n\n<p class=\"has-text-align-center\">samedi 15 juin, &nbsp;Eglise Ste-Marie-Madeleine, 80210 Acheux-en Vimeux<\/p>\n\n\n\n<p class=\"has-text-align-center\">et vendredi 12 juillet, &nbsp;Chapelle des R\u00e9collets, 46400 Saint-C\u00e9r\u00e9<\/p>\n\n\n<div class=\"wp-block-image\">\n<figure class=\"aligncenter size-full\"><img loading=\"lazy\" decoding=\"async\" width=\"183\" height=\"245\" src=\"https:\/\/sorbonnescholars.sorbonne-universite.fr\/wp-content\/uploads\/2025\/07\/SING-JOYFULLY.jpg\" alt=\"\" class=\"wp-image-2386\"\/><\/figure>\n<\/div>\n\n\n<p class=\"has-text-align-center\">Concert de musique de la Renaissance<\/p>\n\n\n\n<p class=\"has-text-align-center\">Vendredi 19 juillet, &nbsp;87200 Saint-Martin-de-Jussac<\/p>\n","protected":false},"excerpt":{"rendered":"<p>La saison 2023-2024 William Byrd, les musiques de l\u2019intimit\u00e9Consorts, consort songs et musique pour clavier Vendredi 17 novembre, Chapelle du Lyc\u00e9e Henri IV, 75005 Paris Concert pr\u00e9sent\u00e9 dans le cadre du colloque \u00ab&nbsp;William Byrd, notre contemporain&nbsp;\u00bb avec la participation d&rsquo;Anne Delafosse, soprano, de C\u00e9cile Chartrain, clavecin, et du consort de violes des Sorbonne Scholars. _____________________________________________________________________________ [&hellip;]<\/p>\n","protected":false},"author":3,"featured_media":0,"parent":14,"menu_order":15,"comment_status":"closed","ping_status":"closed","template":"","meta":{"footnotes":""},"class_list":["post-2381","page","type-page","status-publish","hentry"],"_links":{"self":[{"href":"https:\/\/sorbonnescholars.sorbonne-universite.fr\/index.php?rest_route=\/wp\/v2\/pages\/2381","targetHints":{"allow":["GET"]}}],"collection":[{"href":"https:\/\/sorbonnescholars.sorbonne-universite.fr\/index.php?rest_route=\/wp\/v2\/pages"}],"about":[{"href":"https:\/\/sorbonnescholars.sorbonne-universite.fr\/index.php?rest_route=\/wp\/v2\/types\/page"}],"author":[{"embeddable":true,"href":"https:\/\/sorbonnescholars.sorbonne-universite.fr\/index.php?rest_route=\/wp\/v2\/users\/3"}],"replies":[{"embeddable":true,"href":"https:\/\/sorbonnescholars.sorbonne-universite.fr\/index.php?rest_route=%2Fwp%2Fv2%2Fcomments&post=2381"}],"version-history":[{"count":7,"href":"https:\/\/sorbonnescholars.sorbonne-universite.fr\/index.php?rest_route=\/wp\/v2\/pages\/2381\/revisions"}],"predecessor-version":[{"id":2431,"href":"https:\/\/sorbonnescholars.sorbonne-universite.fr\/index.php?rest_route=\/wp\/v2\/pages\/2381\/revisions\/2431"}],"up":[{"embeddable":true,"href":"https:\/\/sorbonnescholars.sorbonne-universite.fr\/index.php?rest_route=\/wp\/v2\/pages\/14"}],"wp:attachment":[{"href":"https:\/\/sorbonnescholars.sorbonne-universite.fr\/index.php?rest_route=%2Fwp%2Fv2%2Fmedia&parent=2381"}],"curies":[{"name":"wp","href":"https:\/\/api.w.org\/{rel}","templated":true}]}}