{"id":2389,"date":"2025-07-04T09:13:12","date_gmt":"2025-07-04T09:13:12","guid":{"rendered":"https:\/\/sorbonnescholars.sorbonne-universite.fr\/?page_id=2389"},"modified":"2026-01-20T16:47:03","modified_gmt":"2026-01-20T16:47:03","slug":"concerts-2024","status":"publish","type":"page","link":"https:\/\/sorbonnescholars.sorbonne-universite.fr\/?page_id=2389","title":{"rendered":"Concerts 2024-2025"},"content":{"rendered":"\n<p class=\"has-text-align-center\"><strong>La saison 2024-2025<\/strong><\/p>\n\n\n\n<p class=\"has-text-align-center\"><strong>Les lamentations de David, de Josquin \u00e0 Sch\u00fctz<\/strong><\/p>\n\n\n\n<p class=\"has-text-align-center\">Mardi 26 novembre 2024, Amphith\u00e9\u00e2tre Richelieu en Sorbonne<\/p>\n\n\n<div class=\"wp-block-image\">\n<figure class=\"aligncenter size-full\"><img loading=\"lazy\" decoding=\"async\" width=\"159\" height=\"229\" src=\"https:\/\/sorbonnescholars.sorbonne-universite.fr\/wp-content\/uploads\/2025\/07\/Les-lamentations-de-David-de-Josquin-a-Schutz.jpg\" alt=\"\" class=\"wp-image-2390\"\/><\/figure>\n<\/div>\n\n\n<p class=\"has-text-align-center\">_____________________________________________________________________________<\/p>\n\n\n\n<p class=\"has-text-align-center\"><strong>Les \u00ab&nbsp;Musiques secr\u00e8tes&nbsp;\u00bb de Roland de Lassus&nbsp;<\/strong><\/p>\n\n\n\n<p class=\"has-text-align-center\">Mardi 18 mars 2025 en Sorbonne et le dimanche 30 mars \u00e0 l\u2019Eglise St-Joseph-des-Carmes<\/p>\n\n\n<div class=\"wp-block-image\">\n<figure class=\"aligncenter size-full\"><img loading=\"lazy\" decoding=\"async\" width=\"347\" height=\"236\" src=\"https:\/\/sorbonnescholars.sorbonne-universite.fr\/wp-content\/uploads\/2025\/07\/12-1.png\" alt=\"\" class=\"wp-image-2407\" srcset=\"https:\/\/sorbonnescholars.sorbonne-universite.fr\/wp-content\/uploads\/2025\/07\/12-1.png 347w, https:\/\/sorbonnescholars.sorbonne-universite.fr\/wp-content\/uploads\/2025\/07\/12-1-300x204.png 300w\" sizes=\"auto, (max-width: 347px) 100vw, 347px\" \/><\/figure>\n<\/div>\n\n\n<p class=\"has-text-align-center\">_____________________________________________________________________________<\/p>\n\n\n\n<p class=\"has-text-align-center\"><strong>In the streets and taverns of London<\/strong><\/p>\n\n\n\n<p class=\"has-text-align-center\">Mardi 29 avril 2025 \u00e0 17 heures, Universit\u00e9 Gustave Eiffel \u00e0 Champs-sur-Marne<\/p>\n\n\n\n<p class=\"has-text-align-center\">Concert pr\u00e9sent\u00e9 dans le cadre du colloque \u00ab Londres et autres villes d\u2019Angleterre au Moyen \u00c2ge et \u00e0 la Renaissance \u00bb<\/p>\n\n\n<div class=\"wp-block-image\">\n<figure class=\"aligncenter size-full\"><img loading=\"lazy\" decoding=\"async\" width=\"220\" height=\"166\" src=\"https:\/\/sorbonnescholars.sorbonne-universite.fr\/wp-content\/uploads\/2025\/07\/In-the-streets-and-taverns-of-London.png\" alt=\"\" class=\"wp-image-2404\"\/><\/figure>\n<\/div>\n\n\n<p class=\"has-text-align-center\">_____________________________________________________________________________<\/p>\n\n\n\n<p class=\"has-text-align-center\"><strong>Chantons les batailles \u00e0 la Renaissance<\/strong><\/p>\n\n\n\n<p class=\"has-text-align-center\">Mardi 10 juin 2025, Amphith\u00e9\u00e2tre Richelieu en Sorbonne<\/p>\n\n\n\n<p class=\"has-text-align-center\">Concert pr\u00e9sent\u00e9 dans le cadre du colloque \u00ab&nbsp;Nouvelles voies des \u00e9tudes sur la Renaissance&nbsp;\u00bb<\/p>\n\n\n<div class=\"wp-block-image\">\n<figure class=\"aligncenter size-full\"><img loading=\"lazy\" decoding=\"async\" width=\"400\" height=\"236\" src=\"https:\/\/sorbonnescholars.sorbonne-universite.fr\/wp-content\/uploads\/2025\/07\/Chantons-les-batailles-a-la-Renaissance.jpg\" alt=\"\" class=\"wp-image-2405\" srcset=\"https:\/\/sorbonnescholars.sorbonne-universite.fr\/wp-content\/uploads\/2025\/07\/Chantons-les-batailles-a-la-Renaissance.jpg 400w, https:\/\/sorbonnescholars.sorbonne-universite.fr\/wp-content\/uploads\/2025\/07\/Chantons-les-batailles-a-la-Renaissance-300x177.jpg 300w\" sizes=\"auto, (max-width: 400px) 100vw, 400px\" \/><\/figure>\n<\/div>","protected":false},"excerpt":{"rendered":"<p>La saison 2024-2025 Les lamentations de David, de Josquin \u00e0 Sch\u00fctz Mardi 26 novembre 2024, Amphith\u00e9\u00e2tre Richelieu en Sorbonne _____________________________________________________________________________ Les \u00ab&nbsp;Musiques secr\u00e8tes&nbsp;\u00bb de Roland de Lassus&nbsp; Mardi 18 mars 2025 en Sorbonne et le dimanche 30 mars \u00e0 l\u2019Eglise St-Joseph-des-Carmes _____________________________________________________________________________ In the streets and taverns of London Mardi 29 avril 2025 \u00e0 17 [&hellip;]<\/p>\n","protected":false},"author":3,"featured_media":0,"parent":14,"menu_order":16,"comment_status":"closed","ping_status":"closed","template":"","meta":{"footnotes":""},"class_list":["post-2389","page","type-page","status-publish","hentry"],"_links":{"self":[{"href":"https:\/\/sorbonnescholars.sorbonne-universite.fr\/index.php?rest_route=\/wp\/v2\/pages\/2389","targetHints":{"allow":["GET"]}}],"collection":[{"href":"https:\/\/sorbonnescholars.sorbonne-universite.fr\/index.php?rest_route=\/wp\/v2\/pages"}],"about":[{"href":"https:\/\/sorbonnescholars.sorbonne-universite.fr\/index.php?rest_route=\/wp\/v2\/types\/page"}],"author":[{"embeddable":true,"href":"https:\/\/sorbonnescholars.sorbonne-universite.fr\/index.php?rest_route=\/wp\/v2\/users\/3"}],"replies":[{"embeddable":true,"href":"https:\/\/sorbonnescholars.sorbonne-universite.fr\/index.php?rest_route=%2Fwp%2Fv2%2Fcomments&post=2389"}],"version-history":[{"count":7,"href":"https:\/\/sorbonnescholars.sorbonne-universite.fr\/index.php?rest_route=\/wp\/v2\/pages\/2389\/revisions"}],"predecessor-version":[{"id":2432,"href":"https:\/\/sorbonnescholars.sorbonne-universite.fr\/index.php?rest_route=\/wp\/v2\/pages\/2389\/revisions\/2432"}],"up":[{"embeddable":true,"href":"https:\/\/sorbonnescholars.sorbonne-universite.fr\/index.php?rest_route=\/wp\/v2\/pages\/14"}],"wp:attachment":[{"href":"https:\/\/sorbonnescholars.sorbonne-universite.fr\/index.php?rest_route=%2Fwp%2Fv2%2Fmedia&parent=2389"}],"curies":[{"name":"wp","href":"https:\/\/api.w.org\/{rel}","templated":true}]}}