{"id":2507,"date":"2025-09-02T14:55:51","date_gmt":"2025-09-02T14:55:51","guid":{"rendered":"https:\/\/sorbonnescholars.sorbonne-universite.fr\/?page_id=2507"},"modified":"2026-01-21T15:31:09","modified_gmt":"2026-01-21T15:31:09","slug":"audios","status":"publish","type":"page","link":"https:\/\/sorbonnescholars.sorbonne-universite.fr\/?page_id=2507","title":{"rendered":"Audios"},"content":{"rendered":"\r\n\r\n\r\n<h3 class=\"p1\"><span class=\"s1\"><b>Les Sorbonne Scholars &#8211; direction Pierre Iselin<\/b><\/span><\/h3>\r\n<h4 class=\"p2\"><span class=\"s1\"><b>Pi\u00e8ces s\u00e9l\u00e9ction\u00e9es<\/b><\/span><\/h4>\r\n<p class=\"p1\"><em><span class=\"s1\">Recorded live by Andrea Moneti and processed with Audacity. <\/span><\/em><\/p>\r\n<div class=\"wp-playlist wp-audio-playlist wp-playlist-light\">\n\t\t\t<div class=\"wp-playlist-current-item\"><\/div>\n\t\t<audio controls=\"controls\" preload=\"none\" width=\"640\"\n\t\t\t><\/audio>\n\t<div class=\"wp-playlist-next\"><\/div>\n\t<div class=\"wp-playlist-prev\"><\/div>\n\t<noscript>\n\t<ol>\n\t\t<li><a href='https:\/\/sorbonnescholars.sorbonne-universite.fr\/wp-content\/uploads\/2026\/01\/1.-20-fev-2018-Mateo-Flecha-La-Bomba-selection-Sorbonne.mp3'>Mateo Flecha: La Bomba (selection)<\/a><\/li><li><a href='https:\/\/sorbonnescholars.sorbonne-universite.fr\/wp-content\/uploads\/2026\/01\/2.-20-fev-2018-T.L.-de-Victoria_Estote-fortes-in-bello-Sorbonne.mp3'>T.L de Victoria: Estote fortes in bello<\/a><\/li><li><a href='https:\/\/sorbonnescholars.sorbonne-universite.fr\/wp-content\/uploads\/2026\/01\/3.-12-juin-2022-Josquin_Ave-maria-St-Joseph-des-Carmes.mp3'>Josquin: Ave maria<\/a><\/li><li><a href='https:\/\/sorbonnescholars.sorbonne-universite.fr\/wp-content\/uploads\/2026\/01\/4.-12-juin-2022-Josquin_Tu-Solus-St-Joseph-des-Carmes.mp3'>Josquin: Tu Solus<\/a><\/li><li><a href='https:\/\/sorbonnescholars.sorbonne-universite.fr\/wp-content\/uploads\/2026\/01\/5.-18-juin-2022-Josquin_El-Grillo-flutes-Acheux-en-Vimeu.mp3'>Josquin: El Grillo (flutes)<\/a><\/li><li><a href='https:\/\/sorbonnescholars.sorbonne-universite.fr\/wp-content\/uploads\/2026\/01\/6.-18-juin-2022-Josquin_Mille-regretz-Acheux-en-Vimeu.mp3'>Josquin: Mille regretz<\/a><\/li><li><a href='https:\/\/sorbonnescholars.sorbonne-universite.fr\/wp-content\/uploads\/2026\/01\/7.-18-juin-2022-Pange-lingua_gregorian-Kyrie-Josquin-Acheux-en-Vimeu.mp3'>Pange lingua: gregorian, Kyrie Josquin<\/a><\/li><li><a href='https:\/\/sorbonnescholars.sorbonne-universite.fr\/wp-content\/uploads\/2026\/01\/8.-22-juil-2022-H.-Isaac_Quis-dabit-capiti-meo-aquam-St-Martin-de-Jussac.mp3'>H. Isaac: Quis dabit capiti meo aquam<\/a><\/li><li><a href='https:\/\/sorbonnescholars.sorbonne-universite.fr\/wp-content\/uploads\/2026\/01\/9.-12-fev-2023-Jean-Goudimel_Estans-assis-St-Joseph-des-Carmes.mp3'>Jean Goudimel: Estans assis<\/a><\/li><li><a href='https:\/\/sorbonnescholars.sorbonne-universite.fr\/wp-content\/uploads\/2026\/01\/10.-12-avr-2023-Wm.-Byrd_Laudibus-in-sanctis-St-Joseph-des-Carmes.mp3'>Byrd: Laudibus in sanctis<\/a><\/li><li><a href='https:\/\/sorbonnescholars.sorbonne-universite.fr\/wp-content\/uploads\/2026\/01\/11.-12-avr-2023-Wm.-Byrd_Terra-tremuit-St-Joseph-des-Carmes.mp3'>Byrd: Terra tremuit<\/a><\/li><li><a href='https:\/\/sorbonnescholars.sorbonne-universite.fr\/wp-content\/uploads\/2026\/01\/12.-20-juin-2023-Jean-Mouton_Nesciens-Mater-Sorbonne-.mp3'>Jean Mouton: Nesciens Mater<\/a><\/li><li><a href='https:\/\/sorbonnescholars.sorbonne-universite.fr\/wp-content\/uploads\/2026\/01\/13.-30-mars-2025-Lassus_Responde-mihi-St-Joseph-des-Carmes.mp3'>Lassus: Responde mihi<\/a><\/li>\t<\/ol>\n\t<\/noscript>\n\t<script type=\"application\/json\" class=\"wp-playlist-script\">{\"type\":\"audio\",\"tracklist\":true,\"tracknumbers\":true,\"images\":true,\"artists\":true,\"tracks\":[{\"src\":\"https:\/\/sorbonnescholars.sorbonne-universite.fr\/wp-content\/uploads\/2026\/01\/1.-20-fev-2018-Mateo-Flecha-La-Bomba-selection-Sorbonne.mp3\",\"type\":\"audio\/mpeg\",\"title\":\"Mateo Flecha: La Bomba (selection)\",\"caption\":\"\",\"description\":\"\\u003Ci\\u003EMateo Flecha: La Bomba (selection)\\u003C\/i\\u003E tir\\u00e9 de \\u003Ci\\u003EEstote fortes in bello\\u003C\/i\\u003E par Sorbonne Scholars, dir Pierre Iselin. Date de sortie\\u00a0: 2018. Genre\\u00a0: Concert.\",\"meta\":{\"artist\":\"Sorbonne Scholars, dir Pierre Iselin - 20 f\\u00e9v 2018\",\"album\":\"Estote fortes in bello\",\"genre\":\"Concert\",\"year\":\"2018\",\"length_formatted\":\"1:11\"},\"image\":{\"src\":\"https:\/\/sorbonnescholars.sorbonne-universite.fr\/wp-includes\/images\/media\/audio.svg\",\"width\":48,\"height\":64},\"thumb\":{\"src\":\"https:\/\/sorbonnescholars.sorbonne-universite.fr\/wp-includes\/images\/media\/audio.svg\",\"width\":48,\"height\":64}},{\"src\":\"https:\/\/sorbonnescholars.sorbonne-universite.fr\/wp-content\/uploads\/2026\/01\/2.-20-fev-2018-T.L.-de-Victoria_Estote-fortes-in-bello-Sorbonne.mp3\",\"type\":\"audio\/mpeg\",\"title\":\"T.L de Victoria: Estote fortes in bello\",\"caption\":\"\",\"description\":\"\\u003Ci\\u003ET.L de Victoria: Estote fortes in bello\\u003C\/i\\u003E tir\\u00e9 de \\u003Ci\\u003EEstote fortes in bello\\u003C\/i\\u003E par Sorbonne Scholars, dir Pierre Iselin. Date de sortie\\u00a0: 2018. Genre\\u00a0: Concert.\",\"meta\":{\"artist\":\"Sorbonne Scholars, dir Pierre Iselin - 20 f\\u00e9v 2018\",\"album\":\"Estote fortes in bello\",\"genre\":\"Concert\",\"year\":\"2018\",\"length_formatted\":\"1:43\"},\"image\":{\"src\":\"https:\/\/sorbonnescholars.sorbonne-universite.fr\/wp-includes\/images\/media\/audio.svg\",\"width\":48,\"height\":64},\"thumb\":{\"src\":\"https:\/\/sorbonnescholars.sorbonne-universite.fr\/wp-includes\/images\/media\/audio.svg\",\"width\":48,\"height\":64}},{\"src\":\"https:\/\/sorbonnescholars.sorbonne-universite.fr\/wp-content\/uploads\/2026\/01\/3.-12-juin-2022-Josquin_Ave-maria-St-Joseph-des-Carmes.mp3\",\"type\":\"audio\/mpeg\",\"title\":\"Josquin: Ave maria\",\"caption\":\"\",\"description\":\"\\u003Ci\\u003EJosquin: Ave maria\\u003C\/i\\u003E tir\\u00e9 de \\u003Ci\\u003EMesses et motets de Josquin des Prez\\u003C\/i\\u003E par Sorbonne Scholars, dir. Pierre Iselin. Date de sortie\\u00a0: 2022. Genre\\u00a0: Concert.\",\"meta\":{\"artist\":\"Sorbonne Scholars, dir. Pierre Iselin - 12 juin 2022\",\"album\":\"Messes et motets de Josquin des Prez\",\"genre\":\"Concert\",\"year\":\"2022\",\"length_formatted\":\"5:13\"},\"image\":{\"src\":\"https:\/\/sorbonnescholars.sorbonne-universite.fr\/wp-includes\/images\/media\/audio.svg\",\"width\":48,\"height\":64},\"thumb\":{\"src\":\"https:\/\/sorbonnescholars.sorbonne-universite.fr\/wp-includes\/images\/media\/audio.svg\",\"width\":48,\"height\":64}},{\"src\":\"https:\/\/sorbonnescholars.sorbonne-universite.fr\/wp-content\/uploads\/2026\/01\/4.-12-juin-2022-Josquin_Tu-Solus-St-Joseph-des-Carmes.mp3\",\"type\":\"audio\/mpeg\",\"title\":\"Josquin: Tu Solus\",\"caption\":\"\",\"description\":\"\\u003Ci\\u003EJosquin: Tu Solus\\u003C\/i\\u003E tir\\u00e9 de \\u003Ci\\u003EMesses et motets de Josquin des Prez\\u003C\/i\\u003E par Sorbonne Scholars, dir. Pierre Iselin. Date de sortie\\u00a0: 2022. Genre\\u00a0: Concert.\",\"meta\":{\"artist\":\"Sorbonne Scholars, dir. Pierre Iselin - 12 juin 2022\",\"album\":\"Messes et motets de Josquin des Prez\",\"genre\":\"Concert\",\"year\":\"2022\",\"length_formatted\":\"4:05\"},\"image\":{\"src\":\"https:\/\/sorbonnescholars.sorbonne-universite.fr\/wp-includes\/images\/media\/audio.svg\",\"width\":48,\"height\":64},\"thumb\":{\"src\":\"https:\/\/sorbonnescholars.sorbonne-universite.fr\/wp-includes\/images\/media\/audio.svg\",\"width\":48,\"height\":64}},{\"src\":\"https:\/\/sorbonnescholars.sorbonne-universite.fr\/wp-content\/uploads\/2026\/01\/5.-18-juin-2022-Josquin_El-Grillo-flutes-Acheux-en-Vimeu.mp3\",\"type\":\"audio\/mpeg\",\"title\":\"Josquin: El Grillo (flutes)\",\"caption\":\"\",\"description\":\"\\u003Ci\\u003EJosquin: El Grillo (flutes)\\u003C\/i\\u003E tir\\u00e9 de \\u003Ci\\u003EMesses et motets de Josquin des Prez\\u003C\/i\\u003E par Sorbonne Scholars, dir. Pierre Iselin. Date de sortie\\u00a0: 2022. Genre\\u00a0: Concert.\",\"meta\":{\"artist\":\"Sorbonne Scholars, dir. Pierre Iselin - 18 juin 2022\",\"album\":\"Messes et motets de Josquin des Prez\",\"genre\":\"Concert\",\"year\":\"2022\",\"length_formatted\":\"1:20\"},\"image\":{\"src\":\"https:\/\/sorbonnescholars.sorbonne-universite.fr\/wp-includes\/images\/media\/audio.svg\",\"width\":48,\"height\":64},\"thumb\":{\"src\":\"https:\/\/sorbonnescholars.sorbonne-universite.fr\/wp-includes\/images\/media\/audio.svg\",\"width\":48,\"height\":64}},{\"src\":\"https:\/\/sorbonnescholars.sorbonne-universite.fr\/wp-content\/uploads\/2026\/01\/6.-18-juin-2022-Josquin_Mille-regretz-Acheux-en-Vimeu.mp3\",\"type\":\"audio\/mpeg\",\"title\":\"Josquin: Mille regretz\",\"caption\":\"\",\"description\":\"\\u003Ci\\u003EJosquin: Mille regretz\\u003C\/i\\u003E tir\\u00e9 de \\u003Ci\\u003EMesses et motets de Josquin des Prez\\u003C\/i\\u003E par Sorbonne Scholars, dir. Pierre Iselin. Date de sortie\\u00a0: 2022. Genre\\u00a0: Concert.\",\"meta\":{\"artist\":\"Sorbonne Scholars, dir. Pierre Iselin - 18 juin 2022\",\"album\":\"Messes et motets de Josquin des Prez\",\"genre\":\"Concert\",\"year\":\"2022\",\"length_formatted\":\"1:35\"},\"image\":{\"src\":\"https:\/\/sorbonnescholars.sorbonne-universite.fr\/wp-includes\/images\/media\/audio.svg\",\"width\":48,\"height\":64},\"thumb\":{\"src\":\"https:\/\/sorbonnescholars.sorbonne-universite.fr\/wp-includes\/images\/media\/audio.svg\",\"width\":48,\"height\":64}},{\"src\":\"https:\/\/sorbonnescholars.sorbonne-universite.fr\/wp-content\/uploads\/2026\/01\/7.-18-juin-2022-Pange-lingua_gregorian-Kyrie-Josquin-Acheux-en-Vimeu.mp3\",\"type\":\"audio\/mpeg\",\"title\":\"Pange lingua: gregorian, Kyrie Josquin\",\"caption\":\"\",\"description\":\"\\u003Ci\\u003EPange lingua: gregorian, Kyrie Josquin\\u003C\/i\\u003E tir\\u00e9 de \\u003Ci\\u003EMesses et motets de Josquin des Prez\\u003C\/i\\u003E par Sorbonne Scholars, dir. Pierre Iselin. Date de sortie\\u00a0: 2022. Genre\\u00a0: Concert.\",\"meta\":{\"artist\":\"Sorbonne Scholars, dir. Pierre Iselin - 18 juin 2022\",\"album\":\"Messes et motets de Josquin des Prez\",\"genre\":\"Concert\",\"year\":\"2022\",\"length_formatted\":\"1:24\"},\"image\":{\"src\":\"https:\/\/sorbonnescholars.sorbonne-universite.fr\/wp-includes\/images\/media\/audio.svg\",\"width\":48,\"height\":64},\"thumb\":{\"src\":\"https:\/\/sorbonnescholars.sorbonne-universite.fr\/wp-includes\/images\/media\/audio.svg\",\"width\":48,\"height\":64}},{\"src\":\"https:\/\/sorbonnescholars.sorbonne-universite.fr\/wp-content\/uploads\/2026\/01\/8.-22-juil-2022-H.-Isaac_Quis-dabit-capiti-meo-aquam-St-Martin-de-Jussac.mp3\",\"type\":\"audio\/mpeg\",\"title\":\"H. Isaac: Quis dabit capiti meo aquam\",\"caption\":\"\",\"description\":\"\\u003Ci\\u003EH. Isaac: Quis dabit capiti meo aquam\\u003C\/i\\u003E tir\\u00e9 de \\u003Ci\\u003EMille regretz\\u003C\/i\\u003E par Sorbonne Scholars, dir Pierre Iselin. Date de sortie\\u00a0: 2022. Genre\\u00a0: Concert.\",\"meta\":{\"artist\":\"Sorbonne Scholars, dir Pierre Iselin - 22 juil 2022\",\"album\":\"Mille regretz\",\"genre\":\"Concert\",\"year\":\"2022\",\"length_formatted\":\"5:37\"},\"image\":{\"src\":\"https:\/\/sorbonnescholars.sorbonne-universite.fr\/wp-includes\/images\/media\/audio.svg\",\"width\":48,\"height\":64},\"thumb\":{\"src\":\"https:\/\/sorbonnescholars.sorbonne-universite.fr\/wp-includes\/images\/media\/audio.svg\",\"width\":48,\"height\":64}},{\"src\":\"https:\/\/sorbonnescholars.sorbonne-universite.fr\/wp-content\/uploads\/2026\/01\/9.-12-fev-2023-Jean-Goudimel_Estans-assis-St-Joseph-des-Carmes.mp3\",\"type\":\"audio\/mpeg\",\"title\":\"Jean Goudimel: Estans assis\",\"caption\":\"\",\"description\":\"\\u003Ci\\u003EJean Goudimel: Estans assis\\u003C\/i\\u003E tir\\u00e9 de \\u003Ci\\u003EConcert \\\"In terra aliena\\\" - Psaume 137\\u003C\/i\\u003E par Sorbonne Scholars, dir Pierre Iselin. Date de sortie\\u00a0: 2023. Genre\\u00a0: Concert.\",\"meta\":{\"artist\":\"Sorbonne Scholars, dir Pierre Iselin - 12 f\\u00e9v 2023\",\"album\":\"Concert \\\"In terra aliena\\\" - Psaume 137\",\"genre\":\"Concert\",\"year\":\"2023\",\"length_formatted\":\"3:58\"},\"image\":{\"src\":\"https:\/\/sorbonnescholars.sorbonne-universite.fr\/wp-includes\/images\/media\/audio.svg\",\"width\":48,\"height\":64},\"thumb\":{\"src\":\"https:\/\/sorbonnescholars.sorbonne-universite.fr\/wp-includes\/images\/media\/audio.svg\",\"width\":48,\"height\":64}},{\"src\":\"https:\/\/sorbonnescholars.sorbonne-universite.fr\/wp-content\/uploads\/2026\/01\/10.-12-avr-2023-Wm.-Byrd_Laudibus-in-sanctis-St-Joseph-des-Carmes.mp3\",\"type\":\"audio\/mpeg\",\"title\":\"Byrd: Laudibus in sanctis\",\"caption\":\"\",\"description\":\"\\u003Ci\\u003EByrd: Laudibus in sanctis\\u003C\/i\\u003E tir\\u00e9 de \\u003Ci\\u003EMissa in tempore Paschali\\u003C\/i\\u003E par Sorbonne Scholars, dir Pierre Iselin. Date de sortie\\u00a0: 2023. Genre\\u00a0: Concert.\",\"meta\":{\"artist\":\"Sorbonne Scholars, dir Pierre Iselin - 12 avr 2023\",\"album\":\"Missa in tempore Paschali\",\"genre\":\"Concert\",\"year\":\"2023\",\"length_formatted\":\"6:00\"},\"image\":{\"src\":\"https:\/\/sorbonnescholars.sorbonne-universite.fr\/wp-includes\/images\/media\/audio.svg\",\"width\":48,\"height\":64},\"thumb\":{\"src\":\"https:\/\/sorbonnescholars.sorbonne-universite.fr\/wp-includes\/images\/media\/audio.svg\",\"width\":48,\"height\":64}},{\"src\":\"https:\/\/sorbonnescholars.sorbonne-universite.fr\/wp-content\/uploads\/2026\/01\/11.-12-avr-2023-Wm.-Byrd_Terra-tremuit-St-Joseph-des-Carmes.mp3\",\"type\":\"audio\/mpeg\",\"title\":\"Byrd: Terra tremuit\",\"caption\":\"\",\"description\":\"\\u003Ci\\u003EByrd: Terra tremuit\\u003C\/i\\u003E tir\\u00e9 de \\u003Ci\\u003EMissa in tempore Paschali\\u003C\/i\\u003E par Sorbonne Scholars, dir Pierre Iselin. Date de sortie\\u00a0: 2023. Genre\\u00a0: Concert.\",\"meta\":{\"artist\":\"Sorbonne Scholars, dir Pierre Iselin - 12 avr 2023\",\"album\":\"Missa in tempore Paschali\",\"genre\":\"Concert\",\"year\":\"2023\",\"length_formatted\":\"0:45\"},\"image\":{\"src\":\"https:\/\/sorbonnescholars.sorbonne-universite.fr\/wp-includes\/images\/media\/audio.svg\",\"width\":48,\"height\":64},\"thumb\":{\"src\":\"https:\/\/sorbonnescholars.sorbonne-universite.fr\/wp-includes\/images\/media\/audio.svg\",\"width\":48,\"height\":64}},{\"src\":\"https:\/\/sorbonnescholars.sorbonne-universite.fr\/wp-content\/uploads\/2026\/01\/12.-20-juin-2023-Jean-Mouton_Nesciens-Mater-Sorbonne-.mp3\",\"type\":\"audio\/mpeg\",\"title\":\"Jean Mouton: Nesciens Mater\",\"caption\":\"\",\"description\":\"\\u003Ci\\u003EJean Mouton: Nesciens Mater\\u003C\/i\\u003E tir\\u00e9 de \\u003Ci\\u003ESongs of Sundry Natures\\u003C\/i\\u003E par Sorbonne Scholars, dir Pierre Iselin. Date de sortie\\u00a0: 2023. Genre\\u00a0: Concert.\",\"meta\":{\"artist\":\"Sorbonne Scholars, dir Pierre Iselin - 20 juin 2023\",\"album\":\"Songs of Sundry Natures\",\"genre\":\"Concert\",\"year\":\"2023\",\"length_formatted\":\"3:38\"},\"image\":{\"src\":\"https:\/\/sorbonnescholars.sorbonne-universite.fr\/wp-includes\/images\/media\/audio.svg\",\"width\":48,\"height\":64},\"thumb\":{\"src\":\"https:\/\/sorbonnescholars.sorbonne-universite.fr\/wp-includes\/images\/media\/audio.svg\",\"width\":48,\"height\":64}},{\"src\":\"https:\/\/sorbonnescholars.sorbonne-universite.fr\/wp-content\/uploads\/2026\/01\/13.-30-mars-2025-Lassus_Responde-mihi-St-Joseph-des-Carmes.mp3\",\"type\":\"audio\/mpeg\",\"title\":\"Lassus: Responde mihi\",\"caption\":\"\",\"description\":\"\\u003Ci\\u003ELassus: Responde mihi\\u003C\/i\\u003E tir\\u00e9 de \\u003Ci\\u003ELa musique secr\\u00e8te de Lassus\\u003C\/i\\u003E par Sorbonne Scholars, dir Pierre Iselin. Date de sortie\\u00a0: 2025. Genre\\u00a0: Concert.\",\"meta\":{\"artist\":\"Sorbonne Scholars, dir Pierre Iselin - 30 mars 2025\",\"album\":\"La musique secr\\u00e8te de Lassus\",\"genre\":\"Concert\",\"year\":\"2025\",\"length_formatted\":\"4:25\"},\"image\":{\"src\":\"https:\/\/sorbonnescholars.sorbonne-universite.fr\/wp-includes\/images\/media\/audio.svg\",\"width\":48,\"height\":64},\"thumb\":{\"src\":\"https:\/\/sorbonnescholars.sorbonne-universite.fr\/wp-includes\/images\/media\/audio.svg\",\"width\":48,\"height\":64}}]}<\/script>\n<\/div>\n\t\r\n<h4><strong>Entretiens<\/strong><\/h4>\r\n\r\n\r\n\r\n<p><a href=\"https:\/\/www.radiofrance.fr\/franceculture\/la-musique-dans-le-theatre-de-shakespeare-pierre-iselin-2016-4226694\" target=\"_blank\" rel=\"noreferrer noopener\">Pierre Iselin : entretien sur France Musique<\/a><\/p>\r\n<p>&nbsp;<\/p>\r\n<p><a href=\"http:\/\/www.youtube.com\/watch?v=jl_vGJc6tKY\">Les Sorbonne Scholars sont aussi dans la web-s\u00e9rie consacr\u00e9e \u00e0 Marignan 2015<\/a><\/p>\r\n<p>&nbsp;<\/p>\r\n","protected":false},"excerpt":{"rendered":"<p>Les Sorbonne Scholars &#8211; direction Pierre Iselin Pi\u00e8ces s\u00e9l\u00e9ction\u00e9es Recorded live by Andrea Moneti and processed with Audacity. Entretiens Pierre Iselin : entretien sur France Musique &nbsp; Les Sorbonne Scholars sont aussi dans la web-s\u00e9rie consacr\u00e9e \u00e0 Marignan 2015 &nbsp;<\/p>\n","protected":false},"author":3,"featured_media":0,"parent":0,"menu_order":0,"comment_status":"closed","ping_status":"closed","template":"","meta":{"footnotes":""},"class_list":["post-2507","page","type-page","status-publish","hentry"],"_links":{"self":[{"href":"https:\/\/sorbonnescholars.sorbonne-universite.fr\/index.php?rest_route=\/wp\/v2\/pages\/2507","targetHints":{"allow":["GET"]}}],"collection":[{"href":"https:\/\/sorbonnescholars.sorbonne-universite.fr\/index.php?rest_route=\/wp\/v2\/pages"}],"about":[{"href":"https:\/\/sorbonnescholars.sorbonne-universite.fr\/index.php?rest_route=\/wp\/v2\/types\/page"}],"author":[{"embeddable":true,"href":"https:\/\/sorbonnescholars.sorbonne-universite.fr\/index.php?rest_route=\/wp\/v2\/users\/3"}],"replies":[{"embeddable":true,"href":"https:\/\/sorbonnescholars.sorbonne-universite.fr\/index.php?rest_route=%2Fwp%2Fv2%2Fcomments&post=2507"}],"version-history":[{"count":17,"href":"https:\/\/sorbonnescholars.sorbonne-universite.fr\/index.php?rest_route=\/wp\/v2\/pages\/2507\/revisions"}],"predecessor-version":[{"id":2606,"href":"https:\/\/sorbonnescholars.sorbonne-universite.fr\/index.php?rest_route=\/wp\/v2\/pages\/2507\/revisions\/2606"}],"wp:attachment":[{"href":"https:\/\/sorbonnescholars.sorbonne-universite.fr\/index.php?rest_route=%2Fwp%2Fv2%2Fmedia&parent=2507"}],"curies":[{"name":"wp","href":"https:\/\/api.w.org\/{rel}","templated":true}]}}