{"id":2554,"date":"2026-01-20T16:43:12","date_gmt":"2026-01-20T16:43:12","guid":{"rendered":"https:\/\/sorbonnescholars.sorbonne-universite.fr\/?page_id=2554"},"modified":"2026-01-21T11:18:42","modified_gmt":"2026-01-21T11:18:42","slug":"concerts-2025-2026","status":"publish","type":"page","link":"https:\/\/sorbonnescholars.sorbonne-universite.fr\/?page_id=2554","title":{"rendered":"Concerts 2025-2026"},"content":{"rendered":"<h4 class=\"has-text-align-center\" style=\"text-align: center;\"><strong>La saison 2025-2026<\/strong><\/h4>\r\n<!-- \/wp:post-content -->\r\n\r\n<!-- wp:paragraph {\"align\":\"center\"} -->\r\n<p class=\"has-text-align-center\" style=\"text-align: center;\"><strong>Hommage \u00e0 Orlando Gibbons (1583-1625)<\/strong><\/p>\r\n<!-- \/wp:paragraph -->\r\n\r\n<!-- wp:paragraph {\"align\":\"center\"} -->\r\n<p class=\"has-text-align-center\" style=\"text-align: center;\">Mardi 25 novembre 2025, Amphith\u00e9\u00e2tre Richelieu en Sorbonne<\/p>\r\n<h4 class=\"has-text-align-center\" style=\"text-align: center;\">\u00a0<\/h4>\r\n<p style=\"text-align: center;\"><img loading=\"lazy\" decoding=\"async\" class=\"alignnone size-medium wp-image-2594\" src=\"https:\/\/sorbonnescholars.sorbonne-universite.fr\/wp-content\/uploads\/2026\/01\/Gibbons-portrait-300x264.png\" alt=\"\" width=\"300\" height=\"264\" srcset=\"https:\/\/sorbonnescholars.sorbonne-universite.fr\/wp-content\/uploads\/2026\/01\/Gibbons-portrait-300x264.png 300w, https:\/\/sorbonnescholars.sorbonne-universite.fr\/wp-content\/uploads\/2026\/01\/Gibbons-portrait-1024x900.png 1024w, https:\/\/sorbonnescholars.sorbonne-universite.fr\/wp-content\/uploads\/2026\/01\/Gibbons-portrait-768x675.png 768w, https:\/\/sorbonnescholars.sorbonne-universite.fr\/wp-content\/uploads\/2026\/01\/Gibbons-portrait.png 1094w\" sizes=\"auto, (max-width: 300px) 100vw, 300px\" \/><\/p>\r\n<p class=\"has-text-align-center\" style=\"text-align: center;\">_____________________________________________________________________________<\/p>\r\n<!-- \/wp:paragraph -->\r\n\r\n<!-- wp:paragraph {\"align\":\"center\"} -->\r\n<p class=\"has-text-align-center\" style=\"text-align: center;\"><strong>Les Rois mages en musique \u00e0 la Renaissance<\/strong><\/p>\r\n<!-- \/wp:paragraph -->\r\n\r\n<!-- wp:paragraph {\"align\":\"center\"} -->\r\n<p class=\"has-text-align-center\" style=\"text-align: center;\">Mardi 27 janvier 2026, Amphith\u00e9\u00e2tre Richelieu en Sorbonne<\/p>\r\n<p style=\"text-align: center;\">et Samedi 31 janvier, Eglise Notre Dame \u00e0 Sepmes (37800)<\/p>\r\n<p class=\"has-text-align-center\" style=\"text-align: center;\"><em>Historique des Rois mages<\/em> sur <a href=\"https:\/\/sorbonnescholars.sorbonne-universite.fr\/wp-content\/uploads\/2026\/01\/27.01.2026.-Les-Rois-Mages-Historique.pdf\">ce lien.<\/a><\/p>\r\n<p style=\"text-align: center;\">\u00a0<\/p>\r\n<p><img loading=\"lazy\" decoding=\"async\" class=\"alignnone size-medium wp-image-2595 aligncenter\" src=\"https:\/\/sorbonnescholars.sorbonne-universite.fr\/wp-content\/uploads\/2026\/01\/Rois-mages-tableau-300x245.png\" alt=\"\" width=\"300\" height=\"245\" srcset=\"https:\/\/sorbonnescholars.sorbonne-universite.fr\/wp-content\/uploads\/2026\/01\/Rois-mages-tableau-300x245.png 300w, https:\/\/sorbonnescholars.sorbonne-universite.fr\/wp-content\/uploads\/2026\/01\/Rois-mages-tableau-1024x837.png 1024w, https:\/\/sorbonnescholars.sorbonne-universite.fr\/wp-content\/uploads\/2026\/01\/Rois-mages-tableau-768x628.png 768w, https:\/\/sorbonnescholars.sorbonne-universite.fr\/wp-content\/uploads\/2026\/01\/Rois-mages-tableau.png 1174w\" sizes=\"auto, (max-width: 300px) 100vw, 300px\" \/><\/p>\r\n<p style=\"text-align: center;\">_____________________________________________________________________________<\/p>\r\n<p style=\"text-align: center;\"><strong>Du profane au sacr\u00e9 : la messe-parodie \u00e0 la Renaissance<\/strong><\/p>\r\n<p style=\"text-align: center;\">Mardi 31 mars, Amphith\u00e9\u00e2tre Richelieu en Sorbonne<\/p>\r\n<p style=\"text-align: center;\">et Dimanche 12 avril, Eglise Saint Joseph des Carmes (Paris 6e)<\/p>\r\n<p style=\"text-align: center;\"><img loading=\"lazy\" decoding=\"async\" class=\"alignnone size-medium wp-image-2596\" src=\"https:\/\/sorbonnescholars.sorbonne-universite.fr\/wp-content\/uploads\/2026\/01\/Du-profane-au-sacre-Arcibmoldo--244x300.png\" alt=\"\" width=\"244\" height=\"300\" srcset=\"https:\/\/sorbonnescholars.sorbonne-universite.fr\/wp-content\/uploads\/2026\/01\/Du-profane-au-sacre-Arcibmoldo--244x300.png 244w, https:\/\/sorbonnescholars.sorbonne-universite.fr\/wp-content\/uploads\/2026\/01\/Du-profane-au-sacre-Arcibmoldo--834x1024.png 834w, https:\/\/sorbonnescholars.sorbonne-universite.fr\/wp-content\/uploads\/2026\/01\/Du-profane-au-sacre-Arcibmoldo--768x943.png 768w, https:\/\/sorbonnescholars.sorbonne-universite.fr\/wp-content\/uploads\/2026\/01\/Du-profane-au-sacre-Arcibmoldo-.png 886w\" sizes=\"auto, (max-width: 244px) 100vw, 244px\" \/><\/p>\r\n<p style=\"text-align: center;\">_____________________________________________________________________________<\/p>","protected":false},"excerpt":{"rendered":"<p>La saison 2025-2026 Hommage \u00e0 Orlando Gibbons (1583-1625) Mardi 25 novembre 2025, Amphith\u00e9\u00e2tre Richelieu en Sorbonne \u00a0 _____________________________________________________________________________ Les Rois mages en musique \u00e0 la Renaissance Mardi 27 janvier 2026, Amphith\u00e9\u00e2tre Richelieu en Sorbonne et Samedi 31 janvier, Eglise Notre Dame \u00e0 Sepmes (37800) Historique des Rois mages sur ce lien. \u00a0 _____________________________________________________________________________ Du profane [&hellip;]<\/p>\n","protected":false},"author":3,"featured_media":0,"parent":14,"menu_order":17,"comment_status":"closed","ping_status":"closed","template":"","meta":{"footnotes":""},"class_list":["post-2554","page","type-page","status-publish","hentry"],"_links":{"self":[{"href":"https:\/\/sorbonnescholars.sorbonne-universite.fr\/index.php?rest_route=\/wp\/v2\/pages\/2554","targetHints":{"allow":["GET"]}}],"collection":[{"href":"https:\/\/sorbonnescholars.sorbonne-universite.fr\/index.php?rest_route=\/wp\/v2\/pages"}],"about":[{"href":"https:\/\/sorbonnescholars.sorbonne-universite.fr\/index.php?rest_route=\/wp\/v2\/types\/page"}],"author":[{"embeddable":true,"href":"https:\/\/sorbonnescholars.sorbonne-universite.fr\/index.php?rest_route=\/wp\/v2\/users\/3"}],"replies":[{"embeddable":true,"href":"https:\/\/sorbonnescholars.sorbonne-universite.fr\/index.php?rest_route=%2Fwp%2Fv2%2Fcomments&post=2554"}],"version-history":[{"count":8,"href":"https:\/\/sorbonnescholars.sorbonne-universite.fr\/index.php?rest_route=\/wp\/v2\/pages\/2554\/revisions"}],"predecessor-version":[{"id":2598,"href":"https:\/\/sorbonnescholars.sorbonne-universite.fr\/index.php?rest_route=\/wp\/v2\/pages\/2554\/revisions\/2598"}],"up":[{"embeddable":true,"href":"https:\/\/sorbonnescholars.sorbonne-universite.fr\/index.php?rest_route=\/wp\/v2\/pages\/14"}],"wp:attachment":[{"href":"https:\/\/sorbonnescholars.sorbonne-universite.fr\/index.php?rest_route=%2Fwp%2Fv2%2Fmedia&parent=2554"}],"curies":[{"name":"wp","href":"https:\/\/api.w.org\/{rel}","templated":true}]}}