{"id":298,"date":"2012-05-18T10:21:33","date_gmt":"2012-05-18T10:21:33","guid":{"rendered":"http:\/\/www.culture-sorbonne.fr\/scholars\/?page_id=298"},"modified":"2025-07-04T08:31:43","modified_gmt":"2025-07-04T08:31:43","slug":"concerts-2011-2012","status":"publish","type":"page","link":"https:\/\/sorbonnescholars.sorbonne-universite.fr\/?page_id=298","title":{"rendered":"Concerts 2011-2012"},"content":{"rendered":"<p style=\"text-align: justify\"><span style=\"font-family: lucida sans unicode,lucida grande,sans-serif\"><span style=\"font-size: 12px\"><span style=\"text-decoration: underline\">18 novembre 2011<\/span><\/span><\/span><\/p>\n<p style=\"text-align: justify\"><span style=\"font-family: lucida sans unicode,lucida grande,sans-serif\"><span style=\"color: #66cc66\"><span style=\"font-size: 12px\">\u00ab\u00a0Ronsard en musique\u00a0\u00bb<\/span><\/span><\/span><\/p>\n<p style=\"text-align: justify\"><span style=\"font-family: lucida sans unicode,lucida grande,sans-serif\"><span style=\"font-size: 12px\">Eglise r\u00e9form\u00e9e de Passy-Annonciation Paris 16<sup>e<\/sup><\/span><\/span><\/p>\n<p style=\"text-align: justify\"><span style=\"font-family: lucida sans unicode,lucida grande,sans-serif\"><strong><span style=\"font-size: 12px\">Concert organis\u00e9 par Musacor<\/span><\/strong><\/span><\/p>\n<p style=\"text-align: justify\"><span style=\"font-family: lucida sans unicode,lucida grande,sans-serif\"><span style=\"font-size: 12px\">Avec la participation de Fran\u00e7ois Bonnet au luth<\/span><\/span><\/p>\n<p style=\"text-align: justify\"><span style=\"font-family: lucida sans unicode,lucida grande,sans-serif\"><span style=\"font-size: 12px\"><span style=\"text-decoration: underline\">10 d\u00e9cembre 2011<\/span><\/span><\/span><\/p>\n<p style=\"text-align: justify\"><span style=\"font-family: lucida sans unicode,lucida grande,sans-serif\"><span style=\"color: #66cc66\"><span style=\"font-size: 12px\">\u00ab\u00a0Ronsard en musique\u00a0\u2013 Po\u00e8mes de Pierre de Ronsard mis en musique par ses contemporains\u00a0: Janequin, Josquin des Pr\u00e8s, Costeley, Goudimel, Boni, Lassus, <em>et al.<\/em>\u00a0\u00bb<\/span><\/span><\/span><\/p>\n<p style=\"text-align: justify\"><span style=\"font-family: lucida sans unicode,lucida grande,sans-serif\"><span style=\"font-size: 12px\">Amphith\u00e9\u00e2tre de Gestion, Sorbonne<\/span><\/span><\/p>\n<p style=\"text-align: justify\"><span style=\"font-family: lucida sans unicode,lucida grande,sans-serif\"><span style=\"font-size: 12px\">Avec la participation de Fran\u00e7ois Bonnet au luth<\/span><\/span><\/p>\n<p style=\"text-align: justify\"><span style=\"font-family: lucida sans unicode,lucida grande,sans-serif\"><span style=\"font-size: 12px\"><span style=\"text-decoration: underline\">16 mars 2012<\/span><\/span><\/span><\/p>\n<p style=\"text-align: justify\"><span style=\"font-family: lucida sans unicode,lucida grande,sans-serif\"><span style=\"color: #66cc66\"><span style=\"font-size: 12px\">\u00ab\u00a0Musique sacr\u00e9e \u00e0 l\u2019aube du baroque allemand\u00a0; Heinrich Sch\u00fctz et ses pr\u00e9d\u00e9cesseurs\u00a0\u00bb<\/span><\/span><\/span><\/p>\n<p style=\"text-align: justify\"><span style=\"font-family: lucida sans unicode,lucida grande,sans-serif\"><span style=\"font-size: 12px\">Eglise St Philippe \u2013 St Jacques, Chatillon (92)<\/span><\/span><\/p>\n<p style=\"text-align: justify\"><span style=\"font-family: lucida sans unicode,lucida grande,sans-serif\"><strong><span style=\"font-size: 12px\">Concert au profit de l\u2019Association \u00ab\u00a0M\u00e8res pour la paix\u00a0\u00bb<\/span><\/strong><\/span><\/p>\n<p style=\"text-align: justify\"><span style=\"font-family: lucida sans unicode,lucida grande,sans-serif\"><span style=\"font-size: 12px\">Avec la participation de Fran\u00e7ois Bonnet au luth et de John Walthausen \u00e0 l\u2019orgue<\/span><\/span><\/p>\n<p style=\"text-align: justify\"><span style=\"font-family: lucida sans unicode,lucida grande,sans-serif\"><span style=\"font-size: 12px\"><span style=\"text-decoration: underline\">20 mars 2012 <\/span><\/span><\/span><\/p>\n<p style=\"text-align: justify\"><span style=\"font-family: lucida sans unicode,lucida grande,sans-serif\"><span style=\"color: #66cc66\"><span style=\"font-size: 12px\">\u00ab\u00a0Musique sacr\u00e9e \u00e0 l\u2019aube du baroque allemand\u00a0; Heinrich Sch\u00fctz et ses pr\u00e9d\u00e9cesseurs\u00a0\u00bb<\/span><\/span><\/span><\/p>\n<p style=\"text-align: justify\"><span style=\"font-family: lucida sans unicode,lucida grande,sans-serif\"><span style=\"font-size: 12px\">Chapelle du Lyc\u00e9e Henri IV, Paris 5e<\/span><\/span><\/p>\n<p style=\"text-align: justify\"><span style=\"font-family: lucida sans unicode,lucida grande,sans-serif\"><span style=\"font-size: 12px\">Avec la participation de Fran\u00e7ois Bonnet au luth<\/span><\/span><\/p>\n<p style=\"text-align: justify\"><span style=\"font-family: lucida sans unicode,lucida grande,sans-serif\"><span style=\"font-size: 12px\"><span style=\"text-decoration: underline\">23 mars 2012 <\/span><\/span><\/span><\/p>\n<p style=\"text-align: justify\"><span style=\"font-family: lucida sans unicode,lucida grande,sans-serif\"><span style=\"color: #66cc66\"><span style=\"font-size: 12px\">\u00ab\u00a0Musique sacr\u00e9e \u00e0 l\u2019aube du baroque allemand\u00a0; Heinrich Sch\u00fctz et ses pr\u00e9d\u00e9cesseurs\u00a0\u00bb<\/span><\/span><\/span><\/p>\n<p style=\"text-align: justify\"><span style=\"font-family: lucida sans unicode,lucida grande,sans-serif\"><span style=\"font-size: 12px\">Eglise Evang\u00e9lique Allemande, Paris 9<sup>e<\/sup><\/span><\/span><\/p>\n<p style=\"text-align: justify\"><span style=\"font-family: lucida sans unicode,lucida grande,sans-serif\"><span style=\"font-size: 12px\">Avec la participation de Fran\u00e7ois Bonnet au luth et de John Walthausen \u00e0 l\u2019orgue<\/span><\/span><\/p>\n<p style=\"text-align: justify\"><span style=\"font-family: lucida sans unicode,lucida grande,sans-serif\"><span style=\"font-size: 12px\"><span style=\"text-decoration: underline\">22 juin 2012 <\/span><\/span><\/span><\/p>\n<p style=\"text-align: justify\"><span style=\"font-family: lucida sans unicode,lucida grande,sans-serif\"><span style=\"font-size: 12px\">Dans le cadre du \u00ab\u00a07<sup>e<\/sup> colloque international consacr\u00e9 \u00e0 Layamon\u00a0\u00bb<\/span><\/span><\/p>\n<p><span style=\"font-family: lucida sans unicode,lucida grande,sans-serif\"><span style=\"color: #66cc66\"><span style=\"font-size: 12px\">\u00ab\u00a0Musique des premiers Tudors\u00a0\u00bb<\/span><\/span><\/span><\/p>\n<p><span style=\"font-size: 12px\">Amphith\u00e9\u00e2tre Michelet, Sorbonne<\/span><\/p>\n<h5><span style=\"text-decoration: underline\">27 juillet 2012<\/span><\/h5>\n<h5><span style=\"color: #339966\">\u00ab\u00a0Hommage \u00e0 William Byrd\u00a0\u2013\u2028Polyphonies anglaises sous le r\u00e8gne d\u2019Elisabeth 1\u00e8re\u00a0\u00bb\u2028<\/span><\/h5>\n<h5>Eglise St Saturnin, 87200 Chaillac-sur-Vienne<\/h5>\n<h5><span style=\"text-decoration: underline\">\u00a028 juillet 2012<\/span><\/h5>\n<h5><span style=\"color: #339966\">\u00ab\u00a0Hommage \u00e0 William Byrd\u00a0\u2013\u2028Polyphonies anglaises sous le r\u00e8gne d\u2019Elisabeth 1\u00e8re\u00a0\u00bb\u2028<\/span><\/h5>\n<h5>Ch\u00e2teau du Moulin, 41230 Lassay-sur-Croisne<\/h5>\n<p>&nbsp;<\/p>\n<p style=\"text-align: justify\"><span style=\"font-family: lucida sans unicode,lucida grande,sans-serif\"><span style=\"font-size: 12px\"><br \/>\n<\/span><\/span><\/p>\n","protected":false},"excerpt":{"rendered":"<p>18 novembre 2011 \u00ab\u00a0Ronsard en musique\u00a0\u00bb Eglise r\u00e9form\u00e9e de Passy-Annonciation Paris 16e Concert organis\u00e9 par Musacor Avec la participation de Fran\u00e7ois Bonnet au luth 10 d\u00e9cembre 2011 \u00ab\u00a0Ronsard en musique\u00a0\u2013 Po\u00e8mes de Pierre de Ronsard mis en musique par ses contemporains\u00a0: Janequin, Josquin des Pr\u00e8s, Costeley, Goudimel, Boni, Lassus, et al.\u00a0\u00bb Amphith\u00e9\u00e2tre de Gestion, Sorbonne [&hellip;]<\/p>\n","protected":false},"author":4,"featured_media":0,"parent":14,"menu_order":5,"comment_status":"closed","ping_status":"closed","template":"","meta":{"footnotes":""},"class_list":["post-298","page","type-page","status-publish","hentry"],"_links":{"self":[{"href":"https:\/\/sorbonnescholars.sorbonne-universite.fr\/index.php?rest_route=\/wp\/v2\/pages\/298","targetHints":{"allow":["GET"]}}],"collection":[{"href":"https:\/\/sorbonnescholars.sorbonne-universite.fr\/index.php?rest_route=\/wp\/v2\/pages"}],"about":[{"href":"https:\/\/sorbonnescholars.sorbonne-universite.fr\/index.php?rest_route=\/wp\/v2\/types\/page"}],"author":[{"embeddable":true,"href":"https:\/\/sorbonnescholars.sorbonne-universite.fr\/index.php?rest_route=\/wp\/v2\/users\/4"}],"replies":[{"embeddable":true,"href":"https:\/\/sorbonnescholars.sorbonne-universite.fr\/index.php?rest_route=%2Fwp%2Fv2%2Fcomments&post=298"}],"version-history":[{"count":1,"href":"https:\/\/sorbonnescholars.sorbonne-universite.fr\/index.php?rest_route=\/wp\/v2\/pages\/298\/revisions"}],"predecessor-version":[{"id":2371,"href":"https:\/\/sorbonnescholars.sorbonne-universite.fr\/index.php?rest_route=\/wp\/v2\/pages\/298\/revisions\/2371"}],"up":[{"embeddable":true,"href":"https:\/\/sorbonnescholars.sorbonne-universite.fr\/index.php?rest_route=\/wp\/v2\/pages\/14"}],"wp:attachment":[{"href":"https:\/\/sorbonnescholars.sorbonne-universite.fr\/index.php?rest_route=%2Fwp%2Fv2%2Fmedia&parent=298"}],"curies":[{"name":"wp","href":"https:\/\/api.w.org\/{rel}","templated":true}]}}