{"id":40,"date":"2012-05-09T09:08:20","date_gmt":"2012-05-09T09:08:20","guid":{"rendered":"http:\/\/www.culture-sorbonne.fr\/scholars\/?page_id=40"},"modified":"2012-05-09T09:08:20","modified_gmt":"2012-05-09T09:08:20","slug":"pierre-iselin","status":"publish","type":"page","link":"https:\/\/sorbonnescholars.sorbonne-universite.fr\/?page_id=40","title":{"rendered":"Biographies"},"content":{"rendered":"<p style=\"text-align: center\"><span style=\"color: #66cc66\"><strong><span style=\"font-size: 14px\"><span style=\"font-family: lucida sans unicode,lucida grande,sans-serif\">Pierre Iselin, Direction<\/span><\/span><\/strong><\/span><\/p>\n<p style=\"text-align: center\"><span style=\"font-family: lucida sans unicode,lucida grande,sans-serif\"><span style=\"font-size: 12px\"><a href=\"http:\/\/www.culture-sorbonne.fr\/scholars\/files\/2012\/05\/Sans-titre2.png\"><img loading=\"lazy\" decoding=\"async\" width=\"86\" height=\"193\" class=\"alignnone size-full wp-image-140\" style=\"width: 133px;height: 298px\" title=\"Sans titre2\" src=\"http:\/\/www.culture-sorbonne.fr\/scholars\/files\/2012\/05\/Sans-titre2.png\" alt=\"\" \/><\/a><\/span><\/span><\/p>\n<p style=\"margin-left: 7.1pt;text-align: justify\"><span style=\"font-family: lucida sans unicode,lucida grande,sans-serif\"><span style=\"font-size: 12px\">Professeur de litt\u00e9rature \u00e9lisab\u00e9thaine \u00e0 l\u2019Universit\u00e9 Paris-Sorbonne depuis 1995, Pierre Iselin est sp\u00e9cialis\u00e9 dans les rapports entre musique, th\u00e9\u00e2tre et soci\u00e9t\u00e9 dans l\u2019Angleterre des XVI<sup>\u00e8me<\/sup> et XVII<sup>\u00e8me <\/sup>si\u00e8cles. Il soutient en 1984 une th\u00e8se sur les r\u00e9f\u00e9rences musicales pr\u00e9sentes dans l\u2019\u0153uvre de William Shakespeare et est habilit\u00e9 d\u00e8s 1991 \u00e0 diriger des recherches portant sur les trait\u00e9s musicaux en Angleterre \u00e0 la fin du XVI<sup>\u00e8me<\/sup> si\u00e8cle.<\/span><\/span><\/p>\n<p style=\"margin-left: 7.1pt;text-align: justify\"><span style=\"font-family: lucida sans unicode,lucida grande,sans-serif\"><span style=\"font-size: 12px\">Parall\u00e8lement \u00e0 ses \u00e9tudes, il suit une scolarit\u00e9 musicale classique au CNR de Limoges \u00e0 travers des cours de solf\u00e8ge, harmonie, piano et orgue, notamment avec Jean-Pierre Leguay. \u00c0 la suite de divers stages et rencontres, il se sp\u00e9cialise dans la musique de la Renaissance et \u00e9tudie le clavecin, la fl\u00fbte \u00e0 bec, la chal\u00e9mie et la facture instrumentale.<br \/>\nD\u00e8s lors, il fonde en 1970 un ensemble de musique ancienne, l\u2019Ensemble Polyphonique Guiraut de Borneilh, pr\u00e9sent \u00e0 l\u2019occasion de nombreux festivals, concerts et animations jusqu\u2019en 1976. Il donne notamment deux concerts lors du premier Festival de Musique Ancienne de Saintes en 1972. <\/span><\/span><span style=\"font-family: lucida sans unicode,lucida grande,sans-serif\"><span style=\"font-size: 12px\">Il r\u00e9alise alors le premier enregistrement fran\u00e7ais des Lamentations de J\u00e9r\u00e9mie de Thomas Tallis sur France Musique.<\/span><\/span><\/p>\n<p style=\"margin-left: 7.1pt;text-align: justify\"><span style=\"font-family: lucida sans unicode,lucida grande,sans-serif\"><span style=\"font-size: 12px\">Pierre Iselin se familiarise ensuite avec le r\u00e9pertoire anglais, lors de sa scolarit\u00e9 \u00e0 Trinity College \u00e0 Dublin d\u2019abord puis \u00e0 l\u2019occasion de s\u00e9jours de recherche \u00e0 Oxford et \u00e0 Cambridge (Wolson College et King\u2019s College) o\u00f9 il chante notamment sous la direction de Roger Butt. <\/span><\/span><\/p>\n<p style=\"margin-left: 7.1pt;text-align: justify\"><span style=\"font-family: lucida sans unicode,lucida grande,sans-serif\"><span style=\"font-size: 12px\">C\u2019est \u00e0 l\u2019issue d\u2019un s\u00e9jour de recherche \u00e0 Stratford-upon-Avon avec les \u00e9tudiants de son s\u00e9minaire \u00ab\u00a0Shakespeare et son temps\u00a0\u00bb, que Pierre Iselin fonde les Sorbonne Scholars en 1998. Alors qu\u2019il \u00e9tudie la viole de gambe avec Jean-Louis Charbonnier puis Elisabeth Matiffa, il constitue un consort de violes au sein des Sorbonne Scholars, qui travaille de mani\u00e8re hebdomadaire tout comme le ch\u0153ur.<\/span><\/span><\/p>\n<p style=\"margin-left: 7.1pt;text-align: justify\"><span style=\"font-family: lucida sans unicode,lucida grande,sans-serif\"><span style=\"font-size: 12px\">Actuellement, Pierre Iselin \u00e9tudie le hautbois baroque, en vue de constituer un ensemble d\u2019instruments \u00e0 anche qui abordera le r\u00e9pertoire des Waits (les musiciens du Guet dans les grandes villes anglaises), et celui plus r\u00e9cent des bandes de hautbois.<\/span><\/span><\/p>\n<p style=\"text-align: center\"><strong><span style=\"font-size: 14px\"><span style=\"font-family: lucida sans unicode,lucida grande,sans-serif\">Pierre-Etienne NATAF, luth<\/span><\/span><\/strong><\/p>\n<p style=\"text-align: justify\"><a href=\"https:\/\/sorbonnescholars.sorbonne-universite.fr\/wp-content\/uploads\/2017\/06\/PENataf.jpg\"><img loading=\"lazy\" decoding=\"async\" class=\"aligncenter wp-image-909\" src=\"http:\/\/www.culture-sorbonne.fr\/scholars\/files\/2017\/06\/PENataf-300x225.jpg\" alt=\"\" width=\"232\" height=\"174\" srcset=\"https:\/\/sorbonnescholars.sorbonne-universite.fr\/wp-content\/uploads\/2017\/06\/PENataf-300x225.jpg 300w, https:\/\/sorbonnescholars.sorbonne-universite.fr\/wp-content\/uploads\/2017\/06\/PENataf-1024x768.jpg 1024w, https:\/\/sorbonnescholars.sorbonne-universite.fr\/wp-content\/uploads\/2017\/06\/PENataf-768x576.jpg 768w, https:\/\/sorbonnescholars.sorbonne-universite.fr\/wp-content\/uploads\/2017\/06\/PENataf-1536x1152.jpg 1536w, https:\/\/sorbonnescholars.sorbonne-universite.fr\/wp-content\/uploads\/2017\/06\/PENataf-2048x1536.jpg 2048w, https:\/\/sorbonnescholars.sorbonne-universite.fr\/wp-content\/uploads\/2017\/06\/PENataf-1568x1176.jpg 1568w\" sizes=\"auto, (max-width: 232px) 100vw, 232px\" \/><\/a><\/p>\n<p>Apr\u00e8s avoir \u00e9tudi\u00e9 la guitare avec Carel Harms, assistant et charg\u00e9 de cours au C.N.S.M. de Paris, Pierre-\u00c9tienne Nataf obtient le certificat d\u2019aptitude.\u00a0Il s\u2019int\u00e9resse alors aux instruments anciens et se forme au th\u00e9orbe, au luth et \u00e0 la guitare baroque en autodidacte et lors de stages (Barbaste, St R\u00e9my-Les-Chevreuse, Le Falgoux, ch\u00e2teau de Goutelas\u2026).<\/p>\n<p style=\"text-align: justify\">Il est cofondateur de l\u2019ensemble <em>Tirsi e Clori <\/em>(ensemble vocal et instrumental de musique baroque) et joue r\u00e9guli\u00e8rement en association avec plusieurs ensembles tels que <em>Le beau du monde<\/em>, les <em>Sorbonne Scholars<\/em>, <em>Fasuperla&#8230;<\/p>\n<p><\/em><\/p>\n<p style=\"text-align: center\"><span style=\"color: #66cc66\"><strong><span style=\"font-family: lucida sans unicode,lucida grande,sans-serif\"><span style=\"font-size: 14px\">Jean Louchet<\/span><\/span><\/strong><\/span><\/p>\n<p style=\"text-align: center\"><a href=\"http:\/\/www.culture-sorbonne.fr\/scholars\/files\/2012\/05\/louchet-jean.png\"><img loading=\"lazy\" decoding=\"async\" class=\"alignnone size-full wp-image-220\" title=\"louchet jean\" src=\"http:\/\/www.culture-sorbonne.fr\/scholars\/files\/2012\/05\/louchet-jean.png\" alt=\"\" width=\"135\" height=\"180\" \/><\/a><\/p>\n<p style=\"text-align: justify\"><span style=\"font-family: lucida sans unicode,lucida grande,sans-serif\"><span style=\"font-size: 12px\"><strong>Jean Louchet<\/strong>, n\u00e9 en 1952, est scientifique de formation. Sp\u00e9cialiste d\u2019imagerie num\u00e9rique et d\u2019optimisation stochastique, il a exerc\u00e9 son m\u00e9tier de chercheur et d\u2019enseignant aupr\u00e8s du minist\u00e8re de la D\u00e9fense, de l\u2019Universit\u00e9 Pierre-et-Marie-Curie, de plusieurs \u00e9coles d\u2019ing\u00e9nieurs fran\u00e7aises ainsi qu\u2019\u00e0 l\u2019\u00e9tranger (University of Exeter en Grande-Bretagne, KTH \u00e0 Stockholm, Universidad de Guanajuato au Mexique et actuellement \u00e0 l\u2019University College de Gand). En parall\u00e8le, il s\u2019est form\u00e9 au clavecin aupr\u00e8s de Georges Rabol puis d\u2019Elisabeth Joy\u00e9 et Maria-Lucia Barros. Apr\u00e8s avoir cr\u00e9\u00e9 et dirig\u00e9 un ensemble vocal d\u2019\u00e9tudiants parisiens et mont\u00e9 de grandes oeuvres vocales de la Renaissance (Josquin des Pr\u00e9s, Roland de Lassus, William Byrd, Claude Lejeune, Sch\u00fctz&#8230;) et baroques (Alessandro Scarlatti, Jomelli, Magnificat et T\u00e9n\u00e8bres de Fran\u00e7ois Couperin), il s\u2019est produit en continuo d\u2019orchestre avec Jean-Pierre Wallez (festival de Paray-le-Monial), Florence Bellon et l\u2019ensemble Cantus (cycle des Cantates de Bach), Ton Koopman et Peter De Groot (ensemble La Dauphine). Co-fondateur de l\u2019ensemble de chambre les Resjouissances Baroques, on a pu l\u2019entendre en solo ou en continuo dans divers festivals (Bach en Quercy, Palau-de-Cerdagne, Neuvicq-le-Ch\u00e2teau, Verteuil, Uriage, etc.), au clavecin et parfois \u00e0 l\u2019orgue. Avec les Sorbonne Scholars, il est alternativement chanteur et continuiste. Collectionneur et membre de la Galpin Society, il pratique la lutherie, depuis les recherches historiques jusqu\u2019\u00e0 la r\u00e9alisation d\u2019instruments, et est l\u2019auteur d\u2019un ouvrage technique sur la conception et les principes du cordage des instruments \u00e0 clavier. Outre ses publications scientifiques, il a \u00e9galement \u00e9crit un guide et un ouvrage d\u00e9taill\u00e9 sur l\u2019histoire et la technologie des appareils photographiques analogiques et num\u00e9riques.<\/span><\/span><\/p>\n<p style=\"text-align: center\"><span style=\"color: #66cc66\"><strong><span style=\"font-family: lucida sans unicode,lucida grande,sans-serif\"><span style=\"font-size: 14px\">Anne Delafosse<\/span><\/span><\/strong><\/span><\/p>\n<p style=\"text-align: center\"><a href=\"http:\/\/www.culture-sorbonne.fr\/scholars\/files\/2012\/05\/anne-delafosse.png\"><img loading=\"lazy\" decoding=\"async\" class=\"alignnone size-full wp-image-221\" title=\"anne delafosse\" src=\"http:\/\/www.culture-sorbonne.fr\/scholars\/files\/2012\/05\/anne-delafosse.png\" alt=\"\" width=\"152\" height=\"226\" \/><\/a><\/p>\n<p style=\"text-align: justify\"><span style=\"font-family: lucida sans unicode,lucida grande,sans-serif\"><span style=\"font-size: 12px\">Chanteuse, sp\u00e9cialis\u00e9e en musique ancienne, dipl\u00f4m\u00e9e du CNSM de Lyon, elle a \u00e9t\u00e9 la toute premi\u00e8re chanteuse de l&rsquo;ensemble Doulce M\u00e9moire, et chante depuis 20 ans avec Dominique Vellard au sein de l&rsquo;ensemble Gilles Binchois. Elle se consacre \u00e0 la mise en relation des r\u00e9pertoires de la chanson en ancien fran\u00e7ais du 12\u00e8 au 17\u00e8 si\u00e8cle avec son ensemble \u201cles Jardins de Courtoisie\u201d et enseigne aujourd&rsquo;hui au CNSM de Lyon.<\/span><\/span><\/p>\n<p style=\"text-align: justify\"><span style=\"font-family: lucida sans unicode,lucida grande,sans-serif\"><span style=\"font-size: 12px\">Sous le charme de la sonorit\u00e9 de la viole de gambe, elle r\u00eavait depuis longtemps de pouvoir aborder la pratique de cet instrument. Au sein des Scholars, ce r\u00eave prend vie.<\/span><\/span><\/p>\n","protected":false},"excerpt":{"rendered":"<p>Pierre Iselin, Direction Professeur de litt\u00e9rature \u00e9lisab\u00e9thaine \u00e0 l\u2019Universit\u00e9 Paris-Sorbonne depuis 1995, Pierre Iselin est sp\u00e9cialis\u00e9 dans les rapports entre musique, th\u00e9\u00e2tre et soci\u00e9t\u00e9 dans l\u2019Angleterre des XVI\u00e8me et XVII\u00e8me si\u00e8cles. Il soutient en 1984 une th\u00e8se sur les r\u00e9f\u00e9rences musicales pr\u00e9sentes dans l\u2019\u0153uvre de William Shakespeare et est habilit\u00e9 d\u00e8s 1991 \u00e0 diriger des [&hellip;]<\/p>\n","protected":false},"author":4,"featured_media":0,"parent":87,"menu_order":0,"comment_status":"closed","ping_status":"closed","template":"","meta":{"footnotes":""},"class_list":["post-40","page","type-page","status-publish","hentry"],"_links":{"self":[{"href":"https:\/\/sorbonnescholars.sorbonne-universite.fr\/index.php?rest_route=\/wp\/v2\/pages\/40","targetHints":{"allow":["GET"]}}],"collection":[{"href":"https:\/\/sorbonnescholars.sorbonne-universite.fr\/index.php?rest_route=\/wp\/v2\/pages"}],"about":[{"href":"https:\/\/sorbonnescholars.sorbonne-universite.fr\/index.php?rest_route=\/wp\/v2\/types\/page"}],"author":[{"embeddable":true,"href":"https:\/\/sorbonnescholars.sorbonne-universite.fr\/index.php?rest_route=\/wp\/v2\/users\/4"}],"replies":[{"embeddable":true,"href":"https:\/\/sorbonnescholars.sorbonne-universite.fr\/index.php?rest_route=%2Fwp%2Fv2%2Fcomments&post=40"}],"version-history":[{"count":0,"href":"https:\/\/sorbonnescholars.sorbonne-universite.fr\/index.php?rest_route=\/wp\/v2\/pages\/40\/revisions"}],"up":[{"embeddable":true,"href":"https:\/\/sorbonnescholars.sorbonne-universite.fr\/index.php?rest_route=\/wp\/v2\/pages\/87"}],"wp:attachment":[{"href":"https:\/\/sorbonnescholars.sorbonne-universite.fr\/index.php?rest_route=%2Fwp%2Fv2%2Fmedia&parent=40"}],"curies":[{"name":"wp","href":"https:\/\/api.w.org\/{rel}","templated":true}]}}