{"id":45,"date":"2012-05-09T09:08:43","date_gmt":"2012-05-09T09:08:43","guid":{"rendered":"http:\/\/www.culture-sorbonne.fr\/scholars\/?page_id=45"},"modified":"2026-03-10T14:45:38","modified_gmt":"2026-03-10T14:45:38","slug":"actualites","status":"publish","type":"page","link":"https:\/\/sorbonnescholars.sorbonne-universite.fr\/?page_id=45","title":{"rendered":"Programme"},"content":{"rendered":"<div><\/div>\n<h1 style=\"text-align: center;\"><em><span style=\"color: #993366;\">Prochains concerts<\/span><\/em><\/h1>\n<h2 style=\"text-align: center;\">Du profane au sacr\u00e9 : la messe-parodie \u00e0 la Renaissance<\/h2>\n<h3 style=\"text-align: center;\"><strong>Mardi 31 mars, Amphith\u00e9\u00e2tre Richelieu en Sorbonne<br \/>\n<\/strong>R\u00e9servations obligatoires en cliquant <a href=\"https:\/\/www.billetweb.fr\/du-profane-au-sacre\"><span style=\"color: #ff0000;\">ICI<\/span><\/a> . Prix public 3 &#8211; 4 &#8211; 6\u20ac.<\/h3>\n<h3 style=\"text-align: center;\">et<\/h3>\n<h3 style=\"text-align: center;\">Dimanche 12 avril \u00e0 15 heures, Eglise St-Joseph-des-Carmes, Paris 6e.<br \/>\nEntr\u00e9e gratuite, libre participation aux frais.<\/h3>\n<p>&nbsp;<\/p>\n<p><img loading=\"lazy\" decoding=\"async\" class=\"alignnone size-medium wp-image-2596 aligncenter\" src=\"https:\/\/sorbonnescholars.sorbonne-universite.fr\/wp-content\/uploads\/2026\/01\/Du-profane-au-sacre-Arcibmoldo--244x300.png\" alt=\"\" width=\"244\" height=\"300\" srcset=\"https:\/\/sorbonnescholars.sorbonne-universite.fr\/wp-content\/uploads\/2026\/01\/Du-profane-au-sacre-Arcibmoldo--244x300.png 244w, https:\/\/sorbonnescholars.sorbonne-universite.fr\/wp-content\/uploads\/2026\/01\/Du-profane-au-sacre-Arcibmoldo--834x1024.png 834w, https:\/\/sorbonnescholars.sorbonne-universite.fr\/wp-content\/uploads\/2026\/01\/Du-profane-au-sacre-Arcibmoldo--768x943.png 768w, https:\/\/sorbonnescholars.sorbonne-universite.fr\/wp-content\/uploads\/2026\/01\/Du-profane-au-sacre-Arcibmoldo-.png 886w\" sizes=\"auto, (max-width: 244px) 100vw, 244px\" \/><\/p>\n<p style=\"text-align: center;\">_______________________________________________________________<\/p>\n<h2 style=\"text-align: center;\"><em><span style=\"color: #993366;\">Les programmes de la saison 2024-25<\/span><\/em><\/h2>\n<h3 style=\"text-align: center;\"><strong>Les lamentations de David, de Josquin \u00e0 Sch\u00fctz<\/strong><\/h3>\n<p style=\"text-align: center;\">Mardi 26 novembre 2024, Amphith\u00e9\u00e2tre Richelieu en Sorbonne<\/p>\n<hr \/>\n<h3 style=\"text-align: center;\"><strong>Les \u00ab\u00a0Musiques secr\u00e8tes\u00a0\u00bb de Roland de Lassus<\/strong><\/h3>\n<h4 style=\"text-align: center;\">Mardi 18 mars 2025 en Sorbonne et le dimanche 30 mars \u00e0 l&rsquo;Eglise St-Joseph-des-Carmes<\/h4>\n<p style=\"text-align: center;\">Retrouvez des informations sur ce programme gr\u00e2ce aux QR codes ci-dessous :<\/p>\n<p><img loading=\"lazy\" decoding=\"async\" class=\"alignnone wp-image-2313 aligncenter\" src=\"https:\/\/sorbonnescholars.sorbonne-universite.fr\/wp-content\/uploads\/2025\/03\/QR-codes-Lassus-300x206.png\" sizes=\"auto, (max-width: 336px) 100vw, 336px\" srcset=\"https:\/\/sorbonnescholars.sorbonne-universite.fr\/wp-content\/uploads\/2025\/03\/QR-codes-Lassus-300x206.png 300w, https:\/\/sorbonnescholars.sorbonne-universite.fr\/wp-content\/uploads\/2025\/03\/QR-codes-Lassus-1024x701.png 1024w, https:\/\/sorbonnescholars.sorbonne-universite.fr\/wp-content\/uploads\/2025\/03\/QR-codes-Lassus-768x526.png 768w, https:\/\/sorbonnescholars.sorbonne-universite.fr\/wp-content\/uploads\/2025\/03\/QR-codes-Lassus.png 1054w\" alt=\"\" width=\"336\" height=\"231\" \/><\/p>\n<p style=\"text-align: center;\">________________________________________________________________<\/p>\n<h3 style=\"text-align: center;\">In the streets and taverns of London<\/h3>\n<h4 style=\"text-align: center;\">Mardi 29 avril, Universit\u00e9 Gustave Eiffel \u00e0 Champs-sur-Marne<\/h4>\n<p style=\"text-align: center;\">Concert pr\u00e9sent\u00e9 dans le cadre du colloque \u00ab Londres et autres villes d&rsquo;Angleterre au Moyen \u00c2ge et \u00e0 la Renaissance \u00bb<\/p>\n<p style=\"text-align: center;\">________________________________________________________________<\/p>\n<h3 style=\"text-align: center;\">Chantons les batailles \u00e0 la Renaissance<\/h3>\n<h4 style=\"text-align: center;\">Mardi 10 juin, Amphith\u00e9\u00e2tre Richelieu en Sorbonne<\/h4>\n<p style=\"text-align: center;\">Concert pr\u00e9sent\u00e9 dans le cadre du colloque \u00ab\u00a0Nouvelles voies des \u00e9tudes sur la Renaissance\u00a0\u00bb<\/p>\n<h2 style=\"text-align: center;\">______________________________________________________<\/h2>\n<h3><\/h3>\n<h3 style=\"text-align: center;\">\u00ab\u00a0Les Codes de Chambord\u00a0\u00bb<\/h3>\n<p style=\"text-align: center;\">Emission de Catherine Ulmer sur FR3-Centre\/Val de Loire, <strong>avec les Sorbonne Scholars<\/strong><br \/>\nVous trouverez l&rsquo;\u00e9mission diffus\u00e9e le 29 avril 2022 en cliquant <strong><a href=\"https:\/\/france3-regions.francetvinfo.fr\/centre-val-de-loire\/emissions\/les-documentaires-centre\/documentaire-codes-chambord-film-qui-decrypte-chateau-chambord-1659562.html\">ici<\/a>\u00a0<\/strong><\/p>\n<p style=\"text-align: center;\">_____________________________________________________________________________<\/p>\n<p><strong>Retrouvez les Sorbonne Scholars<\/strong> dans l&rsquo;\u00e9mission La Fabrique de l&rsquo;Histoire sur France Culture consacr\u00e9 \u00e0 Marignan 2015 :<\/p>\n<audio class=\"wp-audio-shortcode\" id=\"audio-45-1\" preload=\"none\" style=\"width: 100%;\" controls=\"controls\"><source type=\"audio\/mpeg\" src=\"http:\/\/www.culture-sorbonne.fr\/scholars\/files\/2012\/05\/10076-06.10.2015-ITEMA_20811422-1.mp3?_=1\" \/><a href=\"http:\/\/www.culture-sorbonne.fr\/scholars\/files\/2012\/05\/10076-06.10.2015-ITEMA_20811422-1.mp3\">http:\/\/www.culture-sorbonne.fr\/scholars\/files\/2012\/05\/10076-06.10.2015-ITEMA_20811422-1.mp3<\/a><\/audio>\n<p style=\"text-align: center;\"><a href=\"http:\/\/www.youtube.com\/watch?v=jl_vGJc6tKY\">Les Sorbonne Scholars sont aussi dans la web-s\u00e9rie consacr\u00e9e \u00e0 Marignan 2015<\/a><\/p>\n<h2 style=\"text-align: center;\"><span style=\"font-size: inherit;\">_______________________________________________<\/span><\/h2>\n<h4><\/h4>\n<p style=\"margin-left: -21.3pt; text-align: center;\" align=\"center\">\n","protected":false},"excerpt":{"rendered":"<p>Prochains concerts Du profane au sacr\u00e9 : la messe-parodie \u00e0 la Renaissance Mardi 31 mars, Amphith\u00e9\u00e2tre Richelieu en Sorbonne R\u00e9servations obligatoires en cliquant ICI . Prix public 3 &#8211; 4 &#8211; 6\u20ac. et Dimanche 12 avril \u00e0 15 heures, Eglise St-Joseph-des-Carmes, Paris 6e. Entr\u00e9e gratuite, libre participation aux frais. &nbsp; _______________________________________________________________ Les programmes de la [&hellip;]<\/p>\n","protected":false},"author":5,"featured_media":835,"parent":1478,"menu_order":0,"comment_status":"closed","ping_status":"closed","template":"page-templates\/homepage.php","meta":{"footnotes":""},"class_list":["post-45","page","type-page","status-publish","has-post-thumbnail","hentry"],"_links":{"self":[{"href":"https:\/\/sorbonnescholars.sorbonne-universite.fr\/index.php?rest_route=\/wp\/v2\/pages\/45","targetHints":{"allow":["GET"]}}],"collection":[{"href":"https:\/\/sorbonnescholars.sorbonne-universite.fr\/index.php?rest_route=\/wp\/v2\/pages"}],"about":[{"href":"https:\/\/sorbonnescholars.sorbonne-universite.fr\/index.php?rest_route=\/wp\/v2\/types\/page"}],"author":[{"embeddable":true,"href":"https:\/\/sorbonnescholars.sorbonne-universite.fr\/index.php?rest_route=\/wp\/v2\/users\/5"}],"replies":[{"embeddable":true,"href":"https:\/\/sorbonnescholars.sorbonne-universite.fr\/index.php?rest_route=%2Fwp%2Fv2%2Fcomments&post=45"}],"version-history":[{"count":240,"href":"https:\/\/sorbonnescholars.sorbonne-universite.fr\/index.php?rest_route=\/wp\/v2\/pages\/45\/revisions"}],"predecessor-version":[{"id":2615,"href":"https:\/\/sorbonnescholars.sorbonne-universite.fr\/index.php?rest_route=\/wp\/v2\/pages\/45\/revisions\/2615"}],"up":[{"embeddable":true,"href":"https:\/\/sorbonnescholars.sorbonne-universite.fr\/index.php?rest_route=\/wp\/v2\/pages\/1478"}],"wp:featuredmedia":[{"embeddable":true,"href":"https:\/\/sorbonnescholars.sorbonne-universite.fr\/index.php?rest_route=\/wp\/v2\/media\/835"}],"wp:attachment":[{"href":"https:\/\/sorbonnescholars.sorbonne-universite.fr\/index.php?rest_route=%2Fwp%2Fv2%2Fmedia&parent=45"}],"curies":[{"name":"wp","href":"https:\/\/api.w.org\/{rel}","templated":true}]}}