{"id":528,"date":"2013-10-18T13:14:17","date_gmt":"2013-10-18T13:14:17","guid":{"rendered":"http:\/\/www.culture-sorbonne.fr\/scholars\/?page_id=528"},"modified":"2025-07-04T08:31:58","modified_gmt":"2025-07-04T08:31:58","slug":"concerts-2013-2014","status":"publish","type":"page","link":"https:\/\/sorbonnescholars.sorbonne-universite.fr\/?page_id=528","title":{"rendered":"Concerts 2013-2014"},"content":{"rendered":"<p style=\"text-align: center;\"><strong>Concerts de l\u2019ann\u00e9e universitaire 2013-2014<\/strong><\/p>\n<p style=\"text-align: center;\">\n<p style=\"text-align: center;\"><strong>\u00ab O Rosa bella\u00a0\u00bb\u00a0: Musique italienne de Landini \u00e0 Palestrina<br \/>\n<\/strong>Lundi 14 octobre, \u00e0 20 heures, Institut culturel italien, 73 rue de Grenelle, Paris 7<sup>e<br \/>\n<\/sup>Dans le cadre du colloque \u00ab\u00a0Boccace, humaniste latin\u00a0\u00bb<\/p>\n<p style=\"text-align: center;\"><em>et<\/em><\/p>\n<p style=\"text-align: center;\">Mercredi 6 novembre, \u00e0 20 heures, Centre universitaire Censier, Paris 5<sup>e<\/sup><br \/>\nDans le cadre du colloque \u00ab\u00a0Boccace dans l\u2019Italie et dans l\u2019Espagne des XVI<sup>e<\/sup>-XVIII<sup>e<\/sup> si\u00e8cles\u00a0\u00bb<\/p>\n<p style=\"text-align: center;\">\n<p style=\"text-align: center;\">\n<p style=\"text-align: center;\"><strong>Chanter la mort dans l\u2019Europe des 16e et 17e si\u00e8cles <\/strong><em><strong><br \/>\n<\/strong><\/em>Vendredi 6 d\u00e9cembre, \u00e0 20h30<br \/>\n\u00c9glise r\u00e9form\u00e9e de Passy-Annonciation, 19 rue Cortambert, Paris 16<sup>e<br \/>\n<\/sup>Concert pr\u00e9sent\u00e9 par MUSACOR<\/p>\n<p style=\"text-align: center;\"><em>et<\/em><\/p>\n<p style=\"text-align: center;\">Mardi 10 d\u00e9cembre, \u00e0 20h30<br \/>\nAmphith\u00e9\u00e2tre de Gestion en Sorbonne, Paris 5<sup>e<\/sup><\/p>\n<p style=\"text-align: center;\">\n<p style=\"text-align: center;\">\n<p style=\"text-align: center;\"><strong>\u00ab\u00a0O Solitude, my sweetest choice\u00a0\u00bb\u00a0:<br \/>\n<\/strong><strong>R\u00e9cital de musique anglaise de William Byrd \u00e0 Henry Purcell<br \/>\n<\/strong>Jeudi 30 janvier 2014, \u00e0 20h30<br \/>\nAnne Delafosse-Quentin, soprano, avec le Consort de cordes des Sorbonne Scholars<br \/>\nAmphith\u00e9\u00e2tre Richelieu en Sorbonne, Paris 5<sup>e<\/sup><\/p>\n<p style=\"text-align: center;\">\n<p style=\"text-align: center;\">\n<p style=\"text-align: center;\"><strong>\u00ab\u00a0Descens du ciel, o Royne Calliope\u00a0\u00bb\u00a0:<br \/>\n<\/strong><strong>Po\u00e9sie et musique en France \u00e0 la Renaissance<br \/>\n<\/strong>Vendredi 14 mars, \u00e0 13h15<br \/>\nR\u00e9fectoire des Cordeliers, rue de l\u2019Ecole de M\u00e9decine, Paris 6<sup>e<br \/>\n<\/sup>Dans le cadre du colloque \u00ab\u00a0Musique et po\u00e9sie fran\u00e7aise \u00e0 la Renaissance\u00a0\u00bb<\/p>\n<p style=\"text-align: center;\">\n<p style=\"text-align: center;\">\n<p style=\"text-align: center;\"><strong>Musique des Tudors : Polyphonies du 16e si\u00e8cle \u00e0 la Chapelle Royale d&rsquo;Angleterre<br \/>\n<\/strong>Samedi 15 mars, 20h30, Eglise St Damien de Veuster,<br \/>\nPlace du March\u00e9, 91860 Epinay-sous-S\u00e9nart<br \/>\nConcert pr\u00e9sent\u00e9 par le Service culturelle du Val d\u2019Yerres, \u00ab\u00a0Musiques anciennes en Val d\u2019Yerres\u00a0\u00bb<\/p>\n<p style=\"text-align: center;\">\n<p style=\"text-align: center;\">\n<p style=\"text-align: center;\"><strong>Musique des Tudors : Polyphonies du 16e si\u00e8cle \u00e0 la Chapelle Royale d&rsquo;Angleterre<br \/>\n<\/strong><strong>Avec le \u00ab\u00a0Spem in alium\u00a0\u00bb de Thomas Tallis, motet \u00e0 40 voix<br \/>\n<\/strong>Mardi 18 mars, 20h30, Chapelle du Lyc\u00e9e Henri IV, Paris 5e<br \/>\nConcert pr\u00e9sent\u00e9 par l&rsquo;Association d&rsquo;Etudes Anglophones du Lyc\u00e9e Henri-IV<\/p>\n<p style=\"text-align: center;\">\n<p style=\"text-align: center;\">\n<p style=\"text-align: center;\"><strong>\u00ab\u00a0J\u2019ai command\u00e9 ce chant pour honorer tes vers\u00a0\u00bb\u00a0:<br \/>\n<\/strong><strong>Po\u00e9sie et musique en France \u00e0 la Renaissance<br \/>\n<\/strong>Vendredi 21 mars, \u00e0 20 h 30, \u00e0 l&rsquo;Espace Cit\u00e9, rue de la Providence, Limoges<br \/>\nDans le cadre du Printemps des Po\u00e8tes<\/p>\n<p style=\"text-align: center;\">\n<p style=\"text-align: center;\">\n<p style=\"text-align: center;\"><strong>Tourn\u00e9e en Italie du 13 au 17 avril<br \/>\n<\/strong><em><strong>Musica sacra per la Cappella reale d&rsquo;Inghilterra, 1500-1700<br \/>\n<\/strong><\/em><strong>Musique sacr\u00e9e pour la Chapelle royale d&rsquo;Angleterre, 1500-1700<br \/>\n<\/strong>Lundi 14 avril \u00e0 la Basilique San Giovanni Maggiore \u00e0 Naples<br \/>\nConcert pr\u00e9sent\u00e9 par l\u2019<em>Ordine degli Ingegneri de Napoli <\/em>et l\u2019<em>Universit\u00e0 degli studi<br \/>\n<\/em><em>di Napoli \u00ab\u00a0L\u2019Orientale\u00a0\u00bb\u00a0;<br \/>\n<\/em>Mardi 14 avril \u00e0 l&rsquo;Amphith\u00e9atre Niemeyer \u00e0 Ravello<br \/>\nConcert en marge du festival <em>\u00ab\u00a0Playing on our Heartstrings \/ Far suonare<br \/>\n<\/em><em>\u00a0le corde del cuore\u00a0\u00bb<\/em>\u00a0de la Ville de Ravello\u00a0;<\/p>\n<p style=\"text-align: center;\"><em>et<\/em><\/p>\n<p style=\"text-align: center;\">Mercredi 16 avril dans la Salle capitulaire du Couvent de San Domenico Maggiore \u00e0 Naples<br \/>\nConcert pr\u00e9sent\u00e9 par la Ville de Naples et l\u2019<em>Associazione Pietrasanta<\/em><\/p>\n<p style=\"text-align: center;\">\n<p style=\"text-align: center;\">\n<p style=\"text-align: center;\"><strong>\u00ab\u00a0La noise des batailles\u00a0\u00bb\u00a0:<br \/>\n<\/strong><strong>Musiques de guerre dans l\u2019Europe de la Renaissance<br \/>\n<\/strong><em>Oeuvres de Janequin, Guerrero, Le Jeune, Werrecore, Costeley, Gabrieli, et autres<br \/>\n<\/em>Avec la participation de l\u2019ensemble d\u2019instruments \u00e0 vent<br \/>\n(cornets \u00e0 bouquin, chal\u00e9mies, dulcianes, saqueboutes et tambour)<br \/>\n<strong>Lundi 9 juin<\/strong><strong>, \u00e0 17 heures,<br \/>\n<\/strong><strong>\u00e0 l\u2019<\/strong>Eglise Saint-Etienne, \u00e0 Romorantin-Lanthenay (41200)<br \/>\nConcert pr\u00e9sent\u00e9 par la Ville de Romorantin-Lanthenay<\/p>\n<p style=\"text-align: center;\"><em>et<\/em><\/p>\n<p style=\"text-align: center;\"><strong>Mardi 10 juin<\/strong><strong>, \u00e0 20h30<br \/>\n<\/strong>Amphith\u00e9\u00e2tre Richelieu en Sorbonne, 17 rue de la Sorbonne, Paris 5<sup>e<\/sup><\/p>\n<p style=\"text-align: center;\">\n<p style=\"text-align: center;\">\n<p style=\"text-align: center;\"><strong>Musique de la Renaissance fran\u00e7aise\u00a0: Pierre de Ronsard et un peu plus<br \/>\n<\/strong>Participation au concert de soutien pour l\u2019association \u00ab\u00a0Vaincre l\u2019AGU\u00a0\u00bb<br \/>\nJeudi 19 juin, \u00e0 20h30<br \/>\nAmphith\u00e9\u00e2tre Richelieu en Sorbonne, 17 rue de la Sorbonne, Paris 5<sup>e<\/sup><\/p>\n<p style=\"text-align: center;\">\n<p style=\"text-align: center;\">\n","protected":false},"excerpt":{"rendered":"<p>Concerts de l\u2019ann\u00e9e universitaire 2013-2014 \u00ab O Rosa bella\u00a0\u00bb\u00a0: Musique italienne de Landini \u00e0 Palestrina Lundi 14 octobre, \u00e0 20 heures, Institut culturel italien, 73 rue de Grenelle, Paris 7e Dans le cadre du colloque \u00ab\u00a0Boccace, humaniste latin\u00a0\u00bb et Mercredi 6 novembre, \u00e0 20 heures, Centre universitaire Censier, Paris 5e Dans le cadre du colloque [&hellip;]<\/p>\n","protected":false},"author":3,"featured_media":0,"parent":14,"menu_order":7,"comment_status":"closed","ping_status":"closed","template":"","meta":{"footnotes":""},"class_list":["post-528","page","type-page","status-publish","hentry"],"_links":{"self":[{"href":"https:\/\/sorbonnescholars.sorbonne-universite.fr\/index.php?rest_route=\/wp\/v2\/pages\/528","targetHints":{"allow":["GET"]}}],"collection":[{"href":"https:\/\/sorbonnescholars.sorbonne-universite.fr\/index.php?rest_route=\/wp\/v2\/pages"}],"about":[{"href":"https:\/\/sorbonnescholars.sorbonne-universite.fr\/index.php?rest_route=\/wp\/v2\/types\/page"}],"author":[{"embeddable":true,"href":"https:\/\/sorbonnescholars.sorbonne-universite.fr\/index.php?rest_route=\/wp\/v2\/users\/3"}],"replies":[{"embeddable":true,"href":"https:\/\/sorbonnescholars.sorbonne-universite.fr\/index.php?rest_route=%2Fwp%2Fv2%2Fcomments&post=528"}],"version-history":[{"count":1,"href":"https:\/\/sorbonnescholars.sorbonne-universite.fr\/index.php?rest_route=\/wp\/v2\/pages\/528\/revisions"}],"predecessor-version":[{"id":2373,"href":"https:\/\/sorbonnescholars.sorbonne-universite.fr\/index.php?rest_route=\/wp\/v2\/pages\/528\/revisions\/2373"}],"up":[{"embeddable":true,"href":"https:\/\/sorbonnescholars.sorbonne-universite.fr\/index.php?rest_route=\/wp\/v2\/pages\/14"}],"wp:attachment":[{"href":"https:\/\/sorbonnescholars.sorbonne-universite.fr\/index.php?rest_route=%2Fwp%2Fv2%2Fmedia&parent=528"}],"curies":[{"name":"wp","href":"https:\/\/api.w.org\/{rel}","templated":true}]}}