{"id":583,"date":"2014-10-20T10:40:24","date_gmt":"2014-10-20T10:40:24","guid":{"rendered":"http:\/\/www.culture-sorbonne.fr\/scholars\/?page_id=583"},"modified":"2025-07-04T08:32:19","modified_gmt":"2025-07-04T08:32:19","slug":"concerts-2014-2015-2","status":"publish","type":"page","link":"https:\/\/sorbonnescholars.sorbonne-universite.fr\/?page_id=583","title":{"rendered":"Concerts 2014-2015"},"content":{"rendered":"<p style=\"text-align: center\"><strong>Concerts pr\u00e9vus pour la saison 2014-2015<\/strong><\/p>\n<p style=\"text-align: center\"><strong>\u00ab\u00a0Par nature, par b\u00e9quare et par b\u00e9mol\u00a0\u00bb\u00a0: Rabelais en musique<br \/>\n<\/strong>Concert donn\u00e9 dans le cadre du colloque \u00ab\u00a0Inextinguible Rabelais\u00a0\u00bb, organis\u00e9 par l&rsquo;universit\u00e9 Paris-Sorbonne, en partenariat avec le Mus\u00e9e national de la Renaissance et les universit\u00e9s d&rsquo;Harvard et d&rsquo;Oxford.<br \/>\nMercredi 12 novembre 2014 \u00e0 21 heures<br \/>\nChapelle du Lyc\u00e9e Henri IV, 23 rue Clovis, Paris 5<sup>e<\/sup><\/p>\n<p style=\"text-align: center\"><strong>\u00ab\u00a0La noise des batailles\u00a0\u00bb<\/strong><strong> : Chansons de guerre et messes de bataille\u00a0<\/strong><strong>dans l&rsquo;Europe de la Renaissance<br \/>\n<\/strong>Vendredi 21 novembre \u00e0 20 h 30<br \/>\nTemple de Passy-Annonciation, 19 rue Cortambert, Paris 16<sup>e<br \/>\n<\/sup>Concert pr\u00e9sent\u00e9 par Musacor<\/p>\n<p style=\"text-align: center\"><strong>\u00ab\u00a0The triumphes of Oriana\u00a0\u00bb <em>&#8230; et autres figures f\u00e9minines de l&rsquo;Europe madrigalesque<\/em><\/strong><br \/>\n<strong>R\u00e9cital par Anne Delafosse<\/strong><strong>, soprano<\/strong><br \/>\navec Fran\u00e7ois Bonnet, luth, et le Consort de cordes des Sorbonne Scholars<br \/>\nMardi 27 janvier 2015 \u00e0 20h30, Amphith\u00e9\u00e2tre Richelieu en Sorbonne<br \/>\net lundi 9 mars \u00e0 l\u2019Universit\u00e9 de Limoges, dans le cadre du Printemps des Po\u00e8tes<\/p>\n<p style=\"text-align: center\"><strong>L&rsquo;Angleterre musicale des XVIe et XVIIe si\u00e8cles<br \/>\nR\u00e9cital par Anne Delafosse, soprano<\/strong><br \/>\navec Fran\u00e7ois Bonnet, luth, et le consort de violes des Sorbonne Scholars<br \/>\nSamedi 28 mars 2015 \u00e0 16 heures<br \/>\nSalon des Coquillages, M\u00e9diath\u00e8que de Neuilly-sur-Seine<\/p>\n<p style=\"text-align: center\"><strong>\u00ab\u00a0Exalta regina Galliae\u00a0\u00bb: Musiques du Codex M\u00e9dicis (1518) <\/strong><br \/>\n<strong>pour un mariage princier \u00e0 la cour de Francois Ier <\/strong><br \/>\nMardi 17 mars \u00e0 l\u2019Eglise St Joseph des Carmes, 70 rue de Vaugirard, Paris 6<sup>e<\/sup><\/p>\n<p style=\"text-align: center\">et mardi 24 mars, Amphith\u00e9\u00e2tre Richelieu en Sorbonne<\/p>\n<p style=\"text-align: center\"><strong>Musiques espagnoles et anglaises au temps de l\u2019Armada (1588)<br \/>\n<\/strong>Mardi 19 mai \u00e0\u00a0 20 h 30<br \/>\nen Sorbonne, Amphith\u00e9\u00e2tre Richelieu<\/p>\n<p style=\"text-align: center\"><strong>Marignan 1515<br \/>\n<\/strong>Reconstitution d\u2019une f\u00eate de la renaissance c\u00e9l\u00e9brant la victoire de Marignan<br \/>\nMusiques de fanfares, et concert de musique polyphonique (Codex Medicis, 1518)<br \/>\ndu 24 au 27 juillet 2015<br \/>\nParc L\u00e9onard de Vinci au Clos-Luc\u00e9 (Amboise) et Romorantin<\/p>\n","protected":false},"excerpt":{"rendered":"<p>Concerts pr\u00e9vus pour la saison 2014-2015 \u00ab\u00a0Par nature, par b\u00e9quare et par b\u00e9mol\u00a0\u00bb\u00a0: Rabelais en musique Concert donn\u00e9 dans le cadre du colloque \u00ab\u00a0Inextinguible Rabelais\u00a0\u00bb, organis\u00e9 par l&rsquo;universit\u00e9 Paris-Sorbonne, en partenariat avec le Mus\u00e9e national de la Renaissance et les universit\u00e9s d&rsquo;Harvard et d&rsquo;Oxford. Mercredi 12 novembre 2014 \u00e0 21 heures Chapelle du Lyc\u00e9e Henri [&hellip;]<\/p>\n","protected":false},"author":3,"featured_media":0,"parent":14,"menu_order":8,"comment_status":"open","ping_status":"closed","template":"","meta":{"footnotes":""},"class_list":["post-583","page","type-page","status-publish","hentry"],"_links":{"self":[{"href":"https:\/\/sorbonnescholars.sorbonne-universite.fr\/index.php?rest_route=\/wp\/v2\/pages\/583","targetHints":{"allow":["GET"]}}],"collection":[{"href":"https:\/\/sorbonnescholars.sorbonne-universite.fr\/index.php?rest_route=\/wp\/v2\/pages"}],"about":[{"href":"https:\/\/sorbonnescholars.sorbonne-universite.fr\/index.php?rest_route=\/wp\/v2\/types\/page"}],"author":[{"embeddable":true,"href":"https:\/\/sorbonnescholars.sorbonne-universite.fr\/index.php?rest_route=\/wp\/v2\/users\/3"}],"replies":[{"embeddable":true,"href":"https:\/\/sorbonnescholars.sorbonne-universite.fr\/index.php?rest_route=%2Fwp%2Fv2%2Fcomments&post=583"}],"version-history":[{"count":1,"href":"https:\/\/sorbonnescholars.sorbonne-universite.fr\/index.php?rest_route=\/wp\/v2\/pages\/583\/revisions"}],"predecessor-version":[{"id":2374,"href":"https:\/\/sorbonnescholars.sorbonne-universite.fr\/index.php?rest_route=\/wp\/v2\/pages\/583\/revisions\/2374"}],"up":[{"embeddable":true,"href":"https:\/\/sorbonnescholars.sorbonne-universite.fr\/index.php?rest_route=\/wp\/v2\/pages\/14"}],"wp:attachment":[{"href":"https:\/\/sorbonnescholars.sorbonne-universite.fr\/index.php?rest_route=%2Fwp%2Fv2%2Fmedia&parent=583"}],"curies":[{"name":"wp","href":"https:\/\/api.w.org\/{rel}","templated":true}]}}