{"id":698,"date":"2016-02-02T09:58:50","date_gmt":"2016-02-02T09:58:50","guid":{"rendered":"http:\/\/www.culture-sorbonne.fr\/scholars\/?page_id=698"},"modified":"2025-07-04T08:32:25","modified_gmt":"2025-07-04T08:32:25","slug":"concert-2015-2016","status":"publish","type":"page","link":"https:\/\/sorbonnescholars.sorbonne-universite.fr\/?page_id=698","title":{"rendered":"Concerts 2015-2016"},"content":{"rendered":"<p style=\"text-align: center\"><strong>\u201cPuer natus est\u201d : No\u00ebl dans le Nord de l\u2019Europe au XVIe et XVIIe si\u00e8cles<\/strong><br \/>\n\u0152uvres d\u2019Henry VIII, Thomas Tallis, John Sheppard, William Byrd, Peter Philips, Jacob Handl, Hans Leo Hassler, Michael Praetorius, Samuel Scheidt, Heinrch Sch\u00fctz<br \/>\n<span style=\"text-decoration: underline\">Mardi 8 d\u00e9cembre<\/span> \u00e0 20 h, Eglise \u00e9vang\u00e9lique allemande, 25 rue Blanche, Paris 9e<\/p>\n<p style=\"text-align: center\"><strong>Musiques espagnoles et anglaises au temps de l\u2019Armada (1588)<\/strong><br \/>\n<span style=\"text-decoration: underline\">Vendredi 22 janvier 2016<\/span> \u00e0 19 h au Centre universitaire Malesherbes, Paris 17e<br \/>\nConcert pr\u00e9sent\u00e9 par l\u2019Association des Historiens<br \/>\ndans le cadre des 13es Journ\u00e9e de l\u2019histoire de l\u2019Europe<\/p>\n<p style=\"text-align: center\"><strong>Water changed into tears :<\/strong><br \/>\n<strong>de \u201cWater Music\u201d de G. F. Haendel aux \u201cLachrymae\u201d de J. Dowland<\/strong><br \/>\nR\u00e9cital d\u2019Anne Delafosse, soprano,<br \/>\navec le consort de violes des Sorbonne Scholars et Pierre-Etienne Nataf, luth<br \/>\n<span style=\"text-decoration: underline\">Mardi 26 janvier<\/span> \u00e0 20 h 30, Amphith\u00e9\u00e2tre Richelieu en Sorbonne<br \/>\nEntr\u00e9e gratuite sur r\u00e9servation obligatoire sur le site web : <a href=\"http:\/\/www.sorbonne-scholars.fr\">www.sorbonne-scholars.fr<\/a><\/p>\n<p style=\"text-align: center\"><strong>\u201cLachrymae\u201d : Pavanes et psaumes de l\u2019Angleterre \u00e9lisab\u00e9thaine<\/strong><br \/>\nLe consort de violes des Sorbonne Scholars<br \/>\navec Anne Delafosse, soprano, et Pierre-Etienne Nataf, luth<br \/>\n<span style=\"text-decoration: underline\">Samedi 20 f\u00e9vrier<\/span> \u00e0 16 heures<br \/>\nEglise Sainte-Elisabeth, 195 rue du Temple, Paris 3e<br \/>\nEntr\u00e9e gratuite, libre participation aux frais<\/p>\n<p style=\"text-align: center\"><strong>Banquet musical \u00e0 Venise<\/strong><br \/>\n<strong>Autour des Sacrae Symphoniae de Giovanni Gabrieli (1597)<\/strong><br \/>\n<span style=\"text-decoration: underline\">Samedi 19 mars<\/span> \u00e0 20 heures \u00e0 la Cath\u00e9drale am\u00e9ricaine, 23 avenue George VI, Paris 8e<br \/>\nConcert pr\u00e9sent\u00e9 par le Lions Club de Paris-Concorde au profit de<br \/>\nl\u2019Ecole des chiens de guide de la Ville de Paris<br \/>\nBillets \u00e0 www.fnac.com, www.francebillet.com, www.carrefour.com, 0892 68 36 22 (0,34\u20ac\/min)<br \/>\nRenseignements : lionsparisconcorde@gmail.com<\/p>\n<p style=\"text-align: center\">\u201c<strong>Hail, bright Cecilia<\/strong>\u201d<strong>\u00a0: Hommage \u00e0 Henry Purcell (1659-1695)<br \/>\n<\/strong><u>Mardi 7\u00a0juin<\/u>\u00a0\u00e0 20h30<br \/>\nAmphith\u00e9\u00e2tre Richelieu en Sorbonne<br \/>\n<a href=\"https:\/\/www.weezevent.com\/hail-bright-cecilia-hommage-a-henry-purcell\">Entr\u00e9e gratuite apr\u00e8s r\u00e9servation obligatoire ici<\/a>. Libre participation aux frais.<\/p>\n<p style=\"text-align: center\"><strong>Musiques de l\u2019Armada (1588)<\/strong><br \/>\n<span style=\"text-decoration: underline\">Mardi 28 juin<\/span> \u00e0\u00a020 heures<br \/>\nAmphith\u00e9\u00e2tre Richelieu en Sorbonne<br \/>\nConcert pr\u00e9sent\u00e9 dans le cadre de l\u2019Universit\u00e9 d\u2019\u00e9t\u00e9 de Paris-Sorbonne<br \/>\nEntr\u00e9e libre (les modalit\u00e9s d\u2019inscription seront pr\u00e9cis\u00e9es ult\u00e9rieurement).<\/p>\n<p style=\"text-align: center\"><strong>Musique de sc\u00e8ne de Shakeaspeare<\/strong><br \/>\n<span style=\"text-decoration: underline\">Jeudi 30 juin<\/span> \u00e0 20 heures<br \/>\nAmphith\u00e9\u00e2tre Richelieu en Sorbonne<br \/>\nConcert pr\u00e9sent\u00e9 dans le cadre de l\u2019Universit\u00e9 d\u2019\u00e9t\u00e9 de Paris-Sorbonne<br \/>\nEntr\u00e9e libre (les modalit\u00e9s d\u2019inscription seront pr\u00e9cis\u00e9es ult\u00e9rieurement).<\/p>\n","protected":false},"excerpt":{"rendered":"<p>\u201cPuer natus est\u201d : No\u00ebl dans le Nord de l\u2019Europe au XVIe et XVIIe si\u00e8cles \u0152uvres d\u2019Henry VIII, Thomas Tallis, John Sheppard, William Byrd, Peter Philips, Jacob Handl, Hans Leo Hassler, Michael Praetorius, Samuel Scheidt, Heinrch Sch\u00fctz Mardi 8 d\u00e9cembre \u00e0 20 h, Eglise \u00e9vang\u00e9lique allemande, 25 rue Blanche, Paris 9e Musiques espagnoles et anglaises [&hellip;]<\/p>\n","protected":false},"author":3,"featured_media":0,"parent":14,"menu_order":9,"comment_status":"closed","ping_status":"closed","template":"","meta":{"footnotes":""},"class_list":["post-698","page","type-page","status-publish","hentry"],"_links":{"self":[{"href":"https:\/\/sorbonnescholars.sorbonne-universite.fr\/index.php?rest_route=\/wp\/v2\/pages\/698","targetHints":{"allow":["GET"]}}],"collection":[{"href":"https:\/\/sorbonnescholars.sorbonne-universite.fr\/index.php?rest_route=\/wp\/v2\/pages"}],"about":[{"href":"https:\/\/sorbonnescholars.sorbonne-universite.fr\/index.php?rest_route=\/wp\/v2\/types\/page"}],"author":[{"embeddable":true,"href":"https:\/\/sorbonnescholars.sorbonne-universite.fr\/index.php?rest_route=\/wp\/v2\/users\/3"}],"replies":[{"embeddable":true,"href":"https:\/\/sorbonnescholars.sorbonne-universite.fr\/index.php?rest_route=%2Fwp%2Fv2%2Fcomments&post=698"}],"version-history":[{"count":1,"href":"https:\/\/sorbonnescholars.sorbonne-universite.fr\/index.php?rest_route=\/wp\/v2\/pages\/698\/revisions"}],"predecessor-version":[{"id":2375,"href":"https:\/\/sorbonnescholars.sorbonne-universite.fr\/index.php?rest_route=\/wp\/v2\/pages\/698\/revisions\/2375"}],"up":[{"embeddable":true,"href":"https:\/\/sorbonnescholars.sorbonne-universite.fr\/index.php?rest_route=\/wp\/v2\/pages\/14"}],"wp:attachment":[{"href":"https:\/\/sorbonnescholars.sorbonne-universite.fr\/index.php?rest_route=%2Fwp%2Fv2%2Fmedia&parent=698"}],"curies":[{"name":"wp","href":"https:\/\/api.w.org\/{rel}","templated":true}]}}