{"id":87,"date":"2012-05-09T13:55:33","date_gmt":"2012-05-09T13:55:33","guid":{"rendered":"http:\/\/www.culture-sorbonne.fr\/scholars\/?page_id=87"},"modified":"2012-05-09T13:55:33","modified_gmt":"2012-05-09T13:55:33","slug":"qui-sommes-nous","status":"publish","type":"page","link":"https:\/\/sorbonnescholars.sorbonne-universite.fr\/?page_id=87","title":{"rendered":"Qui sommes-nous ?"},"content":{"rendered":"\n<p>&nbsp;&nbsp;&nbsp;&nbsp;Constitu\u00e9s en association depuis 1998,&nbsp;<strong>les Sorbonne Scholars<\/strong>&nbsp;forment un ensemble universitaire sp\u00e9cialis\u00e9 dans le r\u00e9pertoire de la musique de la Renaissance europ\u00e9enne et du premier baroque.&nbsp;<\/p>\n\n\n\n<p>&nbsp;&nbsp;&nbsp;&nbsp;Cette aventure musicale et humaine a eu pour origine la passion partag\u00e9e de la musique \u00e9lisab\u00e9thaine, domaine de recherche du pr\u00e9sident fondateur Pierre Iselin, professeur \u00e9m\u00e9rite de Sorbonne Universit\u00e9. L\u2019ensemble a depuis \u00e9largi son r\u00e9pertoire \u00e0 la Renaissance europ\u00e9enne et au premier baroque, diversifi\u00e9 ses recrutements au-del\u00e0 de la sph\u00e8re universitaire, et sensiblement enrichi sa formation instrumentale, qui comprend d\u00e9sormais violes de gambe, violons baroques, fl\u00fbtes, hautbois, bassons, sacqueboutes, cornets, luth, th\u00e9orbe, clavecin et orgue.&nbsp;<\/p>\n\n\n\n<p>&nbsp;&nbsp;&nbsp;&nbsp;Toutefois est rest\u00e9 ancr\u00e9e l\u2019id\u00e9e fondatrice, celle de cr\u00e9er une relation d\u2019\u00e9clairage r\u00e9ciproque entre une id\u00e9e, un personnage ou un \u00e9v\u00e9nement et des musiques contemporaines, en portant une attention particuli\u00e8re au rapport entre texte et musique et \u00e0 leur rh\u00e9torique respective.&nbsp;<\/p>\n\n\n\n<p>&nbsp;&nbsp;&nbsp;&nbsp;Les membres des&nbsp;<strong>Sorbonne Scholars<\/strong>&nbsp;viennent d\u2019horizons divers, tant de la communaut\u00e9 universitaire \u2013 \u00e9tudiants et enseignants \u2013 que de la vie civile. L\u2019ensemble vocale et la formation instrumentale travaillent r\u00e9guli\u00e8rement ensemble, parfois en collaboration avec des formations ou des institutions amies pour des projets plus ambitieux, comme la musique polychorale. Un quintette vocal, un ensemble de voix d\u2019hommes, et des solistes compl\u00e8tent l\u2019ensemble.&nbsp;<\/p>\n\n\n\n<p>&nbsp;&nbsp;&nbsp;&nbsp;Le r\u00e9pertoire des&nbsp;<strong>Sorbonne Scholars&nbsp;<\/strong>comprend des programmes&nbsp;th\u00e9matiques \u2013 Musique au temps de L\u00e9onard de Vinci, No\u00ebl dans l\u2019Europe du Nord au XVIe et XVIIe si\u00e8cles, l\u2019Invincible Armada, Musiques de guerre, Banquet musical \u00e0 Venise, le Codex Medicis (1518), Musiques du Concile de Trente&nbsp;; des programmes centr\u00e9s sur un musicien \u2013 Thomas Tallis, William Byrd, Thomas Weelkes, Roland de Lassus, Henry Purcell, Claude Lejeune, Heinrich Sch\u00fctz et ses pr\u00e9d\u00e9cesseurs&nbsp;; ou sur un corpus litt\u00e9raire mis en musique \u2013 Musiques de sc\u00e8ne de Shakespeare, Boccace, Pierre de Ronsard mis en musique par ses contemporains.&nbsp;<\/p>\n\n\n\n<p><strong>&nbsp;&nbsp;&nbsp;&nbsp;Les Sorbonne Scholars&nbsp;<\/strong>se produisent r\u00e9guli\u00e8rement en concert en Sorbonne, dans des colloques universitaires et des festivals, \u00e0 Paris, en province, ainsi qu\u2019\u00e0 l\u2019\u00e9tranger, et participe \u00e0 des animations (Marignan 2015) et \u00e0 des enregistrements (Ronsard, L\u00e9onard de Vinci).&nbsp;<\/p>\n","protected":false},"excerpt":{"rendered":"<p>&nbsp;&nbsp;&nbsp;&nbsp;Constitu\u00e9s en association depuis 1998,&nbsp;les Sorbonne Scholars&nbsp;forment un ensemble universitaire sp\u00e9cialis\u00e9 dans le r\u00e9pertoire de la musique de la Renaissance europ\u00e9enne et du premier baroque.&nbsp; &nbsp;&nbsp;&nbsp;&nbsp;Cette aventure musicale et humaine a eu pour origine la passion partag\u00e9e de la musique \u00e9lisab\u00e9thaine, domaine de recherche du pr\u00e9sident fondateur Pierre Iselin, professeur \u00e9m\u00e9rite de Sorbonne Universit\u00e9. L\u2019ensemble [&hellip;]<\/p>\n","protected":false},"author":4,"featured_media":460,"parent":0,"menu_order":0,"comment_status":"closed","ping_status":"closed","template":"","meta":{"footnotes":""},"class_list":["post-87","page","type-page","status-publish","has-post-thumbnail","hentry"],"_links":{"self":[{"href":"https:\/\/sorbonnescholars.sorbonne-universite.fr\/index.php?rest_route=\/wp\/v2\/pages\/87","targetHints":{"allow":["GET"]}}],"collection":[{"href":"https:\/\/sorbonnescholars.sorbonne-universite.fr\/index.php?rest_route=\/wp\/v2\/pages"}],"about":[{"href":"https:\/\/sorbonnescholars.sorbonne-universite.fr\/index.php?rest_route=\/wp\/v2\/types\/page"}],"author":[{"embeddable":true,"href":"https:\/\/sorbonnescholars.sorbonne-universite.fr\/index.php?rest_route=\/wp\/v2\/users\/4"}],"replies":[{"embeddable":true,"href":"https:\/\/sorbonnescholars.sorbonne-universite.fr\/index.php?rest_route=%2Fwp%2Fv2%2Fcomments&post=87"}],"version-history":[{"count":0,"href":"https:\/\/sorbonnescholars.sorbonne-universite.fr\/index.php?rest_route=\/wp\/v2\/pages\/87\/revisions"}],"wp:featuredmedia":[{"embeddable":true,"href":"https:\/\/sorbonnescholars.sorbonne-universite.fr\/index.php?rest_route=\/wp\/v2\/media\/460"}],"wp:attachment":[{"href":"https:\/\/sorbonnescholars.sorbonne-universite.fr\/index.php?rest_route=%2Fwp%2Fv2%2Fmedia&parent=87"}],"curies":[{"name":"wp","href":"https:\/\/api.w.org\/{rel}","templated":true}]}}