{"id":93,"date":"2012-05-09T13:56:21","date_gmt":"2012-05-09T13:56:21","guid":{"rendered":"http:\/\/www.culture-sorbonne.fr\/scholars\/?page_id=93"},"modified":"2026-01-12T09:55:55","modified_gmt":"2026-01-12T09:55:55","slug":"les-membres","status":"publish","type":"page","link":"https:\/\/sorbonnescholars.sorbonne-universite.fr\/?page_id=93","title":{"rendered":"A"},"content":{"rendered":"<p><strong><u>Les Sorbonne Scholars \u2013 ann\u00e9e 2024-2025<\/u><\/strong><\/p>\n<p>Fr\u00e9d\u00e9ric ADVENIER (basse), m\u00e9decin psychiatre<\/p>\n<p>Julien BAILLY (basson), musicien<\/p>\n<p>Nicolas BARRERE (t\u00e9nor), Ma\u00eetre de conf\u00e9rences<\/p>\n<p>Neela BATANOU-ZOLA (alto), \u00e9tudiante<\/p>\n<p>Philippe BIENSTOCK (basse), chef d\u2019entreprise<\/p>\n<p>Baptiste BOULINGUEZ-AMBROISE (t\u00e9nor), biblioth\u00e9caire<\/p>\n<p>Pascal BRIOIST (basse; Vice-pr\u00e9sident des Scholars), Professeur d\u2019histoire, Universit\u00e9 de Tours<\/p>\n<p>Vera BRISPOT (soprano), \u00e9tudiante<\/p>\n<p>Alexandre CAI (t\u00e9nor), \u00e9tudiant<\/p>\n<p>Martina CARUSO (alto), \u00e9tudiante<\/p>\n<p>Fran\u00e7ois CHABERT (basse, fl\u00fbte), ing\u00e9nieur<\/p>\n<p>Didier CHUINE (t\u00e9nor), administrateur en informatique<\/p>\n<p>Bruno COURTIN (cornet \u00e0 bouquin, fl\u00fbte), musicien, ing\u00e9nieur du son<\/p>\n<p>Tana DARNAL (soprano), \u00e9tudiante<\/p>\n<p>Enrico DAVIDDI (t\u00e9nor)<\/p>\n<p>Achille DAVY (t\u00e9nor), Directeur de recherche CNRS<\/p>\n<p>C\u00e9line DELACOUR (viole), enseignante<\/p>\n<p>Anne-Carole DEN\u00c8S (viole), musicienne, enseignante de chant<\/p>\n<p>Yves DEN\u00c8S (viole), radiologue<\/p>\n<p>S\u00e9bastien DIHARCABAL (serpent), responsable qualit\u00e9-s\u00e9curit\u00e9-environnement SNCF<\/p>\n<p>Laurent GARRIGUE (baryton), g\u00e9rant de portefeuilles<\/p>\n<p>Gilles GRIMALDI (baryton)<\/p>\n<p>El\u00e9nore GUILLOTEAU (sacqueboute, alto), \u00e9tudiante<\/p>\n<p>Jean-Emmanuel HANNE (t\u00e9nor)<\/p>\n<p>Louise HELLIES (alto), \u00e9tudiante<\/p>\n<p>Pierre ISELIN (basse, viole, chal\u00e9mi, sacqueboute; Pr\u00e9sident et directeur musical des Scholars), \u00a0 \u00a0Professeur \u00e9m\u00e9rite d\u2019anglais \u00e0 Sorbonne Universit\u00e9<\/p>\n<p>Marine LACOSTE (basson, fl\u00fbte; Secr\u00e9taire des Scholars), ing\u00e9nieur<\/p>\n<p>Dominique LANGLOIS (baryton), cadre fonction publique<\/p>\n<p>David LEWIS (claviers)<\/p>\n<p>Jean LOUCHET (basse, clavecin, orgue), ing\u00e9nieur et enseignant<\/p>\n<p>Denis MESTIVIER (sacqueboute), Professeur d\u2019universit\u00e9, Facult\u00e9 de m\u00e9decine \/ Universit\u00e9 Paris-Est<\/p>\n<p>Sarah MILAMON (soprano), \u00e9tudiante<\/p>\n<p>Andrea MONETI (basse), ing\u00e9nieur de recherche en astrophysique, CNRS<\/p>\n<p>Val\u00e9rie OELHOFFEN (alto)<\/p>\n<p>Camille OSHIMA (alto), \u00e9tudiante<\/p>\n<p>Marc PAVEAU (hautbois, cornet \u00e0 bouquin, fl\u00fbte), musicien, enseignant de musique ancienne<\/p>\n<p>Sylvie PERROT (alto)<\/p>\n<p>Nathalie RENOUVIN (soprano, fl\u00fbte, corenmuse), enseignante de philosophie<\/p>\n<p>Diane ROUSSIGNOL (viole), enseignante<\/p>\n<p>Claire RYDER-BOUVIER (basson), luthier<\/p>\n<p>Sheryl SAVINA (alto, Tr\u00e9sori\u00e8re des Scholars), Ma\u00eetre de conf\u00e9rences honoraire en anglais, Sorbonne Universit\u00e9<\/p>\n<p>Judith SOUSSAN (alto), charg\u00e9e de recherches M\u00e9decins sans Fronti\u00e8res<\/p>\n<p>Anna STANISCHEWSKY (alto), \u00e9tudiante<\/p>\n<p>G\u00e9raldine TAILLARD (alto), cadre fonction publique<\/p>\n<p>Annie TRICHET (alto)<\/p>\n<p>Kaori YOKOYAMA (basson), musicienne<\/p>\n<p>Ruyto YOKOYAMA (t\u00e9nor)<\/p>\n<p>V\u00e9ronique VERDIER (sacqueboute)<\/p>\n<p>&nbsp;<\/p>\n","protected":false},"excerpt":{"rendered":"<p>Les Sorbonne Scholars \u2013 ann\u00e9e 2024-2025 Fr\u00e9d\u00e9ric ADVENIER (basse), m\u00e9decin psychiatre Julien BAILLY (basson), musicien Nicolas BARRERE (t\u00e9nor), Ma\u00eetre de conf\u00e9rences Neela BATANOU-ZOLA (alto), \u00e9tudiante Philippe BIENSTOCK (basse), chef d\u2019entreprise Baptiste BOULINGUEZ-AMBROISE (t\u00e9nor), biblioth\u00e9caire Pascal BRIOIST (basse; Vice-pr\u00e9sident des Scholars), Professeur d\u2019histoire, Universit\u00e9 de Tours Vera BRISPOT (soprano), \u00e9tudiante Alexandre CAI (t\u00e9nor), \u00e9tudiant Martina CARUSO [&hellip;]<\/p>\n","protected":false},"author":4,"featured_media":0,"parent":87,"menu_order":0,"comment_status":"closed","ping_status":"closed","template":"","meta":{"footnotes":""},"class_list":["post-93","page","type-page","status-publish","hentry"],"_links":{"self":[{"href":"https:\/\/sorbonnescholars.sorbonne-universite.fr\/index.php?rest_route=\/wp\/v2\/pages\/93","targetHints":{"allow":["GET"]}}],"collection":[{"href":"https:\/\/sorbonnescholars.sorbonne-universite.fr\/index.php?rest_route=\/wp\/v2\/pages"}],"about":[{"href":"https:\/\/sorbonnescholars.sorbonne-universite.fr\/index.php?rest_route=\/wp\/v2\/types\/page"}],"author":[{"embeddable":true,"href":"https:\/\/sorbonnescholars.sorbonne-universite.fr\/index.php?rest_route=\/wp\/v2\/users\/4"}],"replies":[{"embeddable":true,"href":"https:\/\/sorbonnescholars.sorbonne-universite.fr\/index.php?rest_route=%2Fwp%2Fv2%2Fcomments&post=93"}],"version-history":[{"count":17,"href":"https:\/\/sorbonnescholars.sorbonne-universite.fr\/index.php?rest_route=\/wp\/v2\/pages\/93\/revisions"}],"predecessor-version":[{"id":2552,"href":"https:\/\/sorbonnescholars.sorbonne-universite.fr\/index.php?rest_route=\/wp\/v2\/pages\/93\/revisions\/2552"}],"up":[{"embeddable":true,"href":"https:\/\/sorbonnescholars.sorbonne-universite.fr\/index.php?rest_route=\/wp\/v2\/pages\/87"}],"wp:attachment":[{"href":"https:\/\/sorbonnescholars.sorbonne-universite.fr\/index.php?rest_route=%2Fwp%2Fv2%2Fmedia&parent=93"}],"curies":[{"name":"wp","href":"https:\/\/api.w.org\/{rel}","templated":true}]}}