{"id":989,"date":"2018-03-20T10:02:51","date_gmt":"2018-03-20T10:02:51","guid":{"rendered":"http:\/\/www.culture-sorbonne.fr\/scholars\/?page_id=989"},"modified":"2025-07-04T08:32:37","modified_gmt":"2025-07-04T08:32:37","slug":"concerts-2017-2018","status":"publish","type":"page","link":"https:\/\/sorbonnescholars.sorbonne-universite.fr\/?page_id=989","title":{"rendered":"Concerts 2017-2018"},"content":{"rendered":"<p style=\"text-align: center\">Quelques dates de la saison 2017-2018<\/p>\n<hr \/>\n<p style=\"text-align: center\"><strong>Polyphonies sacr\u00e9es de 5 \u00e0 40 voix : \u0152uvres de Palestrina, Striggio, Tallis\u2026<\/strong><br \/>\npar les Sorbonne Scholars et leurs invit\u00e9s<br \/>\n<span style=\"text-decoration: underline\">vendredi 8 d\u00e9cembre 2017<\/span> \u00e0 20h30 \u00e0 l\u2019\u00c9glise St-\u00c9tienne-du-Mont, Paris 5e<br \/>\nConcert pr\u00e9sent\u00e9 par le Lions Club Paris Concorde au profit du T\u00e9l\u00e9thon et de l\u2019\u00c9cole des chiens guide de Paris<\/p>\n<hr \/>\n<p style=\"text-align: center\"><strong>\u00ab Estote fortes in bello \u00bb : Musique espagnole du si\u00e8cle d\u2019or<\/strong><br \/>\n<span style=\"text-decoration: underline\">vendredi 9 f\u00e9vrier 2018<\/span> \u00e0 20 heures au Temple de Passy-Annonciation, Paris 16e<br \/>\nConcert pr\u00e9sent\u00e9 par Musacor<br \/>\n<span style=\"text-decoration: underline\">mardi 20 f\u00e9vrier 2018<\/span> \u00e0 20h30 \u00e0 l\u2019Amphith\u00e9\u00e2tre Richelieu en Sorbonne, Paris 5e<\/p>\n<hr \/>\n<p style=\"text-align: center\"><strong>\u00ab Nature ornant\u2026 \u00bb : Fleurissement et \u00e9vocation de la nature dans la musique de la Renaissance<\/strong><br \/>\nR\u00e9cital d\u2019Anne Delafosse, soprano, avec l\u2019ensemble instrumental des Sorbonne Scholars<br \/>\n<span style=\"text-decoration: underline\">mercredi 14 f\u00e9vrier 2018<\/span> \u00e0 21 heures \u00e0 l\u2019Amphith\u00e9\u00e2tre Rateau, ENS, 45 rue d\u2019Ulm, Paris 5e<\/p>\n<hr \/>\n<p style=\"text-align: center\"><strong>Les 500 ans du Codex Medicis<\/strong><br \/>\n<span style=\"text-decoration: underline\">samedi 14 avril 2018<\/span> \u00e0 11 heures au Palazzo Vecchio \u00e0 Florence, Italie<br \/>\nA l\u2019invitation de la Municipalit\u00e9 de Florence et du Corteo Storico<br \/>\n<span style=\"text-decoration: underline\">samedi 5 mai 2018<\/span> \u00e0 15 heures \u00e0 l\u2019\u00c9glise St-\u00c9tienne de Romorantin-Lanthenay (41200)<br \/>\nA l\u2019occasion de l\u2019inauguration de l\u2019\u00e9glise de Romorantin r\u00e9nov\u00e9e<br \/>\n<span style=\"text-decoration: underline\">mardi 15 mai 2018<\/span> \u00e0 20h30 \u00e0 l\u2019Amphith\u00e9\u00e2tre Richelieu en Sorbonne, Paris 5e<br \/>\n<span style=\"text-decoration: underline\">samedi 16 juin 2018<\/span> au Ch\u00e2teau d\u2019Amboise, Amboise (37400)<\/p>\n<hr \/>\n<p style=\"text-align: center\"><strong>Une f\u00eate musicale de la Renaissance<\/strong><br \/>\n<span style=\"text-decoration: underline\">samedi 14 avril 2018<\/span> \u00e0 18 heures \u00e0 la Villa Finaly, Florence, Italie<\/p>\n<hr \/>\n<p style=\"text-align: center\"><strong>Concert priv\u00e9 pour les enfants malades<\/strong><br \/>\n<span style=\"text-decoration: underline\">mardi 19 juin 2018<\/span> \u00e0 20 heures, H\u00f4pital Necker, 149 rue de S\u00e8vres, Paris 7e<\/p>\n<hr \/>\n<p style=\"text-align: center\"><strong>\u00ab Best of The Sorbonne Scholars \u00bb : Concert \u00e0 l\u2019occasion des 20 ans des Sorbonne Scholars<\/strong><br \/>\n<span style=\"text-decoration: underline\">jeudi 21 juin 2018<\/span> \u00e0 19 heures \u00e0 l\u2019Amphith\u00e9\u00e2tre Richelieu en Sorbonne<\/p>\n<hr \/>\n<p style=\"text-align: center\"><strong>\u00ab Ave, rosa sine spinis \u00bb : Musique de la renaissance franco-flamande et anglaise<\/strong><\/p>\n<p style=\"text-align: center\"><span style=\"text-decoration: underline\">vendredi 20 juillet<\/span> \u00e0 20 heures, \u00e0 l\u2019\u00e9glise Saint-Saturnin, Chaillac-sur-Vienne (87200)<br \/>\n<span style=\"text-decoration: underline\">samedi 21 juillet<\/span> \u00e0 18 heures, \u00e0 l\u2019\u00e9glise Saint-Etienne de Romorantin-Lanthenay (41200)<\/p>\n<hr \/>\n","protected":false},"excerpt":{"rendered":"<p>Quelques dates de la saison 2017-2018 Polyphonies sacr\u00e9es de 5 \u00e0 40 voix : \u0152uvres de Palestrina, Striggio, Tallis\u2026 par les Sorbonne Scholars et leurs invit\u00e9s vendredi 8 d\u00e9cembre 2017 \u00e0 20h30 \u00e0 l\u2019\u00c9glise St-\u00c9tienne-du-Mont, Paris 5e Concert pr\u00e9sent\u00e9 par le Lions Club Paris Concorde au profit du T\u00e9l\u00e9thon et de l\u2019\u00c9cole des chiens guide [&hellip;]<\/p>\n","protected":false},"author":3,"featured_media":0,"parent":14,"menu_order":11,"comment_status":"closed","ping_status":"closed","template":"","meta":{"footnotes":""},"class_list":["post-989","page","type-page","status-publish","hentry"],"_links":{"self":[{"href":"https:\/\/sorbonnescholars.sorbonne-universite.fr\/index.php?rest_route=\/wp\/v2\/pages\/989","targetHints":{"allow":["GET"]}}],"collection":[{"href":"https:\/\/sorbonnescholars.sorbonne-universite.fr\/index.php?rest_route=\/wp\/v2\/pages"}],"about":[{"href":"https:\/\/sorbonnescholars.sorbonne-universite.fr\/index.php?rest_route=\/wp\/v2\/types\/page"}],"author":[{"embeddable":true,"href":"https:\/\/sorbonnescholars.sorbonne-universite.fr\/index.php?rest_route=\/wp\/v2\/users\/3"}],"replies":[{"embeddable":true,"href":"https:\/\/sorbonnescholars.sorbonne-universite.fr\/index.php?rest_route=%2Fwp%2Fv2%2Fcomments&post=989"}],"version-history":[{"count":1,"href":"https:\/\/sorbonnescholars.sorbonne-universite.fr\/index.php?rest_route=\/wp\/v2\/pages\/989\/revisions"}],"predecessor-version":[{"id":2377,"href":"https:\/\/sorbonnescholars.sorbonne-universite.fr\/index.php?rest_route=\/wp\/v2\/pages\/989\/revisions\/2377"}],"up":[{"embeddable":true,"href":"https:\/\/sorbonnescholars.sorbonne-universite.fr\/index.php?rest_route=\/wp\/v2\/pages\/14"}],"wp:attachment":[{"href":"https:\/\/sorbonnescholars.sorbonne-universite.fr\/index.php?rest_route=%2Fwp%2Fv2%2Fmedia&parent=989"}],"curies":[{"name":"wp","href":"https:\/\/api.w.org\/{rel}","templated":true}]}}